{"id":12,"date":"2023-03-23T13:03:49","date_gmt":"2023-03-23T12:03:49","guid":{"rendered":"https:\/\/www.diocesidinuoro.it\/missionario\/?page_id=12"},"modified":"2023-03-23T13:05:35","modified_gmt":"2023-03-23T12:05:35","slug":"home","status":"publish","type":"page","link":"https:\/\/www.diocesidinuoro.it\/missionario\/","title":{"rendered":"Home"},"content":{"rendered":"<div id=\"pl-12\"  class=\"panel-layout\" ><div id=\"pg-12-0\"  class=\"panel-grid panel-has-style\" ><div class=\"row grid-x panel-row-style panel-row-style-for-12-0\" ><div id=\"pgc-12-0-0\"  class=\"panel-grid-cell cell columns small-12 medium-8\" ><div id=\"panel-12-0-0-0\" class=\"so-panel widget widget_seed-so-widget-all-in-one-lite panel-first-child\" data-index=\"0\" ><div style=\";background-repeat:repeat;\" id=\"in_evidenza_hp\" class=\"panel-widget-style panel-widget-style-for-12-0-0-0\" ><div\n\t\t\t\n\t\t\tclass=\"so-widget-seed-so-widget-all-in-one-lite so-widget-seed-so-widget-all-in-one-lite-default-d75171398898-12\"\n\t\t\t\n\t\t><h3 class=\"widget-title\">in evidenza<\/h3>\n<div class=\"box single-item\" id=\"slideuno\">                             \n<div class=\"slick-slide\">\n<div class=\"miniatura\" style=\"background:url(https:\/\/www.diocesidinuoro.it\/missionario\/wp-content\/uploads\/sites\/14\/2024\/03\/e6ef39fb-db52-416c-a1cd-a3471e51aee8.jpg) no-repeat\">\n<h2><a href=\"https:\/\/www.diocesidinuoro.it\/missionario\/2024\/03\/17\/giornata-dei-missionari-martiri-2024\/\">Giornata dei Missionari Martiri 2024<\/a><\/h2>\n<h5>La Diocesi di Nuoro pregher\u00e0 a Gavoi il 21 marzo<\/h5>\n<\/div>\n<\/div>\n                                                       \n<div class=\"slick-slide\">\n<div class=\"miniatura\" style=\"background:url(https:\/\/www.diocesidinuoro.it\/missionario\/wp-content\/uploads\/sites\/14\/2024\/01\/special-statements-hands-1038x688-1-1024x679.jpg) no-repeat\">\n<h2><a href=\"https:\/\/www.diocesidinuoro.it\/missionario\/2024\/01\/12\/quaresima-di-fraternita-2024\/\">Quaresima di fraternit\u00e0 2024<\/a><\/h2>\n<h5>La proposta dell'Ufficio per un \u00abgemellaggio missionario\u00bb<\/h5>\n<\/div>\n<\/div>\n                                                       \n<div class=\"slick-slide\">\n<div class=\"miniatura\" style=\"background:url(https:\/\/www.diocesidinuoro.it\/missionario\/wp-content\/uploads\/sites\/14\/2023\/03\/Lighthouse.jpg) no-repeat\">\n<h2><a href=\"https:\/\/www.diocesidinuoro.it\/missionario\/2023\/03\/23\/quid-igitur-est\/\">Quid igitur est?<\/a><\/h2>\n<h5><\/h5>\n<\/div>\n<\/div>\n                                                       \n<div class=\"slick-slide\">\n<div class=\"miniatura\" style=\"background:url(https:\/\/www.diocesidinuoro.it\/missionario\/wp-content\/uploads\/sites\/14\/2023\/03\/Tulips.jpg) no-repeat\">\n<h2><a href=\"https:\/\/www.diocesidinuoro.it\/missionario\/2023\/03\/23\/contra-quos-omnis-dicendum-breviter\/\">Contra quos omnis dicendum breviter<\/a><\/h2>\n<h5><\/h5>\n<\/div>\n<\/div>\n                           <\/div>\n<script>\n                                               jQuery(window).on('load', function () {\n                                               \/\/jQuery(\"document\").ready(function(){\n                                               jQuery('#slideuno').slick({\n                                                               autoplay:true,\n                                                               slidesToShow: 1,\n                                                               slidesToScroll: 1,\n                                                               dots: true,\n                                                               infinite: true\n                                               });\n                                               });\n                                               <\/script><\/div><\/div><\/div><div id=\"panel-12-0-0-1\" class=\"so-panel widget widget_seed-so-widget-all-in-one-lite panel-last-child\" data-index=\"1\" ><div style=\";background-repeat:repeat;\" id=\"news_hp\" class=\"panel-widget-style panel-widget-style-for-12-0-0-1\" ><div\n\t\t\t\n\t\t\tclass=\"so-widget-seed-so-widget-all-in-one-lite so-widget-seed-so-widget-all-in-one-lite-default-d75171398898-36\"\n\t\t\t\n\t\t><div>                             <div class=\"single_news\">\n<div class=\"miniatura\"><a href=\"https:\/\/www.diocesidinuoro.it\/missionario\/2024\/03\/17\/giornata-dei-missionari-martiri-2024\/\"><img decoding=\"async\" src=\"https:\/\/www.diocesidinuoro.it\/missionario\/wp-content\/uploads\/sites\/14\/2024\/03\/e6ef39fb-db52-416c-a1cd-a3471e51aee8.jpg\" \/><\/a><\/div>\n<div class=\"cat_pp\">\n<a href=\"https:\/\/www.diocesidinuoro.it\/missionario\/category\/senza-categoria\/\">Senza categoria<\/a><\/div>\n<h2><a href=\"https:\/\/www.diocesidinuoro.it\/missionario\/2024\/03\/17\/giornata-dei-missionari-martiri-2024\/\">Giornata dei Missionari Martiri 2024<\/a><\/h2>\n<h5>La Diocesi di Nuoro pregher\u00e0 a Gavoi il 21 marzo<\/h5>\n<div class=\"testo_preview\">Il 24 marzo 2024 segna la trentaduesima Giornata dei Missionari Martiri. Questo giorno, scelto in coincidenza con l\u2019uccisione nel 1980 di Sant\u2019Oscar Romero, arcivescovo di San Salvador, \u00e8 un\u2019occasione per riflettere sul significato dell\u2019eredit\u00e0 che ha lasciato e per onorare quanti, come lui, hanno sacrificato la propria vita nel servizio. <a href=\"https:\/\/www.diocesidinuoro.it\/missionario\/2024\/03\/17\/giornata-dei-missionari-martiri-2024\/\" class=\"read-more\">><\/a><\/div>\n<\/div>\n                                                       <div class=\"single_news\">\n<div class=\"miniatura\"><a href=\"https:\/\/www.diocesidinuoro.it\/missionario\/2024\/01\/12\/quaresima-di-fraternita-2024\/\"><img decoding=\"async\" src=\"https:\/\/www.diocesidinuoro.it\/missionario\/wp-content\/uploads\/sites\/14\/2024\/01\/special-statements-hands-1038x688-1-1024x679.jpg\" \/><\/a><\/div>\n<div class=\"cat_pp\">\n<a href=\"https:\/\/www.diocesidinuoro.it\/missionario\/category\/senza-categoria\/\">Senza categoria<\/a><\/div>\n<h2><a href=\"https:\/\/www.diocesidinuoro.it\/missionario\/2024\/01\/12\/quaresima-di-fraternita-2024\/\">Quaresima di fraternit\u00e0 2024<\/a><\/h2>\n<h5>La proposta dell'Ufficio per un \u00abgemellaggio missionario\u00bb<\/h5>\n<div class=\"testo_preview\">Per alimentare lo spirito missionario nella nostra Chiesa locale, l&#8217;Ufficio diocesano per la Cooperazione missionaria suggerisce la seguente iniziativa per la Quaresima 2024. La proposta \u00e8 rivolta a tutte le comunit\u00e0 parrocchiali della Diocesi ed \u00e8 quella di promuovere la cattolicit\u00e0 e la mondialit\u00e0 della Chiesa attraverso la conoscenza di&hellip; <a href=\"https:\/\/www.diocesidinuoro.it\/missionario\/2024\/01\/12\/quaresima-di-fraternita-2024\/\" class=\"read-more\">><\/a><\/div>\n<\/div>\n                                                       <div class=\"single_news\">\n<div class=\"miniatura\"><a href=\"https:\/\/www.diocesidinuoro.it\/missionario\/2023\/03\/23\/quid-igitur-est\/\"><img decoding=\"async\" src=\"https:\/\/www.diocesidinuoro.it\/missionario\/wp-content\/uploads\/sites\/14\/2023\/03\/Lighthouse.jpg\" \/><\/a><\/div>\n<div class=\"cat_pp\">\n<a href=\"https:\/\/www.diocesidinuoro.it\/missionario\/category\/senza-categoria\/\">Senza categoria<\/a><\/div>\n<h2><a href=\"https:\/\/www.diocesidinuoro.it\/missionario\/2023\/03\/23\/quid-igitur-est\/\">Quid igitur est?<\/a><\/h2>\n<h5><\/h5>\n<div class=\"testo_preview\">Quid igitur est? inquit; audire enim cupio, quid non probes. Principio, inquam, in physicis, quibus maxime gloriatur, primum totus est alienus. Democritea dicit perpauca mutans, sed ita, ut ea, quae corrigere vult, mihi quidem depravare videatur. ille atomos quas appellat, id est corpora individua propter soliditatem, censet in infinito inani,&hellip; <a href=\"https:\/\/www.diocesidinuoro.it\/missionario\/2023\/03\/23\/quid-igitur-est\/\" class=\"read-more\">><\/a><\/div>\n<\/div>\n                                                       <div class=\"single_news\">\n<div class=\"miniatura\"><a href=\"https:\/\/www.diocesidinuoro.it\/missionario\/2023\/03\/23\/ciao-mondo\/\"><img decoding=\"async\" src=\"\" \/><\/a><\/div>\n<div class=\"cat_pp\">\n<a href=\"https:\/\/www.diocesidinuoro.it\/missionario\/category\/senza-categoria\/\">Senza categoria<\/a><\/div>\n<h2><a href=\"https:\/\/www.diocesidinuoro.it\/missionario\/2023\/03\/23\/ciao-mondo\/\">Ciao mondo!<\/a><\/h2>\n<h5><\/h5>\n<div class=\"testo_preview\">Benvenuto in Diocesi di Nuoro &#8211; sites. Questo \u00e8 il tuo primo articolo. Modificalo o eliminalo, e inizia a creare il tuo blog!&hellip; <a href=\"https:\/\/www.diocesidinuoro.it\/missionario\/2023\/03\/23\/ciao-mondo\/\" class=\"read-more\">><\/a><\/div>\n<\/div>\n                           <div class=\"archivionews\"><a href=\"\/category\/aggiornamenti\/\"> Tutte le notizie<\/a><\/div>\n<\/div><\/div><\/div><\/div><\/div><div id=\"pgc-12-0-1\"  class=\"panel-grid-cell cell columns small-12 medium-4\" ><div id=\"dx_home\" class=\"panel-cell-style panel-cell-style-for-12-0-1\" ><div id=\"panel-12-0-1-0\" class=\"so-panel widget widget_sow-editor panel-first-child\" data-index=\"2\" ><div style=\";background-repeat:repeat;\" class=\"panel-widget-style panel-widget-style-for-12-0-1-0\" ><div\n\t\t\t\n\t\t\tclass=\"so-widget-sow-editor so-widget-sow-editor-base\"\n\t\t\t\n\t\t><h3 class=\"widget-title\">CONTATTI<\/h3>\n<div class=\"siteorigin-widget-tinymce textwidget\">\n\t<p>ufficio:<\/p>\n<\/div>\n<\/div><\/div><\/div><div id=\"panel-12-0-1-1\" class=\"so-panel widget widget_sow-image\" data-index=\"3\" ><div style=\";background-repeat:repeat;\" class=\"panel-widget-style panel-widget-style-for-12-0-1-1\" ><div\n\t\t\t\n\t\t\tclass=\"so-widget-sow-image so-widget-sow-image-default-8b5b6f678277-1\"\n\t\t\t\n\t\t>\n\n<div class=\"sow-image-container\">\n\t\t\t<a href=\"https:\/\/www.diocesidinuoro.it\/\"\n\t\t\t\t\t>\n\t\t\t<img loading=\"lazy\" decoding=\"async\" src=\"https:\/\/www.diocesidinuoro.it\/missionario\/wp-content\/uploads\/sites\/14\/2023\/03\/banner_nuoro_princ.jpg\" width=\"755\" height=\"302\" srcset=\"https:\/\/www.diocesidinuoro.it\/missionario\/wp-content\/uploads\/sites\/14\/2023\/03\/banner_nuoro_princ.jpg 755w, https:\/\/www.diocesidinuoro.it\/missionario\/wp-content\/uploads\/sites\/14\/2023\/03\/banner_nuoro_princ-300x120.jpg 300w, https:\/\/www.diocesidinuoro.it\/missionario\/wp-content\/uploads\/sites\/14\/2023\/03\/banner_nuoro_princ-600x240.jpg 600w\" sizes=\"(max-width: 755px) 100vw, 755px\" title=\"Diocesi di Nuoro\" alt=\"Diocesi di Nuoro\" \t\tclass=\"so-widget-image\"\/>\n\t<\/a><\/div>\n\n<\/div><\/div><\/div><div id=\"panel-12-0-1-2\" class=\"so-panel widget widget_sow-image\" data-index=\"4\" ><div style=\";background-repeat:repeat;\" class=\"panel-widget-style panel-widget-style-for-12-0-1-2\" ><div\n\t\t\t\n\t\t\tclass=\"so-widget-sow-image so-widget-sow-image-default-113ccd71f3e6-1\"\n\t\t\t\n\t\t>\n<h3 class=\"widget-title\">Orari Messe<\/h3>\n<div class=\"sow-image-container\">\n\t\t<img loading=\"lazy\" decoding=\"async\" src=\"https:\/\/www.diocesidinuoro.it\/missionario\/wp-content\/uploads\/sites\/14\/2023\/03\/orari_messe.jpg\" width=\"379\" height=\"306\" srcset=\"https:\/\/www.diocesidinuoro.it\/missionario\/wp-content\/uploads\/sites\/14\/2023\/03\/orari_messe.jpg 379w, https:\/\/www.diocesidinuoro.it\/missionario\/wp-content\/uploads\/sites\/14\/2023\/03\/orari_messe-300x242.jpg 300w\" sizes=\"(max-width: 379px) 100vw, 379px\" title=\"Orari Messe\" alt=\"Orari Messe\" \t\tclass=\"so-widget-image\"\/>\n\t<\/div>\n\n<\/div><\/div><\/div><div id=\"panel-12-0-1-3\" class=\"so-panel widget widget_sow-image\" data-index=\"5\" ><div style=\";background-repeat:repeat;\" class=\"panel-widget-style panel-widget-style-for-12-0-1-3\" ><div\n\t\t\t\n\t\t\tclass=\"so-widget-sow-image so-widget-sow-image-default-c67d20f9f743-1\"\n\t\t\t\n\t\t>\n\n<div class=\"sow-image-container\">\n\t\t<img loading=\"lazy\" decoding=\"async\" src=\"https:\/\/www.diocesidinuoro.it\/missionario\/wp-content\/uploads\/sites\/14\/2023\/03\/agenda_appuntamenti.png\" width=\"380\" height=\"122\" srcset=\"https:\/\/www.diocesidinuoro.it\/missionario\/wp-content\/uploads\/sites\/14\/2023\/03\/agenda_appuntamenti.png 380w, https:\/\/www.diocesidinuoro.it\/missionario\/wp-content\/uploads\/sites\/14\/2023\/03\/agenda_appuntamenti-300x96.png 300w\" sizes=\"(max-width: 380px) 100vw, 380px\" title=\"Agenda\" alt=\"\" \t\tclass=\"so-widget-image\"\/>\n\t<\/div>\n\n<\/div><\/div><\/div><div id=\"panel-12-0-1-4\" class=\"so-panel widget widget_sow-image panel-last-child\" data-index=\"6\" ><div style=\";background-repeat:repeat;\" class=\"panel-widget-style panel-widget-style-for-12-0-1-4\" ><div\n\t\t\t\n\t\t\tclass=\"so-widget-sow-image so-widget-sow-image-default-c67d20f9f743-1\"\n\t\t\t\n\t\t>\n\n<div class=\"sow-image-container\">\n\t\t\t<a href=\"https:\/\/www.diocesidinuoro.it\/category\/ortobene\/\"\n\t\t\t\t\t>\n\t\t\t<img loading=\"lazy\" decoding=\"async\" src=\"https:\/\/www.diocesidinuoro.it\/missionario\/wp-content\/uploads\/sites\/14\/2023\/03\/ortobene_testata.jpg\" width=\"376\" height=\"86\" srcset=\"https:\/\/www.diocesidinuoro.it\/missionario\/wp-content\/uploads\/sites\/14\/2023\/03\/ortobene_testata.jpg 376w, https:\/\/www.diocesidinuoro.it\/missionario\/wp-content\/uploads\/sites\/14\/2023\/03\/ortobene_testata-300x69.jpg 300w\" sizes=\"(max-width: 376px) 100vw, 376px\" title=\"ortobene\" alt=\"\" \t\tclass=\"so-widget-image\"\/>\n\t<\/a><\/div>\n\n<\/div><\/div><\/div><\/div><\/div><\/div><\/div><div id=\"pg-12-1\"  class=\"panel-grid panel-has-style\" ><div class=\"row grid-x panel-row-style panel-row-style-for-12-1\" ><div id=\"pgc-12-1-0\"  class=\"panel-grid-cell cell columns small-12 medium-12\" ><div id=\"panel-12-1-0-0\" class=\"so-panel widget widget_sow-anything-carousel panel-first-child panel-last-child\" data-index=\"7\" ><div style=\";background-repeat:repeat;\" class=\"panel-widget-style panel-widget-style-for-12-1-0-0\" ><div\n\t\t\t\n\t\t\tclass=\"so-widget-sow-anything-carousel so-widget-sow-anything-carousel-base-aa7321b71c80-1\"\n\t\t\t\n\t\t><div class=\"sow-carousel-title\">\n\t<\/div>\n\n<div class=\"sow-carousel-container \">\n\t\t\t<div class=\"sow-carousel-navigation sow-carousel-navigation-prev \">\n\t\t\t\t\t\t<a href=\"#\" class=\"sow-carousel-previous\" title=\"Previous\" aria-label=\"Previous Posts\" role=\"button\"><\/a>\n\t\t\t\t\t<\/div>\n\t\t<div class=\"sow-carousel-wrapper\"\n\t\tdata-dir=\"ltr\"\n\t\tstyle=\"opacity: 0;\"\n\t\tdata-widget=\"anything\" data-item_count=\"6\" data-loop=\"\" data-carousel_settings=\"{&quot;loop&quot;:true,&quot;dots&quot;:false,&quot;animation&quot;:&quot;ease&quot;,&quot;animation_speed&quot;:800,&quot;autoplay&quot;:false,&quot;pauseOnHover&quot;:false,&quot;autoplaySpeed&quot;:8000,&quot;item_overflow&quot;:false,&quot;adaptive_height&quot;:false}\" data-responsive=\"{&quot;desktop_slides_to_scroll&quot;:1,&quot;tablet_landscape_breakpoint&quot;:1366,&quot;tablet_landscape_slides_to_scroll&quot;:3,&quot;tablet_portrait_breakpoint&quot;:1025,&quot;tablet_portrait_slides_to_scroll&quot;:2,&quot;mobile_breakpoint&quot;:480,&quot;mobile_slides_to_scroll&quot;:1,&quot;desktop_slides_to_show&quot;:4,&quot;tablet_landscape_slides_to_show&quot;:3,&quot;tablet_portrait_slides_to_show&quot;:2,&quot;mobile_slides_to_show&quot;:1}\" \t>\n\t\t<div\n\t\t\tclass=\"sow-carousel-items\"\n\t\t\t\t\t>\n\t\t\t\t<div class=\"sow-carousel-item\" tabindex=\"-1\">\n\t\t\n\t\t<div class=\"sow-carousel-content\">\n\t\t\t<p><a href=\"https:\/\/www.vatican.va\/\" target=\"_blank\" rel=\"noopener\"><img loading=\"lazy\" decoding=\"async\" class=\"size-full wp-image-46 aligncenter\" src=\"https:\/\/www.diocesidinuoro.it\/wp-content\/uploads\/sites\/2\/2022\/03\/vaticanva.png\" alt=\"\" width=\"180\" height=\"103\" \/><\/a><\/p>\n\t\t<\/div>\n\t<\/div>\n\t\t<div class=\"sow-carousel-item\" tabindex=\"-1\">\n\t\t\n\t\t<div class=\"sow-carousel-content\">\n\t\t\t<p><a href=\"https:\/\/www.chiesacattolica.it\/\" target=\"_blank\" rel=\"noopener\"><img loading=\"lazy\" decoding=\"async\" class=\"wp-image-47 size-full aligncenter\" src=\"https:\/\/www.diocesidinuoro.it\/wp-content\/uploads\/sites\/2\/2022\/03\/ChiesaCattolica.png\" alt=\"\" width=\"182\" height=\"105\" \/><\/a><\/p>\n\t\t<\/div>\n\t<\/div>\n\t\t<div class=\"sow-carousel-item\" tabindex=\"-1\">\n\t\t\n\t\t<div class=\"sow-carousel-content\">\n\t\t\t<p><a href=\"https:\/\/www.vaticannews.va\/\" target=\"_blank\" rel=\"noopener\"><img loading=\"lazy\" decoding=\"async\" class=\"wp-image-48 size-full aligncenter\" src=\"https:\/\/www.diocesidinuoro.it\/wp-content\/uploads\/sites\/2\/2022\/03\/vaticannews.png\" alt=\"\" width=\"182\" height=\"105\" \/><\/a><\/p>\n\t\t<\/div>\n\t<\/div>\n\t\t<div class=\"sow-carousel-item\" tabindex=\"-1\">\n\t\t\n\t\t<div class=\"sow-carousel-content\">\n\t\t\t<p><a href=\"https:\/\/www.ceinews.it\/\" target=\"_blank\" rel=\"noopener\"><img loading=\"lazy\" decoding=\"async\" class=\"wp-image-49 size-full aligncenter\" src=\"https:\/\/www.diocesidinuoro.it\/wp-content\/uploads\/sites\/2\/2022\/03\/ceinews.png\" alt=\"\" width=\"182\" height=\"105\" \/><\/a><\/p>\n\t\t<\/div>\n\t<\/div>\n\t\t<div class=\"sow-carousel-item\" tabindex=\"-1\">\n\t\t\n\t\t<div class=\"sow-carousel-content\">\n\t\t\t<p><a href=\"http:\/\/www.sardegna.chiesacattolica.it\/\" target=\"_blank\" rel=\"noopener\"><img loading=\"lazy\" decoding=\"async\" class=\"wp-image-50 size-full aligncenter\" src=\"https:\/\/www.diocesidinuoro.it\/wp-content\/uploads\/sites\/2\/2022\/03\/ces.png\" alt=\"\" width=\"182\" height=\"105\" \/><\/a><\/p>\n\t\t<\/div>\n\t<\/div>\n\t\t<div class=\"sow-carousel-item\" tabindex=\"-1\">\n\t\t\n\t\t<div class=\"sow-carousel-content\">\n\t\t\t<p><a href=\"http:\/\/www.sardegna.chiesacattolica.it\/sardegna-verso-assisi-2021\/\" target=\"_blank\" rel=\"noopener\"><img loading=\"lazy\" decoding=\"async\" class=\"wp-image-51 size-full aligncenter\" src=\"https:\/\/www.diocesidinuoro.it\/wp-content\/uploads\/sites\/2\/2022\/03\/sardegnaversoassisi.png\" alt=\"\" width=\"182\" height=\"105\" \/><\/a><\/p>\n\t\t<\/div>\n\t<\/div>\n\t\t\t<\/div>\n\t\t\t<\/div>\n\n\t\t\t<div class=\"sow-carousel-navigation sow-carousel-navigation-next \">\n\t\t\t\t\t\t<a href=\"#\" class=\"sow-carousel-next\" title=\"Next\" aria-label=\"Next Posts\" role=\"button\"><\/a>\n\t\t\t\t\t<\/div>\n\t<\/div>\n<\/div><\/div><\/div><\/div><\/div><\/div><div id=\"pg-12-2\"  class=\"panel-grid panel-has-style\" ><div class=\"row grid-x panel-row-style panel-row-style-for-12-2\" id=\"widget_cei\" ><div id=\"pgc-12-2-0\"  class=\"panel-grid-cell cell columns small-12 medium-4\" ><div id=\"panel-12-2-0-0\" class=\"widget_text so-panel widget widget_custom_html panel-first-child panel-last-child\" data-index=\"8\" ><div style=\";background-repeat:repeat;\" class=\"widget_text panel-widget-style panel-widget-style-for-12-2-0-0\" ><div class=\"textwidget custom-html-widget\"><script src='https:\/\/widgets.chiesacattolica.it\/widget-almanacco-v2\/widget.php?mods=435361&font=8' async><\/script><\/div><\/div><\/div><\/div><div id=\"pgc-12-2-1\"  class=\"panel-grid-cell cell columns small-12 medium-4\" ><div id=\"panel-12-2-1-0\" class=\"widget_text so-panel widget widget_custom_html panel-first-child\" data-index=\"9\" ><div style=\";background-repeat:repeat;\" class=\"widget_text panel-widget-style panel-widget-style-for-12-2-1-0\" ><div class=\"textwidget custom-html-widget\"><div id=\"BEWEB-cathedral\" class=\"BEWEB-widget-container\"><\/div><script async src=\"https:\/\/www.beweb.chiesacattolica.it\/widgets\/cathedral\/latest\/BewebCathedral.js\" onload=\"BEWEB_WIDGETS.cathedral.run({&#x22;resources&#x22;:{&#x22;locale&#x22;:&#x22;it&#x22;,&#x22;cattedrale&#x22;:&#x22;Cattedrale&#x22;,&#x22;diocesidi&#x22;:&#x22;Diocesi di&#x22;},&#x22;params&#x22;:{&#x22;cod_diocesi&#x22;:&#x22;602&#x22;}});\"><\/script><\/div><\/div><\/div><div id=\"panel-12-2-1-1\" class=\"widget_text so-panel widget widget_custom_html panel-last-child\" data-index=\"10\" ><div style=\";background-repeat:repeat;\" class=\"widget_text panel-widget-style panel-widget-style-for-12-2-1-1\" ><div class=\"textwidget custom-html-widget\"><div id=\"BEWEB-searchChronology\" class=\"BEWEB-widget-container\"><\/div><script async src=\"https:\/\/www.beweb.chiesacattolica.it\/widgets\/searchChronology\/latest\/BewebSearchChronology.js\" onload=\"BEWEB_WIDGETS.searchChronology.run({&#x22;resources&#x22;:{&#x22;locale&#x22;:&#x22;it&#x22;,&#x22;caption&#x22;:&#x22;Esplora gli oggetti d&#x27;arte, gli edifici di culto, i libri, i fondi archivistici e gli istituti culturali della diocesi di NUORO&#x22;,&#x22;caption_diocese&#x22;:&#x22;Esplora gli oggetti d&#x27;arte, gli edifici di culto, i libri, i fondi archivistici e gli istituti culturali della diocesi di {{diocese}}&#x22;,&#x22;placeholder_search&#x22;:&#x22;Cerca su Beweb&#x22;,&#x22;label_search&#x22;:&#x22;Cerca&#x22;,&#x22;title_chronology&#x22;:&#x22;Esplora per cronologia&#x22;},&#x22;params&#x22;:{&#x22;cod_diocesi&#x22;:&#x22;602&#x22;}});\"><\/script><\/div><\/div><\/div><\/div><div id=\"pgc-12-2-2\"  class=\"panel-grid-cell cell columns small-12 medium-4\" ><div id=\"panel-12-2-2-0\" class=\"widget_text so-panel widget widget_custom_html panel-first-child panel-last-child\" data-index=\"11\" ><div style=\";background-repeat:repeat;\" class=\"widget_text panel-widget-style panel-widget-style-for-12-2-2-0\" ><div class=\"textwidget custom-html-widget\"><iframe loading=\"lazy\" src=\"https:\/\/www.agensir.it\/widgets\/1005716\/\" width=\"100%\" height=\"740px\" frameborder=\"0\" scrolling=\"no\">\nIl tuo browser non supporta i frame\n<\/iframe>\n<\/div><\/div><\/div><\/div><\/div><\/div><\/div>","protected":false},"excerpt":{"rendered":"<p>CONTATTI ufficio:<\/p>\n","protected":false},"author":0,"featured_media":0,"parent":0,"menu_order":0,"comment_status":"closed","ping_status":"closed","template":"","meta":{"_acf_changed":false,"ip_address":"","user_agent":"","level":"","revision":"","cookie_id":"","page_referer":"","html_form":"","footnotes":""},"acf":[],"_links":{"self":[{"href":"https:\/\/www.diocesidinuoro.it\/missionario\/wp-json\/wp\/v2\/pages\/12"}],"collection":[{"href":"https:\/\/www.diocesidinuoro.it\/missionario\/wp-json\/wp\/v2\/pages"}],"about":[{"href":"https:\/\/www.diocesidinuoro.it\/missionario\/wp-json\/wp\/v2\/types\/page"}],"author":[{"embeddable":true,"href":"https:\/\/www.diocesidinuoro.it\/missionario\/wp-json\/wp\/v2\/users\/12"}],"replies":[{"embeddable":true,"href":"https:\/\/www.diocesidinuoro.it\/missionario\/wp-json\/wp\/v2\/comments?post=12"}],"version-history":[{"count":4,"href":"https:\/\/www.diocesidinuoro.it\/missionario\/wp-json\/wp\/v2\/pages\/12\/revisions"}],"predecessor-version":[{"id":23,"href":"https:\/\/www.diocesidinuoro.it\/missionario\/wp-json\/wp\/v2\/pages\/12\/revisions\/23"}],"wp:attachment":[{"href":"https:\/\/www.diocesidinuoro.it\/missionario\/wp-json\/wp\/v2\/media?parent=12"}],"curies":[{"name":"wp","href":"https:\/\/api.w.org\/{rel}","templated":true}]}}