{"id":1124,"date":"2023-12-04T10:35:23","date_gmt":"2023-12-04T09:35:23","guid":{"rendered":"https:\/\/www.diocesidinuoro.it\/percorsidigrazia\/?page_id=1124"},"modified":"2023-12-04T10:58:56","modified_gmt":"2023-12-04T09:58:56","slug":"santuario-della-vergine-dei-martiri-fonni","status":"publish","type":"page","link":"https:\/\/www.diocesidinuoro.it\/percorsidigrazia\/fonni\/santuario-della-vergine-dei-martiri-fonni\/","title":{"rendered":"Santuario della Vergine dei Martiri &#8211; Fonni"},"content":{"rendered":"<div id=\"pl-1124\"  class=\"panel-layout\" ><div id=\"pg-1124-0\"  class=\"panel-grid panel-has-style\" ><div class=\"row grid-x panel-row-style panel-row-style-for-1124-0\" ><div id=\"pgc-1124-0-0\"  class=\"panel-grid-cell cell columns small-12 medium-12\" ><div id=\"panel-1124-0-0-0\" class=\"so-panel widget widget_sow-headline panel-first-child\" data-index=\"0\" ><div style=\";background-repeat:repeat;\" class=\"panel-widget-style panel-widget-style-for-1124-0-0-0\" ><div\n\t\t\t\n\t\t\tclass=\"so-widget-sow-headline so-widget-sow-headline-default-60b5411ac097-1124\"\n\t\t\t\n\t\t><div class=\"sow-headline-container \">\n\t\t\t\t\t\t\t<h2 class=\"sow-headline\">\n\t\t\t\t\t\tSantuario della Vergine dei Martiri\t\t\t\t\t\t<\/h2>\n\t\t\t\t\t\t\t\t\t\t\t<div class=\"decoration\">\n\t\t\t\t\t\t<div class=\"decoration-inside\"><\/div>\n\t\t\t\t\t<\/div>\n\t\t\t\t\t\t\t\t\t\t\t<h3 class=\"sow-sub-headline\">\n\t\t\t\t\t\tFonni\t\t\t\t\t\t<\/h3>\n\t\t\t\t\t\t<\/div>\n<\/div><\/div><\/div><div id=\"panel-1124-0-0-1\" class=\"so-panel widget widget_sow-image\" data-index=\"1\" ><div style=\";background-repeat:repeat;\" class=\"panel-widget-style panel-widget-style-for-1124-0-0-1\" ><div\n\t\t\t\n\t\t\tclass=\"so-widget-sow-image so-widget-sow-image-default-8b5b6f678277-1124\"\n\t\t\t\n\t\t>\n\n<div class=\"sow-image-container\">\n\t\t<img loading=\"lazy\" decoding=\"async\" src=\"https:\/\/www.diocesidinuoro.it\/percorsidigrazia\/wp-content\/uploads\/sites\/17\/2023\/10\/Cattura-150x150.png\" width=\"50\" height=\"100\" sizes=\"(max-width: 50px) 100vw, 50px\" alt=\"\" \t\tclass=\"so-widget-image\"\/>\n\t<\/div>\n\n<\/div><\/div><\/div><div id=\"panel-1124-0-0-2\" class=\"so-panel widget widget_sow-slider panel-last-child\" data-index=\"2\" ><div style=\";background-repeat:repeat;\" class=\"panel-widget-style panel-widget-style-for-1124-0-0-2\" ><div\n\t\t\t\n\t\t\tclass=\"so-widget-sow-slider so-widget-sow-slider-default-6d39609536fd-1124\"\n\t\t\t\n\t\t>\t\t\t\t<div class=\"sow-slider-base\" style=\"display: none\" tabindex=\"0\">\n\t\t\t\t\t<ul\n\t\t\t\t\tclass=\"sow-slider-images\"\n\t\t\t\t\tdata-settings=\"{&quot;pagination&quot;:true,&quot;speed&quot;:800,&quot;timeout&quot;:8000,&quot;paused&quot;:false,&quot;pause_on_hover&quot;:false,&quot;swipe&quot;:true,&quot;nav_always_show_desktop&quot;:&quot;&quot;,&quot;nav_always_show_mobile&quot;:&quot;&quot;,&quot;breakpoint&quot;:&quot;780px&quot;,&quot;unmute&quot;:false,&quot;anchor&quot;:null}\"\n\t\t\t\t\t\t\t\t\t\tdata-anchor-id=\"\"\n\t\t\t\t>\t\t<li class=\"sow-slider-image\" style=\"visibility: visible;\" >\n\t\t\t\t\t\t<img loading=\"lazy\" decoding=\"async\" width=\"1024\" height=\"768\" src=\"https:\/\/www.diocesidinuoro.it\/percorsidigrazia\/wp-content\/uploads\/sites\/17\/2023\/11\/Percorsi-di-Grazia_Fonni_Gianfranco-Wikipedia-3.jpg\" class=\"sow-slider-background-image\" alt=\"\" style=\"\" srcset=\"https:\/\/www.diocesidinuoro.it\/percorsidigrazia\/wp-content\/uploads\/sites\/17\/2023\/11\/Percorsi-di-Grazia_Fonni_Gianfranco-Wikipedia-3.jpg 1024w, https:\/\/www.diocesidinuoro.it\/percorsidigrazia\/wp-content\/uploads\/sites\/17\/2023\/11\/Percorsi-di-Grazia_Fonni_Gianfranco-Wikipedia-3-300x225.jpg 300w, https:\/\/www.diocesidinuoro.it\/percorsidigrazia\/wp-content\/uploads\/sites\/17\/2023\/11\/Percorsi-di-Grazia_Fonni_Gianfranco-Wikipedia-3-768x576.jpg 768w, https:\/\/www.diocesidinuoro.it\/percorsidigrazia\/wp-content\/uploads\/sites\/17\/2023\/11\/Percorsi-di-Grazia_Fonni_Gianfranco-Wikipedia-3-600x450.jpg 600w, https:\/\/www.diocesidinuoro.it\/percorsidigrazia\/wp-content\/uploads\/sites\/17\/2023\/11\/Percorsi-di-Grazia_Fonni_Gianfranco-Wikipedia-3-800x600.jpg 800w\" sizes=\"(max-width: 1024px) 100vw, 1024px\" \/>\t\t<\/li>\n\t\t<\/ul>\t\t\t\t<ol class=\"sow-slider-pagination\">\n\t\t\t\t\t\t\t\t\t\t\t<li><a href=\"#\" data-goto=\"0\" aria-label=\"display slide 1\"><\/a><\/li>\n\t\t\t\t\t\t\t\t\t<\/ol>\n\n\t\t\t\t<div class=\"sow-slide-nav sow-slide-nav-next\">\n\t\t\t\t\t<a href=\"#\" data-goto=\"next\" aria-label=\"next slide\" data-action=\"next\">\n\t\t\t\t\t\t<em class=\"sow-sld-icon-thin-right\"><\/em>\n\t\t\t\t\t<\/a>\n\t\t\t\t<\/div>\n\n\t\t\t\t<div class=\"sow-slide-nav sow-slide-nav-prev\">\n\t\t\t\t\t<a href=\"#\" data-goto=\"previous\" aria-label=\"previous slide\" data-action=\"prev\">\n\t\t\t\t\t\t<em class=\"sow-sld-icon-thin-left\"><\/em>\n\t\t\t\t\t<\/a>\n\t\t\t\t<\/div>\n\t\t\t\t<\/div><\/div><\/div><\/div><\/div><\/div><\/div><div id=\"pg-1124-1\"  class=\"panel-grid panel-has-style\" ><div class=\"row grid-x panel-row-style panel-row-style-for-1124-1\" ><div id=\"pgc-1124-1-0\"  class=\"panel-grid-cell panel-grid-cell-mobile-last cell columns small-12 medium-6\" ><div id=\"panel-1124-1-0-0\" class=\"so-panel widget widget_text panel-first-child\" data-index=\"3\" ><div style=\";background-repeat:repeat;\" class=\"panel-widget-style panel-widget-style-for-1124-1-0-0\" >\t\t\t<div class=\"textwidget\"><p>&nbsp;<\/p>\n<p>\u201c<em>Durante il lungo inverno tutto era neve e nebbia; ma in primavera l&#8217;erba invadeva anche i ripidi viottoli del paese, selciati di grosse pietre, dove gli scarafaggi si addormentavano beatamente al sole, e le formiche uscivano dalle loro buche, e vi rientravano e vi si aggiravano attorno indisturbate. Le casupole di pietra bruna, coi tetti di scandule (scheggie) sovrapposte a guisa di squame di pesce, aprivano sui viottoli le porticine nere, i balconi di legno corroso, le scalette talvolta inghirlandate di vite; il pittoresco campanile della Basilica dei Martiri, emergente dal verde delle quercie del vecchio cortile del convento, dominava il quadretto del paese, disegnato sul cielo di cristallo azzurrino<\/em>\u201d<\/p>\n<p>Grazia Deledda, <em>Cenere<\/em>, Ed. Ilisso, 2005, p. 46.<\/p>\n<\/div>\n\t\t<\/div><\/div><div id=\"panel-1124-1-0-1\" class=\"so-panel widget widget_sow-image panel-last-child\" data-index=\"4\" ><div style=\";background-repeat:repeat;\" class=\"panel-widget-style panel-widget-style-for-1124-1-0-1\" ><div\n\t\t\t\n\t\t\tclass=\"so-widget-sow-image so-widget-sow-image-default-8b5b6f678277-1124\"\n\t\t\t\n\t\t>\n\n<div class=\"sow-image-container\">\n\t\t<img loading=\"lazy\" decoding=\"async\" src=\"https:\/\/www.diocesidinuoro.it\/percorsidigrazia\/wp-content\/uploads\/sites\/17\/2023\/10\/Cattura-150x150.png\" width=\"30\" height=\"100\" sizes=\"(max-width: 30px) 100vw, 30px\" alt=\"\" \t\tclass=\"so-widget-image\"\/>\n\t<\/div>\n\n<\/div><\/div><\/div><\/div><div id=\"pgc-1124-1-1\"  class=\"panel-grid-cell panel-grid-cell-empty cell columns small-12 medium-6\" ><\/div><\/div><\/div><div id=\"pg-1124-2\"  class=\"panel-grid panel-has-style\" ><div class=\"row grid-x panel-row-style panel-row-style-for-1124-2\" ><div id=\"pgc-1124-2-0\"  class=\"panel-grid-cell cell columns small-12 medium-6\" ><div id=\"panel-1124-2-0-0\" class=\"so-panel widget widget_block panel-first-child\" data-index=\"5\" ><div style=\";background-repeat:repeat;\" class=\"panel-widget-style panel-widget-style-for-1124-2-0-0\" ><p><iframe loading=\"lazy\" src=\"https:\/\/www.google.com\/maps\/embed?pb=!1m14!1m8!1m3!1d3628.379805848756!2d9.250912544300652!3d40.117962719676555!3m2!1i1024!2i768!4f13.1!3m3!1m2!1s0x12de79c6ad167455%3A0xb29f78391cc81229!2sBasilica%20Santa%20Maria%20dei%20Martiri!5e0!3m2!1sit!2sit!4v1701682341513!5m2!1sit!2sit\" width=\"600\" height=\"450\" style=\"border:0\" allowfullscreen=\"\"><\/iframe><\/p>\n<\/div><\/div><div id=\"panel-1124-2-0-1\" class=\"so-panel widget widget_sow-image\" data-index=\"6\" ><div style=\";background-repeat:repeat;\" class=\"panel-widget-style panel-widget-style-for-1124-2-0-1\" ><div\n\t\t\t\n\t\t\tclass=\"so-widget-sow-image so-widget-sow-image-default-8b5b6f678277-1124\"\n\t\t\t\n\t\t>\n\n<div class=\"sow-image-container\">\n\t\t<img loading=\"lazy\" decoding=\"async\" src=\"https:\/\/www.diocesidinuoro.it\/percorsidigrazia\/wp-content\/uploads\/sites\/17\/2023\/10\/Cattura-150x150.png\" width=\"30\" height=\"100\" sizes=\"(max-width: 30px) 100vw, 30px\" alt=\"\" \t\tclass=\"so-widget-image\"\/>\n\t<\/div>\n\n<\/div><\/div><\/div><div id=\"panel-1124-2-0-2\" class=\"so-panel widget widget_sow-image panel-last-child\" data-index=\"7\" ><div style=\";background-repeat:repeat;\" class=\"panel-widget-style panel-widget-style-for-1124-2-0-2\" ><div\n\t\t\t\n\t\t\tclass=\"so-widget-sow-image so-widget-sow-image-default-8b5b6f678277-1124\"\n\t\t\t\n\t\t>\n\n<div class=\"sow-image-container\">\n\t\t<img loading=\"lazy\" decoding=\"async\" src=\"https:\/\/www.diocesidinuoro.it\/percorsidigrazia\/wp-content\/uploads\/sites\/17\/2023\/10\/Cattura-150x150.png\" width=\"30\" height=\"100\" sizes=\"(max-width: 30px) 100vw, 30px\" alt=\"\" \t\tclass=\"so-widget-image\"\/>\n\t<\/div>\n\n<\/div><\/div><\/div><\/div><div id=\"pgc-1124-2-1\"  class=\"panel-grid-cell panel-grid-cell-empty cell columns small-12 medium-1\" ><\/div><div id=\"pgc-1124-2-2\"  class=\"panel-grid-cell cell columns small-12 medium-5\" ><div id=\"panel-1124-2-2-0\" class=\"so-panel widget widget_text panel-first-child\" data-index=\"8\" ><div style=\";background-repeat:repeat;\" class=\"panel-widget-style panel-widget-style-for-1124-2-2-0\" >\t\t\t<div class=\"textwidget\"><p><strong>Date utili \/ festivit\u00e0<\/strong><\/p>\n<p><span style=\"font-weight: 400\">La festa dedicata alla Madonna dei Martiri viene celebrata la p<\/span><span style=\"font-weight: 400\">rima domenica di giugno<\/span><b>.<\/b><\/p>\n<\/div>\n\t\t<\/div><\/div><div id=\"panel-1124-2-2-1\" class=\"so-panel widget widget_sow-image\" data-index=\"9\" ><div style=\";background-repeat:repeat;\" class=\"panel-widget-style panel-widget-style-for-1124-2-2-1\" ><div\n\t\t\t\n\t\t\tclass=\"so-widget-sow-image so-widget-sow-image-default-8b5b6f678277-1124\"\n\t\t\t\n\t\t>\n\n<div class=\"sow-image-container\">\n\t\t<img loading=\"lazy\" decoding=\"async\" src=\"https:\/\/www.diocesidinuoro.it\/percorsidigrazia\/wp-content\/uploads\/sites\/17\/2023\/10\/Cattura-150x150.png\" width=\"30\" height=\"100\" sizes=\"(max-width: 30px) 100vw, 30px\" alt=\"\" \t\tclass=\"so-widget-image\"\/>\n\t<\/div>\n\n<\/div><\/div><\/div><div id=\"panel-1124-2-2-2\" class=\"so-panel widget widget_sow-image panel-last-child\" data-index=\"10\" ><div style=\";background-repeat:repeat;\" class=\"panel-widget-style panel-widget-style-for-1124-2-2-2\" ><div\n\t\t\t\n\t\t\tclass=\"so-widget-sow-image so-widget-sow-image-default-8b5b6f678277-1124\"\n\t\t\t\n\t\t>\n\n<div class=\"sow-image-container\">\n\t\t<img loading=\"lazy\" decoding=\"async\" src=\"https:\/\/www.diocesidinuoro.it\/percorsidigrazia\/wp-content\/uploads\/sites\/17\/2023\/10\/Cattura-150x150.png\" width=\"30\" height=\"100\" sizes=\"(max-width: 30px) 100vw, 30px\" alt=\"\" \t\tclass=\"so-widget-image\"\/>\n\t<\/div>\n\n<\/div><\/div><\/div><\/div><\/div><\/div><div id=\"pg-1124-3\"  class=\"panel-grid panel-has-style\" ><div class=\"row grid-x panel-row-style panel-row-style-for-1124-3\" ><div id=\"pgc-1124-3-0\"  class=\"panel-grid-cell cell columns small-12 medium-12\" ><div id=\"panel-1124-3-0-0\" class=\"so-panel widget widget_sow-editor panel-first-child panel-last-child\" data-index=\"11\" ><div style=\";background-repeat:repeat;\" class=\"panel-widget-style panel-widget-style-for-1124-3-0-0\" ><div\n\t\t\t\n\t\t\tclass=\"so-widget-sow-editor so-widget-sow-editor-base\"\n\t\t\t\n\t\t>\n<div class=\"siteorigin-widget-tinymce textwidget\">\n\t<p><strong>Cenni storici<br \/>\n<\/strong>La storia del Santuario \u00e8 strettamente legata alla presenza dei padri francescani a Fonni, risalente all\u2019inizio del XVII secolo. La decisione di stabilirsi in questa comunit\u00e0 fu supportata dalla donazione di terre, nel 1610 da parte del benefattore Stefano Melis, su cui i frati costruirono una chiesa dedicata alla Santissima Trinit\u00e0 e un convento.<br \/>\nQuesti edifici iniziali erano caratterizzati da un'architettura semplice, in linea con lo stile francescano. Nel 1702, con l'iniziativa di padre Pacifico Guiso, i frati intrapresero la costruzione di un nuovo santuario, un progetto ambizioso che vide la realizzazione di una basilica superiore e di una cripta sottostante. L'impresa fu affidata a maestranze milanesi, che portarono un linguaggio artistico fiorito ed esuberante, allora in voga nelle capitali europee.<br \/>\nDurante il XVIII secolo il complesso venne ulteriormente arricchito dalle cumbessias.<br \/>\nAncora oggi, questi edifici continuano ad essere officiati dai frati minori osservanti, mantenendo viva la tradizione religiosa a Fonni.<\/p>\n<p><strong><br \/>\nArte e architettura<\/strong><br \/>\nIl Santuario della Vergine dei Martiri \u00e8 un complesso architettonico articolato, comprende il Convento, la Basilica e l\u2019Oratorio di S. Michele, situati tutti su un ampio piazzale delimitato da cumbessias.<br \/>\nLa basilica superiore \u00e8 costituita da una navata unica voltata a botte sulla quale si affacciano due cappelle semicircolari, intitolate rispettivamente a S. Rosa da Viterbo e a S. Salvatore da Horta. Il presbiterio rialzato ospita al suo interno un altare con il simulacro venerato della Vergine dei Martiri. La tradizione racconta che la statua sia stata creata con la polvere di ossa rinvenute nelle catacombe romane di Lucina. La basilica \u00e8 fastosamente decorata con stucchi e legno policromi e arricchita con le pitture di Pietro Antonio Are.<br \/>\nLa cripta sotterranea, dedicata a sant'Efisio e san Gregorio Magno, \u00e8 articolata in due ambienti rettangolari voltati a botte: il vestibolo e il santuario. In quest\u2019ultimo trovano spazio numerosi altari e simulacri realizzati in stucco policromo.<br \/>\nIl complesso include anche l'oratorio di san Michele Arcangelo, eretto nel 1759 in stile rococ\u00f2 e arricchito da una cupola decorata con tempere di Gregorio Are, raffiguranti la Trinit\u00e0 e la battaglia escatologica tra l'Arcangelo Michele e il drago. Accanto alla Trinit\u00e0 compaiono le schiere angeliche in lotta con i demoni.<br \/>\nIl piazzale antistante \u00e8 delimitato da cumbessias, testimonianza degli alloggi destinati ai novenanti e ai pellegrini durante le festivit\u00e0 religiose.<br \/>\nTra queste, la festa della Madonna dei Martiri a inizio giugno \u00e8 senza dubbio la pi\u00f9 sentita a Fonni. La processione, accompagnata dai suggestivi canti sacri in sardo (gosos), dagli abiti tradizionali femminili e dai cavalieri de s'Istangiatu, \u00e8 un momento di profonda spiritualit\u00e0 che affonda le radici nel XVII secolo, durante la colonizzazione spagnola. Alcune chiese della zona, come quella di san Cristoforo e la purtroppo distrutta Chiesa di San Michele, testimoniano la presenza bizantina in epoche precedenti, arricchendo ulteriormente il patrimonio storico e religioso di Fonni.<\/p>\n<p><strong><br \/>\nBibliografia<\/strong><br \/>\nSalvatore Naitza, Architettura dal tardo \u2018600 al Classicismo purista, Ilisso Edizioni, 2000.<\/p>\n<p>&nbsp;<\/p>\n<\/div>\n<\/div><\/div><\/div><\/div><\/div><\/div><div id=\"pg-1124-4\"  class=\"panel-grid panel-has-style\" ><div class=\"row grid-x panel-row-style panel-row-style-for-1124-4\" ><div id=\"pgc-1124-4-0\"  class=\"panel-grid-cell cell columns small-12 medium-12\" ><div id=\"panel-1124-4-0-0\" class=\"so-panel widget widget_sow-slider panel-first-child panel-last-child\" data-index=\"12\" ><div style=\";background-repeat:repeat;\" class=\"panel-widget-style panel-widget-style-for-1124-4-0-0\" ><div\n\t\t\t\n\t\t\tclass=\"so-widget-sow-slider so-widget-sow-slider-default-6d39609536fd-1124\"\n\t\t\t\n\t\t>\t\t\t\t<div class=\"sow-slider-base\" style=\"display: none\" tabindex=\"0\">\n\t\t\t\t\t<ul\n\t\t\t\t\tclass=\"sow-slider-images\"\n\t\t\t\t\tdata-settings=\"{&quot;pagination&quot;:true,&quot;speed&quot;:800,&quot;timeout&quot;:8000,&quot;paused&quot;:false,&quot;pause_on_hover&quot;:false,&quot;swipe&quot;:true,&quot;nav_always_show_desktop&quot;:&quot;&quot;,&quot;nav_always_show_mobile&quot;:&quot;&quot;,&quot;breakpoint&quot;:&quot;780px&quot;,&quot;unmute&quot;:false,&quot;anchor&quot;:null}\"\n\t\t\t\t\t\t\t\t\t\tdata-anchor-id=\"\"\n\t\t\t\t>\t\t<li class=\"sow-slider-image\" style=\"visibility: visible;\" >\n\t\t\t\t\t\t<img loading=\"lazy\" decoding=\"async\" width=\"1024\" height=\"768\" src=\"https:\/\/www.diocesidinuoro.it\/percorsidigrazia\/wp-content\/uploads\/sites\/17\/2023\/11\/Percorsi-di-Grazia_Fonni_Gianfranco-Wikipedia-2.jpg\" class=\"sow-slider-background-image\" alt=\"\" style=\"\" srcset=\"https:\/\/www.diocesidinuoro.it\/percorsidigrazia\/wp-content\/uploads\/sites\/17\/2023\/11\/Percorsi-di-Grazia_Fonni_Gianfranco-Wikipedia-2.jpg 1024w, https:\/\/www.diocesidinuoro.it\/percorsidigrazia\/wp-content\/uploads\/sites\/17\/2023\/11\/Percorsi-di-Grazia_Fonni_Gianfranco-Wikipedia-2-300x225.jpg 300w, https:\/\/www.diocesidinuoro.it\/percorsidigrazia\/wp-content\/uploads\/sites\/17\/2023\/11\/Percorsi-di-Grazia_Fonni_Gianfranco-Wikipedia-2-768x576.jpg 768w, https:\/\/www.diocesidinuoro.it\/percorsidigrazia\/wp-content\/uploads\/sites\/17\/2023\/11\/Percorsi-di-Grazia_Fonni_Gianfranco-Wikipedia-2-600x450.jpg 600w, https:\/\/www.diocesidinuoro.it\/percorsidigrazia\/wp-content\/uploads\/sites\/17\/2023\/11\/Percorsi-di-Grazia_Fonni_Gianfranco-Wikipedia-2-800x600.jpg 800w\" sizes=\"(max-width: 1024px) 100vw, 1024px\" \/>\t\t<\/li>\n\t\t\t\t<li class=\"sow-slider-image\" style=\"visibility: hidden;\" >\n\t\t\t\t\t\t<img loading=\"lazy\" decoding=\"async\" width=\"1024\" height=\"768\" src=\"https:\/\/www.diocesidinuoro.it\/percorsidigrazia\/wp-content\/uploads\/sites\/17\/2023\/11\/Percorsi-di-Grazia_Fonni_Gianfranco-Wikipedia-3.jpg\" class=\"sow-slider-background-image\" alt=\"\" style=\"\" srcset=\"https:\/\/www.diocesidinuoro.it\/percorsidigrazia\/wp-content\/uploads\/sites\/17\/2023\/11\/Percorsi-di-Grazia_Fonni_Gianfranco-Wikipedia-3.jpg 1024w, https:\/\/www.diocesidinuoro.it\/percorsidigrazia\/wp-content\/uploads\/sites\/17\/2023\/11\/Percorsi-di-Grazia_Fonni_Gianfranco-Wikipedia-3-300x225.jpg 300w, https:\/\/www.diocesidinuoro.it\/percorsidigrazia\/wp-content\/uploads\/sites\/17\/2023\/11\/Percorsi-di-Grazia_Fonni_Gianfranco-Wikipedia-3-768x576.jpg 768w, https:\/\/www.diocesidinuoro.it\/percorsidigrazia\/wp-content\/uploads\/sites\/17\/2023\/11\/Percorsi-di-Grazia_Fonni_Gianfranco-Wikipedia-3-600x450.jpg 600w, https:\/\/www.diocesidinuoro.it\/percorsidigrazia\/wp-content\/uploads\/sites\/17\/2023\/11\/Percorsi-di-Grazia_Fonni_Gianfranco-Wikipedia-3-800x600.jpg 800w\" sizes=\"(max-width: 1024px) 100vw, 1024px\" \/>\t\t<\/li>\n\t\t<\/ul>\t\t\t\t<ol class=\"sow-slider-pagination\">\n\t\t\t\t\t\t\t\t\t\t\t<li><a href=\"#\" data-goto=\"0\" aria-label=\"display slide 1\"><\/a><\/li>\n\t\t\t\t\t\t\t\t\t\t\t<li><a href=\"#\" data-goto=\"1\" aria-label=\"display slide 2\"><\/a><\/li>\n\t\t\t\t\t\t\t\t\t<\/ol>\n\n\t\t\t\t<div class=\"sow-slide-nav sow-slide-nav-next\">\n\t\t\t\t\t<a href=\"#\" data-goto=\"next\" aria-label=\"next slide\" data-action=\"next\">\n\t\t\t\t\t\t<em class=\"sow-sld-icon-thin-right\"><\/em>\n\t\t\t\t\t<\/a>\n\t\t\t\t<\/div>\n\n\t\t\t\t<div class=\"sow-slide-nav sow-slide-nav-prev\">\n\t\t\t\t\t<a href=\"#\" data-goto=\"previous\" aria-label=\"previous slide\" data-action=\"prev\">\n\t\t\t\t\t\t<em class=\"sow-sld-icon-thin-left\"><\/em>\n\t\t\t\t\t<\/a>\n\t\t\t\t<\/div>\n\t\t\t\t<\/div><\/div><\/div><\/div><\/div><\/div><\/div><\/div>","protected":false},"excerpt":{"rendered":"<p>&nbsp; \u201cDurante il lungo inverno tutto era neve e nebbia; ma in primavera l&#8217;erba invadeva anche i ripidi viottoli del paese, selciati di grosse pietre, dove gli scarafaggi si addormentavano beatamente al sole, e le formiche uscivano dalle loro buche, e vi rientravano e vi si aggiravano attorno indisturbate. Le casupole di pietra bruna, coi tetti di scandule (scheggie) sovrapposte a guisa di squame di &hellip; <a href=\"https:\/\/www.diocesidinuoro.it\/percorsidigrazia\/fonni\/santuario-della-vergine-dei-martiri-fonni\/\" class=\"more-link\">Continua a leggere <span class=\"screen-reader-text\"><\/span> <span class=\"meta-nav\">&raquo;<\/span><\/a><\/p>\n","protected":false},"author":0,"featured_media":0,"parent":1107,"menu_order":0,"comment_status":"closed","ping_status":"closed","template":"","meta":{"_acf_changed":false,"ip_address":"","user_agent":"","level":"","revision":"","cookie_id":"","page_referer":"","html_form":"","footnotes":""},"acf":[],"_links":{"self":[{"href":"https:\/\/www.diocesidinuoro.it\/percorsidigrazia\/wp-json\/wp\/v2\/pages\/1124"}],"collection":[{"href":"https:\/\/www.diocesidinuoro.it\/percorsidigrazia\/wp-json\/wp\/v2\/pages"}],"about":[{"href":"https:\/\/www.diocesidinuoro.it\/percorsidigrazia\/wp-json\/wp\/v2\/types\/page"}],"author":[{"embeddable":true,"href":"https:\/\/www.diocesidinuoro.it\/percorsidigrazia\/wp-json\/wp\/v2\/users\/14"}],"replies":[{"embeddable":true,"href":"https:\/\/www.diocesidinuoro.it\/percorsidigrazia\/wp-json\/wp\/v2\/comments?post=1124"}],"version-history":[{"count":1,"href":"https:\/\/www.diocesidinuoro.it\/percorsidigrazia\/wp-json\/wp\/v2\/pages\/1124\/revisions"}],"predecessor-version":[{"id":1125,"href":"https:\/\/www.diocesidinuoro.it\/percorsidigrazia\/wp-json\/wp\/v2\/pages\/1124\/revisions\/1125"}],"up":[{"embeddable":true,"href":"https:\/\/www.diocesidinuoro.it\/percorsidigrazia\/wp-json\/wp\/v2\/pages\/1107"}],"wp:attachment":[{"href":"https:\/\/www.diocesidinuoro.it\/percorsidigrazia\/wp-json\/wp\/v2\/media?parent=1124"}],"curies":[{"name":"wp","href":"https:\/\/api.w.org\/{rel}","templated":true}]}}