{"id":1127,"date":"2023-12-04T11:27:32","date_gmt":"2023-12-04T10:27:32","guid":{"rendered":"https:\/\/www.diocesidinuoro.it\/percorsidigrazia\/?page_id=1127"},"modified":"2023-12-04T11:41:15","modified_gmt":"2023-12-04T10:41:15","slug":"chiesa-di-san-giovanni-battista","status":"publish","type":"page","link":"https:\/\/www.diocesidinuoro.it\/percorsidigrazia\/fonni\/chiesa-di-san-giovanni-battista\/","title":{"rendered":"Chiesa di San Giovanni Battista"},"content":{"rendered":"<div id=\"pl-1127\"  class=\"panel-layout\" ><div id=\"pg-1127-0\"  class=\"panel-grid panel-has-style\" ><div class=\"row grid-x panel-row-style panel-row-style-for-1127-0\" ><div id=\"pgc-1127-0-0\"  class=\"panel-grid-cell cell columns small-12 medium-12\" ><div id=\"panel-1127-0-0-0\" class=\"so-panel widget widget_sow-headline panel-first-child\" data-index=\"0\" ><div style=\";background-repeat:repeat;\" class=\"panel-widget-style panel-widget-style-for-1127-0-0-0\" ><div\n\t\t\t\n\t\t\tclass=\"so-widget-sow-headline so-widget-sow-headline-default-60b5411ac097-1127\"\n\t\t\t\n\t\t><div class=\"sow-headline-container \">\n\t\t\t\t\t\t\t<h2 class=\"sow-headline\">\n\t\t\t\t\t\tChiesa di San Giovanni Battista\t\t\t\t\t\t<\/h2>\n\t\t\t\t\t\t\t\t\t\t\t<div class=\"decoration\">\n\t\t\t\t\t\t<div class=\"decoration-inside\"><\/div>\n\t\t\t\t\t<\/div>\n\t\t\t\t\t\t\t\t\t\t\t<h3 class=\"sow-sub-headline\">\n\t\t\t\t\t\tFonni\t\t\t\t\t\t<\/h3>\n\t\t\t\t\t\t<\/div>\n<\/div><\/div><\/div><div id=\"panel-1127-0-0-1\" class=\"so-panel widget widget_sow-image\" data-index=\"1\" ><div style=\";background-repeat:repeat;\" class=\"panel-widget-style panel-widget-style-for-1127-0-0-1\" ><div\n\t\t\t\n\t\t\tclass=\"so-widget-sow-image so-widget-sow-image-default-8b5b6f678277-1127\"\n\t\t\t\n\t\t>\n\n<div class=\"sow-image-container\">\n\t\t<img loading=\"lazy\" decoding=\"async\" src=\"https:\/\/www.diocesidinuoro.it\/percorsidigrazia\/wp-content\/uploads\/sites\/17\/2023\/10\/Cattura-150x150.png\" width=\"50\" height=\"100\" sizes=\"(max-width: 50px) 100vw, 50px\" alt=\"\" \t\tclass=\"so-widget-image\"\/>\n\t<\/div>\n\n<\/div><\/div><\/div><div id=\"panel-1127-0-0-2\" class=\"so-panel widget widget_sow-slider panel-last-child\" data-index=\"2\" ><div style=\";background-repeat:repeat;\" class=\"panel-widget-style panel-widget-style-for-1127-0-0-2\" ><div\n\t\t\t\n\t\t\tclass=\"so-widget-sow-slider so-widget-sow-slider-default-6d39609536fd-1127\"\n\t\t\t\n\t\t>\t\t\t\t<div class=\"sow-slider-base\" style=\"display: none\" tabindex=\"0\">\n\t\t\t\t\t<ul\n\t\t\t\t\tclass=\"sow-slider-images\"\n\t\t\t\t\tdata-settings=\"{&quot;pagination&quot;:true,&quot;speed&quot;:800,&quot;timeout&quot;:8000,&quot;paused&quot;:false,&quot;pause_on_hover&quot;:false,&quot;swipe&quot;:true,&quot;nav_always_show_desktop&quot;:&quot;&quot;,&quot;nav_always_show_mobile&quot;:&quot;&quot;,&quot;breakpoint&quot;:&quot;780px&quot;,&quot;unmute&quot;:false,&quot;anchor&quot;:null}\"\n\t\t\t\t\t\t\t\t\t\tdata-anchor-id=\"\"\n\t\t\t\t>\t\t<li class=\"sow-slider-image\" style=\"visibility: visible;\" >\n\t\t\t\t\t\t<img loading=\"lazy\" decoding=\"async\" width=\"2560\" height=\"1707\" src=\"https:\/\/www.diocesidinuoro.it\/percorsidigrazia\/wp-content\/uploads\/sites\/17\/2023\/12\/Percorsi-di-Grazia_Fonni-San-Giovanni-3-scaled.jpg\" class=\"sow-slider-background-image\" alt=\"\" style=\"\" srcset=\"https:\/\/www.diocesidinuoro.it\/percorsidigrazia\/wp-content\/uploads\/sites\/17\/2023\/12\/Percorsi-di-Grazia_Fonni-San-Giovanni-3-scaled.jpg 2560w, https:\/\/www.diocesidinuoro.it\/percorsidigrazia\/wp-content\/uploads\/sites\/17\/2023\/12\/Percorsi-di-Grazia_Fonni-San-Giovanni-3-300x200.jpg 300w, https:\/\/www.diocesidinuoro.it\/percorsidigrazia\/wp-content\/uploads\/sites\/17\/2023\/12\/Percorsi-di-Grazia_Fonni-San-Giovanni-3-1024x683.jpg 1024w, https:\/\/www.diocesidinuoro.it\/percorsidigrazia\/wp-content\/uploads\/sites\/17\/2023\/12\/Percorsi-di-Grazia_Fonni-San-Giovanni-3-768x512.jpg 768w, https:\/\/www.diocesidinuoro.it\/percorsidigrazia\/wp-content\/uploads\/sites\/17\/2023\/12\/Percorsi-di-Grazia_Fonni-San-Giovanni-3-1536x1024.jpg 1536w, https:\/\/www.diocesidinuoro.it\/percorsidigrazia\/wp-content\/uploads\/sites\/17\/2023\/12\/Percorsi-di-Grazia_Fonni-San-Giovanni-3-2048x1365.jpg 2048w, https:\/\/www.diocesidinuoro.it\/percorsidigrazia\/wp-content\/uploads\/sites\/17\/2023\/12\/Percorsi-di-Grazia_Fonni-San-Giovanni-3-600x400.jpg 600w, https:\/\/www.diocesidinuoro.it\/percorsidigrazia\/wp-content\/uploads\/sites\/17\/2023\/12\/Percorsi-di-Grazia_Fonni-San-Giovanni-3-1200x800.jpg 1200w, https:\/\/www.diocesidinuoro.it\/percorsidigrazia\/wp-content\/uploads\/sites\/17\/2023\/12\/Percorsi-di-Grazia_Fonni-San-Giovanni-3-800x533.jpg 800w, https:\/\/www.diocesidinuoro.it\/percorsidigrazia\/wp-content\/uploads\/sites\/17\/2023\/12\/Percorsi-di-Grazia_Fonni-San-Giovanni-3-272x182.jpg 272w\" sizes=\"(max-width: 2560px) 100vw, 2560px\" \/>\t\t<\/li>\n\t\t<\/ul>\t\t\t\t<ol class=\"sow-slider-pagination\">\n\t\t\t\t\t\t\t\t\t\t\t<li><a href=\"#\" data-goto=\"0\" aria-label=\"display slide 1\"><\/a><\/li>\n\t\t\t\t\t\t\t\t\t<\/ol>\n\n\t\t\t\t<div class=\"sow-slide-nav sow-slide-nav-next\">\n\t\t\t\t\t<a href=\"#\" data-goto=\"next\" aria-label=\"next slide\" data-action=\"next\">\n\t\t\t\t\t\t<em class=\"sow-sld-icon-thin-right\"><\/em>\n\t\t\t\t\t<\/a>\n\t\t\t\t<\/div>\n\n\t\t\t\t<div class=\"sow-slide-nav sow-slide-nav-prev\">\n\t\t\t\t\t<a href=\"#\" data-goto=\"previous\" aria-label=\"previous slide\" data-action=\"prev\">\n\t\t\t\t\t\t<em class=\"sow-sld-icon-thin-left\"><\/em>\n\t\t\t\t\t<\/a>\n\t\t\t\t<\/div>\n\t\t\t\t<\/div><\/div><\/div><\/div><\/div><\/div><\/div><div id=\"pg-1127-1\"  class=\"panel-grid panel-has-style\" ><div class=\"row grid-x panel-row-style panel-row-style-for-1127-1\" ><div id=\"pgc-1127-1-0\"  class=\"panel-grid-cell panel-grid-cell-mobile-last cell columns small-12 medium-6\" ><div id=\"panel-1127-1-0-0\" class=\"so-panel widget widget_text panel-first-child\" data-index=\"3\" ><div style=\";background-repeat:repeat;\" class=\"panel-widget-style panel-widget-style-for-1127-1-0-0\" >\t\t\t<div class=\"textwidget\"><p>&nbsp;<\/p>\n<p>\u201c<em>Allora, essa aveva fatto un voto, di edificare cio\u00e8 e dotare una chiesa se guariva. E una notte, cavalcando, tutto ad un tratto gli spiriti maligni l\u2019avevano abbandonata. Essa smont\u00f2 da cavallo, si gett\u00f2 per terra, baci\u00f2 le pietre, e promise di edificare in quel sito una chiesa a San Giovanni Battista, del quale era assai devota.<\/em>\u201d<\/p>\n<p>Grazia Deledda, <em>La Regina delle Tenebre<\/em>, Ed. Ilisso, 1996, p.421<\/p>\n<\/div>\n\t\t<\/div><\/div><div id=\"panel-1127-1-0-1\" class=\"so-panel widget widget_sow-image panel-last-child\" data-index=\"4\" ><div style=\";background-repeat:repeat;\" class=\"panel-widget-style panel-widget-style-for-1127-1-0-1\" ><div\n\t\t\t\n\t\t\tclass=\"so-widget-sow-image so-widget-sow-image-default-8b5b6f678277-1127\"\n\t\t\t\n\t\t>\n\n<div class=\"sow-image-container\">\n\t\t<img loading=\"lazy\" decoding=\"async\" src=\"https:\/\/www.diocesidinuoro.it\/percorsidigrazia\/wp-content\/uploads\/sites\/17\/2023\/10\/Cattura-150x150.png\" width=\"30\" height=\"100\" sizes=\"(max-width: 30px) 100vw, 30px\" alt=\"\" \t\tclass=\"so-widget-image\"\/>\n\t<\/div>\n\n<\/div><\/div><\/div><\/div><div id=\"pgc-1127-1-1\"  class=\"panel-grid-cell panel-grid-cell-empty cell columns small-12 medium-6\" ><\/div><\/div><\/div><div id=\"pg-1127-2\"  class=\"panel-grid panel-has-style\" ><div class=\"row grid-x panel-row-style panel-row-style-for-1127-2\" ><div id=\"pgc-1127-2-0\"  class=\"panel-grid-cell cell columns small-12 medium-6\" ><div id=\"panel-1127-2-0-0\" class=\"so-panel widget widget_block panel-first-child\" data-index=\"5\" ><div style=\";background-repeat:repeat;\" class=\"panel-widget-style panel-widget-style-for-1127-2-0-0\" ><p><iframe loading=\"lazy\" src=\"https:\/\/www.google.com\/maps\/embed?pb=!1m14!1m8!1m3!1d3051.1470264461504!2d9.25516945376306!3d40.116726825680985!3m2!1i1024!2i768!4f13.1!3m3!1m2!1s0x12de79c2213b4f0f%3A0xc5ab1f8ae8d3d84e!2sChiesa%20di%20San%20Giovanni%20Battista!5e0!3m2!1sit!2sit!4v1701684968716!5m2!1sit!2sit\" width=\"600\" height=\"450\" style=\"border:0\" allowfullscreen=\"\"><\/iframe><\/p>\n<\/div><\/div><div id=\"panel-1127-2-0-1\" class=\"so-panel widget widget_sow-image\" data-index=\"6\" ><div style=\";background-repeat:repeat;\" class=\"panel-widget-style panel-widget-style-for-1127-2-0-1\" ><div\n\t\t\t\n\t\t\tclass=\"so-widget-sow-image so-widget-sow-image-default-8b5b6f678277-1127\"\n\t\t\t\n\t\t>\n\n<div class=\"sow-image-container\">\n\t\t<img loading=\"lazy\" decoding=\"async\" src=\"https:\/\/www.diocesidinuoro.it\/percorsidigrazia\/wp-content\/uploads\/sites\/17\/2023\/10\/Cattura-150x150.png\" width=\"30\" height=\"100\" sizes=\"(max-width: 30px) 100vw, 30px\" alt=\"\" \t\tclass=\"so-widget-image\"\/>\n\t<\/div>\n\n<\/div><\/div><\/div><div id=\"panel-1127-2-0-2\" class=\"so-panel widget widget_sow-image panel-last-child\" data-index=\"7\" ><div style=\";background-repeat:repeat;\" class=\"panel-widget-style panel-widget-style-for-1127-2-0-2\" ><div\n\t\t\t\n\t\t\tclass=\"so-widget-sow-image so-widget-sow-image-default-8b5b6f678277-1127\"\n\t\t\t\n\t\t>\n\n<div class=\"sow-image-container\">\n\t\t<img loading=\"lazy\" decoding=\"async\" src=\"https:\/\/www.diocesidinuoro.it\/percorsidigrazia\/wp-content\/uploads\/sites\/17\/2023\/10\/Cattura-150x150.png\" width=\"30\" height=\"100\" sizes=\"(max-width: 30px) 100vw, 30px\" alt=\"\" \t\tclass=\"so-widget-image\"\/>\n\t<\/div>\n\n<\/div><\/div><\/div><\/div><div id=\"pgc-1127-2-1\"  class=\"panel-grid-cell panel-grid-cell-empty cell columns small-12 medium-1\" ><\/div><div id=\"pgc-1127-2-2\"  class=\"panel-grid-cell cell columns small-12 medium-5\" ><div id=\"panel-1127-2-2-0\" class=\"so-panel widget widget_text panel-first-child\" data-index=\"8\" ><div style=\";background-repeat:repeat;\" class=\"panel-widget-style panel-widget-style-for-1127-2-2-0\" >\t\t\t<div class=\"textwidget\"><p><strong>Date utili \/ festivit\u00e0<\/strong><\/p>\n<p><span style=\"font-weight: 400\">23 &#8211; 24 giugno<\/span><\/p>\n<\/div>\n\t\t<\/div><\/div><div id=\"panel-1127-2-2-1\" class=\"so-panel widget widget_sow-image\" data-index=\"9\" ><div style=\";background-repeat:repeat;\" class=\"panel-widget-style panel-widget-style-for-1127-2-2-1\" ><div\n\t\t\t\n\t\t\tclass=\"so-widget-sow-image so-widget-sow-image-default-8b5b6f678277-1127\"\n\t\t\t\n\t\t>\n\n<div class=\"sow-image-container\">\n\t\t<img loading=\"lazy\" decoding=\"async\" src=\"https:\/\/www.diocesidinuoro.it\/percorsidigrazia\/wp-content\/uploads\/sites\/17\/2023\/10\/Cattura-150x150.png\" width=\"30\" height=\"100\" sizes=\"(max-width: 30px) 100vw, 30px\" alt=\"\" \t\tclass=\"so-widget-image\"\/>\n\t<\/div>\n\n<\/div><\/div><\/div><div id=\"panel-1127-2-2-2\" class=\"so-panel widget widget_sow-image panel-last-child\" data-index=\"10\" ><div style=\";background-repeat:repeat;\" class=\"panel-widget-style panel-widget-style-for-1127-2-2-2\" ><div\n\t\t\t\n\t\t\tclass=\"so-widget-sow-image so-widget-sow-image-default-8b5b6f678277-1127\"\n\t\t\t\n\t\t>\n\n<div class=\"sow-image-container\">\n\t\t<img loading=\"lazy\" decoding=\"async\" src=\"https:\/\/www.diocesidinuoro.it\/percorsidigrazia\/wp-content\/uploads\/sites\/17\/2023\/10\/Cattura-150x150.png\" width=\"30\" height=\"100\" sizes=\"(max-width: 30px) 100vw, 30px\" alt=\"\" \t\tclass=\"so-widget-image\"\/>\n\t<\/div>\n\n<\/div><\/div><\/div><\/div><\/div><\/div><div id=\"pg-1127-3\"  class=\"panel-grid panel-has-style\" ><div class=\"row grid-x panel-row-style panel-row-style-for-1127-3\" ><div id=\"pgc-1127-3-0\"  class=\"panel-grid-cell cell columns small-12 medium-12\" ><div id=\"panel-1127-3-0-0\" class=\"so-panel widget widget_sow-editor panel-first-child panel-last-child\" data-index=\"11\" ><div style=\";background-repeat:repeat;\" class=\"panel-widget-style panel-widget-style-for-1127-3-0-0\" ><div\n\t\t\t\n\t\t\tclass=\"so-widget-sow-editor so-widget-sow-editor-base\"\n\t\t\t\n\t\t>\n<div class=\"siteorigin-widget-tinymce textwidget\">\n\t<p><strong>Cenni storici<br \/>\n<\/strong>La chiesa parrocchiale di San Giovanni Battista, patrono di Fonni, sorge nel cuore del centro storico del paese, nell'antico rione di Canio, presumibilmente di origini altomedievali, \u00e8 stato Costruito nel XVI secolo in stile tardo-gotico aragonese. La sua imponente facciata, con un portone d'ingresso nella navata principale, presenta una trifora sovrastata da un'arcata centrale pi\u00f9 alta, incorniciata da un arco ornamentale, la torre campanaria a canna quadrata, situata sul lato sinistro, si affianca al presbiterio, caratterizzandosi per la sua architettura mista di intonaco e pietra.<br \/>\nL'interno della chiesa rivela una struttura longitudinale suddivisa in tre navate e sei campate. Il presbiterio, privo di abside, \u00e8 coperto da una volta stellata, mentre archi a sesto acuto collegano le campate laterali. Le navate presentano decorazioni in pietra a vista, con pilastri e semicolonne scolpite e il pavimento, costituito da lastre quadrate di marmo grigio e bianco, contribuisce all'atmosfera solenne dell'edificio. Tra le opere d'arte, spicca una Crocifissione del pittore Antonio Corriga e un crocifisso ligneo del XVIII secolo, omaggiando il patrono San Giovanni Battista. Nel 2018, l'edificio sub\u00ec chiusura temporanea a causa di cedimenti strutturali, dando vita a una riuscita raccolta fondi e a un'ampia opera comunitaria che coinvolse anche gli emigrati fonnesi.<\/p>\n<p>&nbsp;<\/p>\n<p><strong>La Festa<br \/>\n<\/strong>Il 24 giugno, a Fonni, si celebra la festa di San Giovanni Battista, conosciuta come Sa die de Vrores o \"il giorno dei fiori\". La giornata \u00e8 caratterizzata da una maestosa processione che attraversa le vie del paese. I cavalieri de S\u2019istangiartu della Madonna dei Martiri conducono la processione, indossando i tradizionali costumi fonnesi e portando lo stendardo, seguono altri cavalieri in abiti borghesi e centinaia di donne vestite in modo tradizionale.<br \/>\nDavanti al simulacro di San Giovanni Battista, avanzano Su Cassieri e i membri di Su sociu, portando con devozione Su Cohone de Vrores, un antico pane votivo riccamente decorato dalle origini precristiane. La processione si conclude con Sa Arrela \u2018e Vrores, una spettacolare giostra equestre in cui i cavalieri fonnesi dimostrano le loro abilit\u00e0 a cavallo.<br \/>\nTradizioni come la raccolta del sambuco, de s'abba 'e vrore (l'acqua di San Giovanni), e de s'ardu 'e isprone (il cardo stellato) arricchiscono la celebrazione notturna del Santo.<\/p>\n<p><strong>\u00a0<\/strong><\/p>\n<\/div>\n<\/div><\/div><\/div><\/div><\/div><\/div><div id=\"pg-1127-4\"  class=\"panel-grid panel-has-style\" ><div class=\"row grid-x panel-row-style panel-row-style-for-1127-4\" ><div id=\"pgc-1127-4-0\"  class=\"panel-grid-cell cell columns small-12 medium-12\" ><div id=\"panel-1127-4-0-0\" class=\"so-panel widget widget_sow-slider panel-first-child panel-last-child\" data-index=\"12\" ><div style=\";background-repeat:repeat;\" class=\"panel-widget-style panel-widget-style-for-1127-4-0-0\" ><div\n\t\t\t\n\t\t\tclass=\"so-widget-sow-slider so-widget-sow-slider-default-6d39609536fd-1127\"\n\t\t\t\n\t\t>\t\t\t\t<div class=\"sow-slider-base\" style=\"display: none\" tabindex=\"0\">\n\t\t\t\t\t<ul\n\t\t\t\t\tclass=\"sow-slider-images\"\n\t\t\t\t\tdata-settings=\"{&quot;pagination&quot;:true,&quot;speed&quot;:800,&quot;timeout&quot;:8000,&quot;paused&quot;:false,&quot;pause_on_hover&quot;:false,&quot;swipe&quot;:true,&quot;nav_always_show_desktop&quot;:&quot;&quot;,&quot;nav_always_show_mobile&quot;:&quot;&quot;,&quot;breakpoint&quot;:&quot;780px&quot;,&quot;unmute&quot;:false,&quot;anchor&quot;:null}\"\n\t\t\t\t\t\t\t\t\t\tdata-anchor-id=\"\"\n\t\t\t\t>\t\t<li class=\"sow-slider-image\" style=\"visibility: visible;\" >\n\t\t\t\t\t\t<img loading=\"lazy\" decoding=\"async\" width=\"2560\" height=\"1707\" src=\"https:\/\/www.diocesidinuoro.it\/percorsidigrazia\/wp-content\/uploads\/sites\/17\/2023\/12\/Percorsi-di-Grazia_Fonni-San-Giovanni-2-scaled.jpg\" class=\"sow-slider-background-image\" alt=\"\" style=\"\" srcset=\"https:\/\/www.diocesidinuoro.it\/percorsidigrazia\/wp-content\/uploads\/sites\/17\/2023\/12\/Percorsi-di-Grazia_Fonni-San-Giovanni-2-scaled.jpg 2560w, https:\/\/www.diocesidinuoro.it\/percorsidigrazia\/wp-content\/uploads\/sites\/17\/2023\/12\/Percorsi-di-Grazia_Fonni-San-Giovanni-2-300x200.jpg 300w, https:\/\/www.diocesidinuoro.it\/percorsidigrazia\/wp-content\/uploads\/sites\/17\/2023\/12\/Percorsi-di-Grazia_Fonni-San-Giovanni-2-1024x683.jpg 1024w, https:\/\/www.diocesidinuoro.it\/percorsidigrazia\/wp-content\/uploads\/sites\/17\/2023\/12\/Percorsi-di-Grazia_Fonni-San-Giovanni-2-768x512.jpg 768w, https:\/\/www.diocesidinuoro.it\/percorsidigrazia\/wp-content\/uploads\/sites\/17\/2023\/12\/Percorsi-di-Grazia_Fonni-San-Giovanni-2-1536x1024.jpg 1536w, https:\/\/www.diocesidinuoro.it\/percorsidigrazia\/wp-content\/uploads\/sites\/17\/2023\/12\/Percorsi-di-Grazia_Fonni-San-Giovanni-2-2048x1365.jpg 2048w, https:\/\/www.diocesidinuoro.it\/percorsidigrazia\/wp-content\/uploads\/sites\/17\/2023\/12\/Percorsi-di-Grazia_Fonni-San-Giovanni-2-600x400.jpg 600w, https:\/\/www.diocesidinuoro.it\/percorsidigrazia\/wp-content\/uploads\/sites\/17\/2023\/12\/Percorsi-di-Grazia_Fonni-San-Giovanni-2-1200x800.jpg 1200w, https:\/\/www.diocesidinuoro.it\/percorsidigrazia\/wp-content\/uploads\/sites\/17\/2023\/12\/Percorsi-di-Grazia_Fonni-San-Giovanni-2-800x533.jpg 800w, https:\/\/www.diocesidinuoro.it\/percorsidigrazia\/wp-content\/uploads\/sites\/17\/2023\/12\/Percorsi-di-Grazia_Fonni-San-Giovanni-2-272x182.jpg 272w\" sizes=\"(max-width: 2560px) 100vw, 2560px\" \/>\t\t<\/li>\n\t\t\t\t<li class=\"sow-slider-image\" style=\"visibility: hidden;\" >\n\t\t\t\t\t\t<img loading=\"lazy\" decoding=\"async\" width=\"2560\" height=\"1707\" src=\"https:\/\/www.diocesidinuoro.it\/percorsidigrazia\/wp-content\/uploads\/sites\/17\/2023\/12\/Percorsi-di-Grazia_Fonni-San-Giovanni-scaled.jpg\" class=\"sow-slider-background-image\" alt=\"\" style=\"\" srcset=\"https:\/\/www.diocesidinuoro.it\/percorsidigrazia\/wp-content\/uploads\/sites\/17\/2023\/12\/Percorsi-di-Grazia_Fonni-San-Giovanni-scaled.jpg 2560w, https:\/\/www.diocesidinuoro.it\/percorsidigrazia\/wp-content\/uploads\/sites\/17\/2023\/12\/Percorsi-di-Grazia_Fonni-San-Giovanni-300x200.jpg 300w, https:\/\/www.diocesidinuoro.it\/percorsidigrazia\/wp-content\/uploads\/sites\/17\/2023\/12\/Percorsi-di-Grazia_Fonni-San-Giovanni-1024x683.jpg 1024w, https:\/\/www.diocesidinuoro.it\/percorsidigrazia\/wp-content\/uploads\/sites\/17\/2023\/12\/Percorsi-di-Grazia_Fonni-San-Giovanni-768x512.jpg 768w, https:\/\/www.diocesidinuoro.it\/percorsidigrazia\/wp-content\/uploads\/sites\/17\/2023\/12\/Percorsi-di-Grazia_Fonni-San-Giovanni-1536x1024.jpg 1536w, https:\/\/www.diocesidinuoro.it\/percorsidigrazia\/wp-content\/uploads\/sites\/17\/2023\/12\/Percorsi-di-Grazia_Fonni-San-Giovanni-2048x1365.jpg 2048w, https:\/\/www.diocesidinuoro.it\/percorsidigrazia\/wp-content\/uploads\/sites\/17\/2023\/12\/Percorsi-di-Grazia_Fonni-San-Giovanni-600x400.jpg 600w, https:\/\/www.diocesidinuoro.it\/percorsidigrazia\/wp-content\/uploads\/sites\/17\/2023\/12\/Percorsi-di-Grazia_Fonni-San-Giovanni-1200x800.jpg 1200w, https:\/\/www.diocesidinuoro.it\/percorsidigrazia\/wp-content\/uploads\/sites\/17\/2023\/12\/Percorsi-di-Grazia_Fonni-San-Giovanni-800x533.jpg 800w, https:\/\/www.diocesidinuoro.it\/percorsidigrazia\/wp-content\/uploads\/sites\/17\/2023\/12\/Percorsi-di-Grazia_Fonni-San-Giovanni-272x182.jpg 272w\" sizes=\"(max-width: 2560px) 100vw, 2560px\" \/>\t\t<\/li>\n\t\t<\/ul>\t\t\t\t<ol class=\"sow-slider-pagination\">\n\t\t\t\t\t\t\t\t\t\t\t<li><a href=\"#\" data-goto=\"0\" aria-label=\"display slide 1\"><\/a><\/li>\n\t\t\t\t\t\t\t\t\t\t\t<li><a href=\"#\" data-goto=\"1\" aria-label=\"display slide 2\"><\/a><\/li>\n\t\t\t\t\t\t\t\t\t<\/ol>\n\n\t\t\t\t<div class=\"sow-slide-nav sow-slide-nav-next\">\n\t\t\t\t\t<a href=\"#\" data-goto=\"next\" aria-label=\"next slide\" data-action=\"next\">\n\t\t\t\t\t\t<em class=\"sow-sld-icon-thin-right\"><\/em>\n\t\t\t\t\t<\/a>\n\t\t\t\t<\/div>\n\n\t\t\t\t<div class=\"sow-slide-nav sow-slide-nav-prev\">\n\t\t\t\t\t<a href=\"#\" data-goto=\"previous\" aria-label=\"previous slide\" data-action=\"prev\">\n\t\t\t\t\t\t<em class=\"sow-sld-icon-thin-left\"><\/em>\n\t\t\t\t\t<\/a>\n\t\t\t\t<\/div>\n\t\t\t\t<\/div><\/div><\/div><\/div><\/div><\/div><\/div><\/div>","protected":false},"excerpt":{"rendered":"<p>&nbsp; \u201cAllora, essa aveva fatto un voto, di edificare cio\u00e8 e dotare una chiesa se guariva. E una notte, cavalcando, tutto ad un tratto gli spiriti maligni l\u2019avevano abbandonata. Essa smont\u00f2 da cavallo, si gett\u00f2 per terra, baci\u00f2 le pietre, e promise di edificare in quel sito una chiesa a San Giovanni Battista, del quale era assai devota.\u201d Grazia Deledda, La Regina delle Tenebre, Ed. &hellip; <a href=\"https:\/\/www.diocesidinuoro.it\/percorsidigrazia\/fonni\/chiesa-di-san-giovanni-battista\/\" class=\"more-link\">Continua a leggere <span class=\"screen-reader-text\"><\/span> <span class=\"meta-nav\">&raquo;<\/span><\/a><\/p>\n","protected":false},"author":0,"featured_media":0,"parent":1107,"menu_order":0,"comment_status":"closed","ping_status":"closed","template":"","meta":{"_acf_changed":false,"ip_address":"","user_agent":"","level":"","revision":"","cookie_id":"","page_referer":"","html_form":"","footnotes":""},"acf":[],"_links":{"self":[{"href":"https:\/\/www.diocesidinuoro.it\/percorsidigrazia\/wp-json\/wp\/v2\/pages\/1127"}],"collection":[{"href":"https:\/\/www.diocesidinuoro.it\/percorsidigrazia\/wp-json\/wp\/v2\/pages"}],"about":[{"href":"https:\/\/www.diocesidinuoro.it\/percorsidigrazia\/wp-json\/wp\/v2\/types\/page"}],"author":[{"embeddable":true,"href":"https:\/\/www.diocesidinuoro.it\/percorsidigrazia\/wp-json\/wp\/v2\/users\/14"}],"replies":[{"embeddable":true,"href":"https:\/\/www.diocesidinuoro.it\/percorsidigrazia\/wp-json\/wp\/v2\/comments?post=1127"}],"version-history":[{"count":2,"href":"https:\/\/www.diocesidinuoro.it\/percorsidigrazia\/wp-json\/wp\/v2\/pages\/1127\/revisions"}],"predecessor-version":[{"id":1135,"href":"https:\/\/www.diocesidinuoro.it\/percorsidigrazia\/wp-json\/wp\/v2\/pages\/1127\/revisions\/1135"}],"up":[{"embeddable":true,"href":"https:\/\/www.diocesidinuoro.it\/percorsidigrazia\/wp-json\/wp\/v2\/pages\/1107"}],"wp:attachment":[{"href":"https:\/\/www.diocesidinuoro.it\/percorsidigrazia\/wp-json\/wp\/v2\/media?parent=1127"}],"curies":[{"name":"wp","href":"https:\/\/api.w.org\/{rel}","templated":true}]}}