{"id":279,"date":"2023-10-06T12:31:56","date_gmt":"2023-10-06T10:31:56","guid":{"rendered":"https:\/\/www.diocesidinuoro.it\/percorsidigrazia\/?page_id=279"},"modified":"2023-11-23T10:26:11","modified_gmt":"2023-11-23T09:26:11","slug":"castello-di-pontes","status":"publish","type":"page","link":"https:\/\/www.diocesidinuoro.it\/percorsidigrazia\/galtelli\/castello-di-pontes\/","title":{"rendered":"Castello di Pontes"},"content":{"rendered":"<div id=\"pl-279\"  class=\"panel-layout\" ><div id=\"pg-279-0\"  class=\"panel-grid panel-has-style\" ><div class=\"row grid-x panel-row-style panel-row-style-for-279-0\" ><div id=\"pgc-279-0-0\"  class=\"panel-grid-cell cell columns small-12 medium-12\" ><div id=\"panel-279-0-0-0\" class=\"so-panel widget widget_sow-headline panel-first-child\" data-index=\"0\" ><div style=\";background-repeat:repeat;\" class=\"panel-widget-style panel-widget-style-for-279-0-0-0\" ><div\n\t\t\t\n\t\t\tclass=\"so-widget-sow-headline so-widget-sow-headline-default-60b5411ac097-279\"\n\t\t\t\n\t\t><div class=\"sow-headline-container \">\n\t\t\t\t\t\t\t<h2 class=\"sow-headline\">\n\t\t\t\t\t\tCastello di Pontes\t\t\t\t\t\t<\/h2>\n\t\t\t\t\t\t\t\t\t\t\t<div class=\"decoration\">\n\t\t\t\t\t\t<div class=\"decoration-inside\"><\/div>\n\t\t\t\t\t<\/div>\n\t\t\t\t\t\t\t\t\t\t\t<h3 class=\"sow-sub-headline\">\n\t\t\t\t\t\tGaltell\u00ec\t\t\t\t\t\t<\/h3>\n\t\t\t\t\t\t<\/div>\n<\/div><\/div><\/div><div id=\"panel-279-0-0-1\" class=\"so-panel widget widget_sow-image\" data-index=\"1\" ><div style=\";background-repeat:repeat;\" class=\"panel-widget-style panel-widget-style-for-279-0-0-1\" ><div\n\t\t\t\n\t\t\tclass=\"so-widget-sow-image so-widget-sow-image-default-8b5b6f678277-279\"\n\t\t\t\n\t\t>\n\n<div class=\"sow-image-container\">\n\t\t<img loading=\"lazy\" decoding=\"async\" src=\"https:\/\/www.diocesidinuoro.it\/percorsidigrazia\/wp-content\/uploads\/sites\/17\/2023\/10\/Cattura-150x150.png\" width=\"50\" height=\"100\" sizes=\"(max-width: 50px) 100vw, 50px\" alt=\"\" \t\tclass=\"so-widget-image\"\/>\n\t<\/div>\n\n<\/div><\/div><\/div><div id=\"panel-279-0-0-2\" class=\"so-panel widget widget_sow-slider panel-last-child\" data-index=\"2\" ><div style=\";background-repeat:repeat;\" class=\"panel-widget-style panel-widget-style-for-279-0-0-2\" ><div\n\t\t\t\n\t\t\tclass=\"so-widget-sow-slider so-widget-sow-slider-default-6d39609536fd-279\"\n\t\t\t\n\t\t>\t\t\t\t<div class=\"sow-slider-base\" style=\"display: none\" tabindex=\"0\">\n\t\t\t\t\t<ul\n\t\t\t\t\tclass=\"sow-slider-images\"\n\t\t\t\t\tdata-settings=\"{&quot;pagination&quot;:true,&quot;speed&quot;:800,&quot;timeout&quot;:8000,&quot;paused&quot;:false,&quot;pause_on_hover&quot;:false,&quot;swipe&quot;:true,&quot;nav_always_show_desktop&quot;:&quot;&quot;,&quot;nav_always_show_mobile&quot;:&quot;&quot;,&quot;breakpoint&quot;:&quot;780px&quot;,&quot;unmute&quot;:false,&quot;anchor&quot;:null}\"\n\t\t\t\t\t\t\t\t\t\tdata-anchor-id=\"\"\n\t\t\t\t>\t\t<li class=\"sow-slider-image\" style=\"visibility: visible;\" >\n\t\t\t\t\t\t<img loading=\"lazy\" decoding=\"async\" width=\"1617\" height=\"1080\" src=\"https:\/\/www.diocesidinuoro.it\/percorsidigrazia\/wp-content\/uploads\/sites\/17\/2023\/10\/Castello-di-Pontes.jpg\" class=\"sow-slider-background-image\" alt=\"\" style=\"\" srcset=\"https:\/\/www.diocesidinuoro.it\/percorsidigrazia\/wp-content\/uploads\/sites\/17\/2023\/10\/Castello-di-Pontes.jpg 1617w, https:\/\/www.diocesidinuoro.it\/percorsidigrazia\/wp-content\/uploads\/sites\/17\/2023\/10\/Castello-di-Pontes-300x200.jpg 300w, https:\/\/www.diocesidinuoro.it\/percorsidigrazia\/wp-content\/uploads\/sites\/17\/2023\/10\/Castello-di-Pontes-1024x684.jpg 1024w, https:\/\/www.diocesidinuoro.it\/percorsidigrazia\/wp-content\/uploads\/sites\/17\/2023\/10\/Castello-di-Pontes-768x513.jpg 768w, https:\/\/www.diocesidinuoro.it\/percorsidigrazia\/wp-content\/uploads\/sites\/17\/2023\/10\/Castello-di-Pontes-1536x1026.jpg 1536w, https:\/\/www.diocesidinuoro.it\/percorsidigrazia\/wp-content\/uploads\/sites\/17\/2023\/10\/Castello-di-Pontes-600x401.jpg 600w, https:\/\/www.diocesidinuoro.it\/percorsidigrazia\/wp-content\/uploads\/sites\/17\/2023\/10\/Castello-di-Pontes-1200x801.jpg 1200w, https:\/\/www.diocesidinuoro.it\/percorsidigrazia\/wp-content\/uploads\/sites\/17\/2023\/10\/Castello-di-Pontes-800x534.jpg 800w, https:\/\/www.diocesidinuoro.it\/percorsidigrazia\/wp-content\/uploads\/sites\/17\/2023\/10\/Castello-di-Pontes-272x182.jpg 272w\" sizes=\"(max-width: 1617px) 100vw, 1617px\" \/>\t\t<\/li>\n\t\t\t\t<li class=\"sow-slider-image\" style=\"visibility: hidden;\" >\n\t\t\t\t\t\t<img loading=\"lazy\" decoding=\"async\" width=\"1617\" height=\"1080\" src=\"https:\/\/www.diocesidinuoro.it\/percorsidigrazia\/wp-content\/uploads\/sites\/17\/2023\/10\/Castello-di-Pontes-2.jpg\" class=\"sow-slider-background-image\" alt=\"\" style=\"\" srcset=\"https:\/\/www.diocesidinuoro.it\/percorsidigrazia\/wp-content\/uploads\/sites\/17\/2023\/10\/Castello-di-Pontes-2.jpg 1617w, https:\/\/www.diocesidinuoro.it\/percorsidigrazia\/wp-content\/uploads\/sites\/17\/2023\/10\/Castello-di-Pontes-2-300x200.jpg 300w, https:\/\/www.diocesidinuoro.it\/percorsidigrazia\/wp-content\/uploads\/sites\/17\/2023\/10\/Castello-di-Pontes-2-1024x684.jpg 1024w, https:\/\/www.diocesidinuoro.it\/percorsidigrazia\/wp-content\/uploads\/sites\/17\/2023\/10\/Castello-di-Pontes-2-768x513.jpg 768w, https:\/\/www.diocesidinuoro.it\/percorsidigrazia\/wp-content\/uploads\/sites\/17\/2023\/10\/Castello-di-Pontes-2-1536x1026.jpg 1536w, https:\/\/www.diocesidinuoro.it\/percorsidigrazia\/wp-content\/uploads\/sites\/17\/2023\/10\/Castello-di-Pontes-2-600x401.jpg 600w, https:\/\/www.diocesidinuoro.it\/percorsidigrazia\/wp-content\/uploads\/sites\/17\/2023\/10\/Castello-di-Pontes-2-1200x801.jpg 1200w, https:\/\/www.diocesidinuoro.it\/percorsidigrazia\/wp-content\/uploads\/sites\/17\/2023\/10\/Castello-di-Pontes-2-800x534.jpg 800w, https:\/\/www.diocesidinuoro.it\/percorsidigrazia\/wp-content\/uploads\/sites\/17\/2023\/10\/Castello-di-Pontes-2-272x182.jpg 272w\" sizes=\"(max-width: 1617px) 100vw, 1617px\" \/>\t\t<\/li>\n\t\t<\/ul>\t\t\t\t<ol class=\"sow-slider-pagination\">\n\t\t\t\t\t\t\t\t\t\t\t<li><a href=\"#\" data-goto=\"0\" aria-label=\"display slide 1\"><\/a><\/li>\n\t\t\t\t\t\t\t\t\t\t\t<li><a href=\"#\" data-goto=\"1\" aria-label=\"display slide 2\"><\/a><\/li>\n\t\t\t\t\t\t\t\t\t<\/ol>\n\n\t\t\t\t<div class=\"sow-slide-nav sow-slide-nav-next\">\n\t\t\t\t\t<a href=\"#\" data-goto=\"next\" aria-label=\"next slide\" data-action=\"next\">\n\t\t\t\t\t\t<em class=\"sow-sld-icon-thin-right\"><\/em>\n\t\t\t\t\t<\/a>\n\t\t\t\t<\/div>\n\n\t\t\t\t<div class=\"sow-slide-nav sow-slide-nav-prev\">\n\t\t\t\t\t<a href=\"#\" data-goto=\"previous\" aria-label=\"previous slide\" data-action=\"prev\">\n\t\t\t\t\t\t<em class=\"sow-sld-icon-thin-left\"><\/em>\n\t\t\t\t\t<\/a>\n\t\t\t\t<\/div>\n\t\t\t\t<\/div><\/div><\/div><\/div><\/div><\/div><\/div><div id=\"pg-279-1\"  class=\"panel-grid panel-has-style\" ><div class=\"row grid-x panel-row-style panel-row-style-for-279-1\" ><div id=\"pgc-279-1-0\"  class=\"panel-grid-cell panel-grid-cell-mobile-last cell columns small-12 medium-6\" ><div id=\"panel-279-1-0-0\" class=\"so-panel widget widget_text panel-first-child\" data-index=\"3\" ><div style=\";background-repeat:repeat;\" class=\"panel-widget-style panel-widget-style-for-279-1-0-0\" >\t\t\t<div class=\"textwidget\"><p>&nbsp;<\/p>\n<p><span style=\"font-weight: 400\">\u201c<\/span><i><span style=\"font-weight: 400\">Una notte dello scorso dicembre restai pi\u00f9 di due ore ascoltando attentamente una donna di Orosei che mi narrava le leggende del castello di Galtell\u00ec.<\/span><\/i><i><span style=\"font-weight: 400\">Il suo accento era cos\u00ec sincero e la sua convinzione cos\u00ec radicata che spesso io la fissavo con un indefinibile sussulto, chiedendomi se, per caso, queste bizzarre storie a base di soprannaturale, che corrono pei casolari del popolo, non hanno un fondamento, e qualcosa di vero\u2026\u201d<\/span><\/i><\/p>\n<p>Tratto da <span style=\"font-weight: 400\">Leggende Sarde &#8211; G.Deledda, <\/span>1995<\/p>\n<\/div>\n\t\t<\/div><\/div><div id=\"panel-279-1-0-1\" class=\"so-panel widget widget_sow-image panel-last-child\" data-index=\"4\" ><div style=\";background-repeat:repeat;\" class=\"panel-widget-style panel-widget-style-for-279-1-0-1\" ><div\n\t\t\t\n\t\t\tclass=\"so-widget-sow-image so-widget-sow-image-default-8b5b6f678277-279\"\n\t\t\t\n\t\t>\n\n<div class=\"sow-image-container\">\n\t\t<img loading=\"lazy\" decoding=\"async\" src=\"https:\/\/www.diocesidinuoro.it\/percorsidigrazia\/wp-content\/uploads\/sites\/17\/2023\/10\/Cattura-150x150.png\" width=\"50\" height=\"100\" sizes=\"(max-width: 50px) 100vw, 50px\" alt=\"\" \t\tclass=\"so-widget-image\"\/>\n\t<\/div>\n\n<\/div><\/div><\/div><\/div><div id=\"pgc-279-1-1\"  class=\"panel-grid-cell panel-grid-cell-empty cell columns small-12 medium-6\" ><\/div><\/div><\/div><div id=\"pg-279-2\"  class=\"panel-grid panel-has-style\" ><div class=\"row grid-x panel-row-style panel-row-style-for-279-2\" ><div id=\"pgc-279-2-0\"  class=\"panel-grid-cell cell columns small-12 medium-12\" ><div id=\"panel-279-2-0-0\" class=\"so-panel widget widget_sow-editor panel-first-child panel-last-child\" data-index=\"5\" ><div style=\";background-repeat:repeat;\" class=\"panel-widget-style panel-widget-style-for-279-2-0-0\" ><div\n\t\t\t\n\t\t\tclass=\"so-widget-sow-editor so-widget-sow-editor-base\"\n\t\t\t\n\t\t>\n<div class=\"siteorigin-widget-tinymce textwidget\">\n\t<p><b>Cenni storici<\/b><\/p>\n<p><span style=\"font-weight: 400\">Si hanno poche date relative alla storia del castello di Pontes: l'anno 1070, letto nei resti di una fortificazione di et\u00e0 romana inglobati nelle sue fondamenta, e quello della caduta nelle mani dei catalano-aragonesi, nel 1333. La struttura fu abitata fino al XV secolo. Secondo la tradizione, sino alla fine del XIX secolo ne erano visibili due torri.<\/span><span style=\"font-weight: 400\"><br \/>\n<\/span><span style=\"font-weight: 400\">Dalle poche notizie che si hanno si pu\u00f2 dedurre che fu costruito dai giudici di Gallura nel XI secolo, pass\u00f2 poi a Pisa. Venne conquistato dai catalano-aragonesi nel XIV secolo e poi temporaneamente dal giudicato di Arborea durante la guerra sardo-catalana.<\/span><span style=\"font-weight: 400\"><br \/>\n<\/span><span style=\"font-weight: 400\">Proprio per la sua ubicazione, la funzione era chiaramente militare: difendere il confine meridionale del Giudicato di Gallura. La sua posizione permetteva la sorveglianza dei traffici da e per il Golfo di Orosei e il controllo su un\u2019area a forte predisposizione agricola.<\/span><\/p>\n<p><span style=\"font-weight: 400\">Tale importanza geopolitica esponeva il centro della Baronia ad un ruolo di primo piano nel conflitto contro gli aragonesi. Espugnare Galtell\u00ec, significava avere sotto controllo un importante centro della costa orientale sarda, collegato alle zone interne della Sardegna proprio dall\u2019agevole passaggio nella piana del Cedrino.<\/span><\/p>\n<p><span style=\"font-weight: 400\">Inoltre, il Castello di Pontes fu pi\u00f9 volte costruito e ricostruito per adattarsi alle continue e incombenti esigenze militari contro un nemico determinato a conquistare tutta la Sardegna. La storia ha infatti voluto che l\u2019isola cadesse nelle mani degli invasori e cos\u00ec anche Galtelli e il suo castello si dovettero piegare alla conquista aragonese.<\/span><\/p>\n<\/div>\n<\/div><\/div><\/div><\/div><\/div><\/div><\/div>","protected":false},"excerpt":{"rendered":"<p>&nbsp; \u201cUna notte dello scorso dicembre restai pi\u00f9 di due ore ascoltando attentamente una donna di Orosei che mi narrava le leggende del castello di Galtell\u00ec.Il suo accento era cos\u00ec sincero e la sua convinzione cos\u00ec radicata che spesso io la fissavo con un indefinibile sussulto, chiedendomi se, per caso, queste bizzarre storie a base di soprannaturale, che corrono pei casolari del popolo, non hanno &hellip; <a href=\"https:\/\/www.diocesidinuoro.it\/percorsidigrazia\/galtelli\/castello-di-pontes\/\" class=\"more-link\">Continua a leggere <span class=\"screen-reader-text\"><\/span> <span class=\"meta-nav\">&raquo;<\/span><\/a><\/p>\n","protected":false},"author":0,"featured_media":0,"parent":52,"menu_order":0,"comment_status":"closed","ping_status":"closed","template":"","meta":{"_acf_changed":false,"ip_address":"","user_agent":"","level":"","revision":"","cookie_id":"","page_referer":"","html_form":"","footnotes":""},"acf":[],"_links":{"self":[{"href":"https:\/\/www.diocesidinuoro.it\/percorsidigrazia\/wp-json\/wp\/v2\/pages\/279"}],"collection":[{"href":"https:\/\/www.diocesidinuoro.it\/percorsidigrazia\/wp-json\/wp\/v2\/pages"}],"about":[{"href":"https:\/\/www.diocesidinuoro.it\/percorsidigrazia\/wp-json\/wp\/v2\/types\/page"}],"author":[{"embeddable":true,"href":"https:\/\/www.diocesidinuoro.it\/percorsidigrazia\/wp-json\/wp\/v2\/users\/14"}],"replies":[{"embeddable":true,"href":"https:\/\/www.diocesidinuoro.it\/percorsidigrazia\/wp-json\/wp\/v2\/comments?post=279"}],"version-history":[{"count":5,"href":"https:\/\/www.diocesidinuoro.it\/percorsidigrazia\/wp-json\/wp\/v2\/pages\/279\/revisions"}],"predecessor-version":[{"id":501,"href":"https:\/\/www.diocesidinuoro.it\/percorsidigrazia\/wp-json\/wp\/v2\/pages\/279\/revisions\/501"}],"up":[{"embeddable":true,"href":"https:\/\/www.diocesidinuoro.it\/percorsidigrazia\/wp-json\/wp\/v2\/pages\/52"}],"wp:attachment":[{"href":"https:\/\/www.diocesidinuoro.it\/percorsidigrazia\/wp-json\/wp\/v2\/media?parent=279"}],"curies":[{"name":"wp","href":"https:\/\/api.w.org\/{rel}","templated":true}]}}