{"id":294,"date":"2023-10-06T12:46:36","date_gmt":"2023-10-06T10:46:36","guid":{"rendered":"https:\/\/www.diocesidinuoro.it\/percorsidigrazia\/?page_id=294"},"modified":"2023-11-23T10:23:49","modified_gmt":"2023-11-23T09:23:49","slug":"chiesadelsantissimocrocifisso","status":"publish","type":"page","link":"https:\/\/www.diocesidinuoro.it\/percorsidigrazia\/galtelli\/chiesadelsantissimocrocifisso\/","title":{"rendered":"Chiesa del Santissimo Crocifisso"},"content":{"rendered":"<div id=\"pl-294\"  class=\"panel-layout\" ><div id=\"pg-294-0\"  class=\"panel-grid panel-has-style\" ><div class=\"row grid-x panel-row-style panel-row-style-for-294-0\" ><div id=\"pgc-294-0-0\"  class=\"panel-grid-cell cell columns small-12 medium-12\" ><div id=\"panel-294-0-0-0\" class=\"so-panel widget widget_sow-headline panel-first-child\" data-index=\"0\" ><div style=\";background-repeat:repeat;\" class=\"panel-widget-style panel-widget-style-for-294-0-0-0\" ><div\n\t\t\t\n\t\t\tclass=\"so-widget-sow-headline so-widget-sow-headline-default-60b5411ac097-294\"\n\t\t\t\n\t\t><div class=\"sow-headline-container \">\n\t\t\t\t\t\t\t<h2 class=\"sow-headline\">\n\t\t\t\t\t\tChiesa del Santissimo Crocifisso\t\t\t\t\t\t<\/h2>\n\t\t\t\t\t\t\t\t\t\t\t<div class=\"decoration\">\n\t\t\t\t\t\t<div class=\"decoration-inside\"><\/div>\n\t\t\t\t\t<\/div>\n\t\t\t\t\t\t\t\t\t\t\t<h3 class=\"sow-sub-headline\">\n\t\t\t\t\t\tGaltell\u00ec\t\t\t\t\t\t<\/h3>\n\t\t\t\t\t\t<\/div>\n<\/div><\/div><\/div><div id=\"panel-294-0-0-1\" class=\"so-panel widget widget_sow-image\" data-index=\"1\" ><div style=\";background-repeat:repeat;\" class=\"panel-widget-style panel-widget-style-for-294-0-0-1\" ><div\n\t\t\t\n\t\t\tclass=\"so-widget-sow-image so-widget-sow-image-default-8b5b6f678277-294\"\n\t\t\t\n\t\t>\n\n<div class=\"sow-image-container\">\n\t\t<img loading=\"lazy\" decoding=\"async\" src=\"https:\/\/www.diocesidinuoro.it\/percorsidigrazia\/wp-content\/uploads\/sites\/17\/2023\/10\/Cattura-150x150.png\" width=\"50\" height=\"100\" sizes=\"(max-width: 50px) 100vw, 50px\" alt=\"\" \t\tclass=\"so-widget-image\"\/>\n\t<\/div>\n\n<\/div><\/div><\/div><div id=\"panel-294-0-0-2\" class=\"so-panel widget widget_sow-slider panel-last-child\" data-index=\"2\" ><div style=\";background-repeat:repeat;\" class=\"panel-widget-style panel-widget-style-for-294-0-0-2\" ><div\n\t\t\t\n\t\t\tclass=\"so-widget-sow-slider so-widget-sow-slider-default-6d39609536fd-294\"\n\t\t\t\n\t\t>\t\t\t\t<div class=\"sow-slider-base\" style=\"display: none\" tabindex=\"0\">\n\t\t\t\t\t<ul\n\t\t\t\t\tclass=\"sow-slider-images\"\n\t\t\t\t\tdata-settings=\"{&quot;pagination&quot;:true,&quot;speed&quot;:800,&quot;timeout&quot;:8000,&quot;paused&quot;:false,&quot;pause_on_hover&quot;:false,&quot;swipe&quot;:true,&quot;nav_always_show_desktop&quot;:&quot;&quot;,&quot;nav_always_show_mobile&quot;:&quot;&quot;,&quot;breakpoint&quot;:&quot;780px&quot;,&quot;unmute&quot;:false,&quot;anchor&quot;:null}\"\n\t\t\t\t\t\t\t\t\t\tdata-anchor-id=\"\"\n\t\t\t\t>\t\t<li class=\"sow-slider-image\" style=\"visibility: visible;\" >\n\t\t\t\t\t\t<img loading=\"lazy\" decoding=\"async\" width=\"4032\" height=\"3024\" src=\"https:\/\/www.diocesidinuoro.it\/percorsidigrazia\/wp-content\/uploads\/sites\/17\/2023\/10\/IMG_2312.png\" class=\"sow-slider-background-image\" alt=\"\" style=\"\" srcset=\"https:\/\/www.diocesidinuoro.it\/percorsidigrazia\/wp-content\/uploads\/sites\/17\/2023\/10\/IMG_2312.png 4032w, https:\/\/www.diocesidinuoro.it\/percorsidigrazia\/wp-content\/uploads\/sites\/17\/2023\/10\/IMG_2312-300x225.png 300w, https:\/\/www.diocesidinuoro.it\/percorsidigrazia\/wp-content\/uploads\/sites\/17\/2023\/10\/IMG_2312-1024x768.png 1024w, https:\/\/www.diocesidinuoro.it\/percorsidigrazia\/wp-content\/uploads\/sites\/17\/2023\/10\/IMG_2312-768x576.png 768w, https:\/\/www.diocesidinuoro.it\/percorsidigrazia\/wp-content\/uploads\/sites\/17\/2023\/10\/IMG_2312-1536x1152.png 1536w, https:\/\/www.diocesidinuoro.it\/percorsidigrazia\/wp-content\/uploads\/sites\/17\/2023\/10\/IMG_2312-2048x1536.png 2048w, https:\/\/www.diocesidinuoro.it\/percorsidigrazia\/wp-content\/uploads\/sites\/17\/2023\/10\/IMG_2312-600x450.png 600w, https:\/\/www.diocesidinuoro.it\/percorsidigrazia\/wp-content\/uploads\/sites\/17\/2023\/10\/IMG_2312-1200x900.png 1200w, https:\/\/www.diocesidinuoro.it\/percorsidigrazia\/wp-content\/uploads\/sites\/17\/2023\/10\/IMG_2312-800x600.png 800w\" sizes=\"(max-width: 4032px) 100vw, 4032px\" \/>\t\t<\/li>\n\t\t\t\t<li class=\"sow-slider-image\" style=\"visibility: hidden;\" >\n\t\t\t\t\t\t<img loading=\"lazy\" decoding=\"async\" width=\"2560\" height=\"1707\" src=\"https:\/\/www.diocesidinuoro.it\/percorsidigrazia\/wp-content\/uploads\/sites\/17\/2023\/10\/DSC_0014-1-scaled.jpg\" class=\"sow-slider-background-image\" alt=\"\" style=\"\" srcset=\"https:\/\/www.diocesidinuoro.it\/percorsidigrazia\/wp-content\/uploads\/sites\/17\/2023\/10\/DSC_0014-1-scaled.jpg 2560w, https:\/\/www.diocesidinuoro.it\/percorsidigrazia\/wp-content\/uploads\/sites\/17\/2023\/10\/DSC_0014-1-300x200.jpg 300w, https:\/\/www.diocesidinuoro.it\/percorsidigrazia\/wp-content\/uploads\/sites\/17\/2023\/10\/DSC_0014-1-1024x683.jpg 1024w, https:\/\/www.diocesidinuoro.it\/percorsidigrazia\/wp-content\/uploads\/sites\/17\/2023\/10\/DSC_0014-1-768x512.jpg 768w, https:\/\/www.diocesidinuoro.it\/percorsidigrazia\/wp-content\/uploads\/sites\/17\/2023\/10\/DSC_0014-1-1536x1024.jpg 1536w, https:\/\/www.diocesidinuoro.it\/percorsidigrazia\/wp-content\/uploads\/sites\/17\/2023\/10\/DSC_0014-1-2048x1365.jpg 2048w, https:\/\/www.diocesidinuoro.it\/percorsidigrazia\/wp-content\/uploads\/sites\/17\/2023\/10\/DSC_0014-1-600x400.jpg 600w, https:\/\/www.diocesidinuoro.it\/percorsidigrazia\/wp-content\/uploads\/sites\/17\/2023\/10\/DSC_0014-1-1200x800.jpg 1200w, https:\/\/www.diocesidinuoro.it\/percorsidigrazia\/wp-content\/uploads\/sites\/17\/2023\/10\/DSC_0014-1-800x533.jpg 800w, https:\/\/www.diocesidinuoro.it\/percorsidigrazia\/wp-content\/uploads\/sites\/17\/2023\/10\/DSC_0014-1-272x182.jpg 272w\" sizes=\"(max-width: 2560px) 100vw, 2560px\" \/>\t\t<\/li>\n\t\t\t\t<li class=\"sow-slider-image\" style=\"visibility: hidden;\" >\n\t\t\t\t\t\t<img loading=\"lazy\" decoding=\"async\" width=\"2560\" height=\"1707\" src=\"https:\/\/www.diocesidinuoro.it\/percorsidigrazia\/wp-content\/uploads\/sites\/17\/2023\/10\/DSC_0041-scaled.jpg\" class=\"sow-slider-background-image\" alt=\"\" style=\"\" srcset=\"https:\/\/www.diocesidinuoro.it\/percorsidigrazia\/wp-content\/uploads\/sites\/17\/2023\/10\/DSC_0041-scaled.jpg 2560w, https:\/\/www.diocesidinuoro.it\/percorsidigrazia\/wp-content\/uploads\/sites\/17\/2023\/10\/DSC_0041-300x200.jpg 300w, https:\/\/www.diocesidinuoro.it\/percorsidigrazia\/wp-content\/uploads\/sites\/17\/2023\/10\/DSC_0041-1024x683.jpg 1024w, https:\/\/www.diocesidinuoro.it\/percorsidigrazia\/wp-content\/uploads\/sites\/17\/2023\/10\/DSC_0041-768x512.jpg 768w, https:\/\/www.diocesidinuoro.it\/percorsidigrazia\/wp-content\/uploads\/sites\/17\/2023\/10\/DSC_0041-1536x1024.jpg 1536w, https:\/\/www.diocesidinuoro.it\/percorsidigrazia\/wp-content\/uploads\/sites\/17\/2023\/10\/DSC_0041-2048x1365.jpg 2048w, https:\/\/www.diocesidinuoro.it\/percorsidigrazia\/wp-content\/uploads\/sites\/17\/2023\/10\/DSC_0041-600x400.jpg 600w, https:\/\/www.diocesidinuoro.it\/percorsidigrazia\/wp-content\/uploads\/sites\/17\/2023\/10\/DSC_0041-1200x800.jpg 1200w, https:\/\/www.diocesidinuoro.it\/percorsidigrazia\/wp-content\/uploads\/sites\/17\/2023\/10\/DSC_0041-800x533.jpg 800w, https:\/\/www.diocesidinuoro.it\/percorsidigrazia\/wp-content\/uploads\/sites\/17\/2023\/10\/DSC_0041-272x182.jpg 272w\" sizes=\"(max-width: 2560px) 100vw, 2560px\" \/>\t\t<\/li>\n\t\t\t\t<li class=\"sow-slider-image\" style=\"visibility: hidden;\" >\n\t\t\t\t\t\t<img loading=\"lazy\" decoding=\"async\" width=\"2560\" height=\"1707\" src=\"https:\/\/www.diocesidinuoro.it\/percorsidigrazia\/wp-content\/uploads\/sites\/17\/2023\/10\/DSC_0042-scaled.jpg\" class=\"sow-slider-background-image\" alt=\"\" style=\"\" srcset=\"https:\/\/www.diocesidinuoro.it\/percorsidigrazia\/wp-content\/uploads\/sites\/17\/2023\/10\/DSC_0042-scaled.jpg 2560w, https:\/\/www.diocesidinuoro.it\/percorsidigrazia\/wp-content\/uploads\/sites\/17\/2023\/10\/DSC_0042-300x200.jpg 300w, https:\/\/www.diocesidinuoro.it\/percorsidigrazia\/wp-content\/uploads\/sites\/17\/2023\/10\/DSC_0042-1024x683.jpg 1024w, https:\/\/www.diocesidinuoro.it\/percorsidigrazia\/wp-content\/uploads\/sites\/17\/2023\/10\/DSC_0042-768x512.jpg 768w, https:\/\/www.diocesidinuoro.it\/percorsidigrazia\/wp-content\/uploads\/sites\/17\/2023\/10\/DSC_0042-1536x1024.jpg 1536w, https:\/\/www.diocesidinuoro.it\/percorsidigrazia\/wp-content\/uploads\/sites\/17\/2023\/10\/DSC_0042-2048x1365.jpg 2048w, https:\/\/www.diocesidinuoro.it\/percorsidigrazia\/wp-content\/uploads\/sites\/17\/2023\/10\/DSC_0042-600x400.jpg 600w, https:\/\/www.diocesidinuoro.it\/percorsidigrazia\/wp-content\/uploads\/sites\/17\/2023\/10\/DSC_0042-1200x800.jpg 1200w, https:\/\/www.diocesidinuoro.it\/percorsidigrazia\/wp-content\/uploads\/sites\/17\/2023\/10\/DSC_0042-800x533.jpg 800w, https:\/\/www.diocesidinuoro.it\/percorsidigrazia\/wp-content\/uploads\/sites\/17\/2023\/10\/DSC_0042-272x182.jpg 272w\" sizes=\"(max-width: 2560px) 100vw, 2560px\" \/>\t\t<\/li>\n\t\t\t\t<li class=\"sow-slider-image\" style=\"visibility: hidden;\" >\n\t\t\t\t\t\t<img loading=\"lazy\" decoding=\"async\" width=\"4032\" height=\"3024\" src=\"https:\/\/www.diocesidinuoro.it\/percorsidigrazia\/wp-content\/uploads\/sites\/17\/2023\/10\/IMG_2319.png\" class=\"sow-slider-background-image\" alt=\"\" style=\"\" srcset=\"https:\/\/www.diocesidinuoro.it\/percorsidigrazia\/wp-content\/uploads\/sites\/17\/2023\/10\/IMG_2319.png 4032w, https:\/\/www.diocesidinuoro.it\/percorsidigrazia\/wp-content\/uploads\/sites\/17\/2023\/10\/IMG_2319-300x225.png 300w, https:\/\/www.diocesidinuoro.it\/percorsidigrazia\/wp-content\/uploads\/sites\/17\/2023\/10\/IMG_2319-1024x768.png 1024w, https:\/\/www.diocesidinuoro.it\/percorsidigrazia\/wp-content\/uploads\/sites\/17\/2023\/10\/IMG_2319-768x576.png 768w, https:\/\/www.diocesidinuoro.it\/percorsidigrazia\/wp-content\/uploads\/sites\/17\/2023\/10\/IMG_2319-1536x1152.png 1536w, https:\/\/www.diocesidinuoro.it\/percorsidigrazia\/wp-content\/uploads\/sites\/17\/2023\/10\/IMG_2319-2048x1536.png 2048w, https:\/\/www.diocesidinuoro.it\/percorsidigrazia\/wp-content\/uploads\/sites\/17\/2023\/10\/IMG_2319-600x450.png 600w, https:\/\/www.diocesidinuoro.it\/percorsidigrazia\/wp-content\/uploads\/sites\/17\/2023\/10\/IMG_2319-1200x900.png 1200w, https:\/\/www.diocesidinuoro.it\/percorsidigrazia\/wp-content\/uploads\/sites\/17\/2023\/10\/IMG_2319-800x600.png 800w\" sizes=\"(max-width: 4032px) 100vw, 4032px\" \/>\t\t<\/li>\n\t\t\t\t<li class=\"sow-slider-image\" style=\"visibility: hidden;\" >\n\t\t\t\t\t\t<img loading=\"lazy\" decoding=\"async\" width=\"4032\" height=\"3024\" src=\"https:\/\/www.diocesidinuoro.it\/percorsidigrazia\/wp-content\/uploads\/sites\/17\/2023\/10\/IMG_2323.png\" class=\"sow-slider-background-image\" alt=\"\" style=\"\" srcset=\"https:\/\/www.diocesidinuoro.it\/percorsidigrazia\/wp-content\/uploads\/sites\/17\/2023\/10\/IMG_2323.png 4032w, https:\/\/www.diocesidinuoro.it\/percorsidigrazia\/wp-content\/uploads\/sites\/17\/2023\/10\/IMG_2323-300x225.png 300w, https:\/\/www.diocesidinuoro.it\/percorsidigrazia\/wp-content\/uploads\/sites\/17\/2023\/10\/IMG_2323-1024x768.png 1024w, https:\/\/www.diocesidinuoro.it\/percorsidigrazia\/wp-content\/uploads\/sites\/17\/2023\/10\/IMG_2323-768x576.png 768w, https:\/\/www.diocesidinuoro.it\/percorsidigrazia\/wp-content\/uploads\/sites\/17\/2023\/10\/IMG_2323-1536x1152.png 1536w, https:\/\/www.diocesidinuoro.it\/percorsidigrazia\/wp-content\/uploads\/sites\/17\/2023\/10\/IMG_2323-2048x1536.png 2048w, https:\/\/www.diocesidinuoro.it\/percorsidigrazia\/wp-content\/uploads\/sites\/17\/2023\/10\/IMG_2323-600x450.png 600w, https:\/\/www.diocesidinuoro.it\/percorsidigrazia\/wp-content\/uploads\/sites\/17\/2023\/10\/IMG_2323-1200x900.png 1200w, https:\/\/www.diocesidinuoro.it\/percorsidigrazia\/wp-content\/uploads\/sites\/17\/2023\/10\/IMG_2323-800x600.png 800w\" sizes=\"(max-width: 4032px) 100vw, 4032px\" \/>\t\t<\/li>\n\t\t\t\t<li class=\"sow-slider-image\" style=\"visibility: hidden;\" >\n\t\t\t\t\t\t<img loading=\"lazy\" decoding=\"async\" width=\"2560\" height=\"1707\" src=\"https:\/\/www.diocesidinuoro.it\/percorsidigrazia\/wp-content\/uploads\/sites\/17\/2023\/10\/DSC_0025-scaled.jpg\" class=\"sow-slider-background-image\" alt=\"percorsidigrazia_santissimo\" style=\"\" srcset=\"https:\/\/www.diocesidinuoro.it\/percorsidigrazia\/wp-content\/uploads\/sites\/17\/2023\/10\/DSC_0025-scaled.jpg 2560w, https:\/\/www.diocesidinuoro.it\/percorsidigrazia\/wp-content\/uploads\/sites\/17\/2023\/10\/DSC_0025-300x200.jpg 300w, https:\/\/www.diocesidinuoro.it\/percorsidigrazia\/wp-content\/uploads\/sites\/17\/2023\/10\/DSC_0025-1024x683.jpg 1024w, https:\/\/www.diocesidinuoro.it\/percorsidigrazia\/wp-content\/uploads\/sites\/17\/2023\/10\/DSC_0025-768x512.jpg 768w, https:\/\/www.diocesidinuoro.it\/percorsidigrazia\/wp-content\/uploads\/sites\/17\/2023\/10\/DSC_0025-1536x1024.jpg 1536w, https:\/\/www.diocesidinuoro.it\/percorsidigrazia\/wp-content\/uploads\/sites\/17\/2023\/10\/DSC_0025-2048x1365.jpg 2048w, https:\/\/www.diocesidinuoro.it\/percorsidigrazia\/wp-content\/uploads\/sites\/17\/2023\/10\/DSC_0025-600x400.jpg 600w, https:\/\/www.diocesidinuoro.it\/percorsidigrazia\/wp-content\/uploads\/sites\/17\/2023\/10\/DSC_0025-1200x800.jpg 1200w, https:\/\/www.diocesidinuoro.it\/percorsidigrazia\/wp-content\/uploads\/sites\/17\/2023\/10\/DSC_0025-800x533.jpg 800w, https:\/\/www.diocesidinuoro.it\/percorsidigrazia\/wp-content\/uploads\/sites\/17\/2023\/10\/DSC_0025-272x182.jpg 272w\" sizes=\"(max-width: 2560px) 100vw, 2560px\" \/>\t\t<\/li>\n\t\t<\/ul>\t\t\t\t<ol class=\"sow-slider-pagination\">\n\t\t\t\t\t\t\t\t\t\t\t<li><a href=\"#\" data-goto=\"0\" aria-label=\"display slide 1\"><\/a><\/li>\n\t\t\t\t\t\t\t\t\t\t\t<li><a href=\"#\" data-goto=\"1\" aria-label=\"display slide 2\"><\/a><\/li>\n\t\t\t\t\t\t\t\t\t\t\t<li><a href=\"#\" data-goto=\"2\" aria-label=\"display slide 3\"><\/a><\/li>\n\t\t\t\t\t\t\t\t\t\t\t<li><a href=\"#\" data-goto=\"3\" aria-label=\"display slide 4\"><\/a><\/li>\n\t\t\t\t\t\t\t\t\t\t\t<li><a href=\"#\" data-goto=\"4\" aria-label=\"display slide 5\"><\/a><\/li>\n\t\t\t\t\t\t\t\t\t\t\t<li><a href=\"#\" data-goto=\"5\" aria-label=\"display slide 6\"><\/a><\/li>\n\t\t\t\t\t\t\t\t\t\t\t<li><a href=\"#\" data-goto=\"6\" aria-label=\"display slide 7\"><\/a><\/li>\n\t\t\t\t\t\t\t\t\t<\/ol>\n\n\t\t\t\t<div class=\"sow-slide-nav sow-slide-nav-next\">\n\t\t\t\t\t<a href=\"#\" data-goto=\"next\" aria-label=\"next slide\" data-action=\"next\">\n\t\t\t\t\t\t<em class=\"sow-sld-icon-thin-right\"><\/em>\n\t\t\t\t\t<\/a>\n\t\t\t\t<\/div>\n\n\t\t\t\t<div class=\"sow-slide-nav sow-slide-nav-prev\">\n\t\t\t\t\t<a href=\"#\" data-goto=\"previous\" aria-label=\"previous slide\" data-action=\"prev\">\n\t\t\t\t\t\t<em class=\"sow-sld-icon-thin-left\"><\/em>\n\t\t\t\t\t<\/a>\n\t\t\t\t<\/div>\n\t\t\t\t<\/div><\/div><\/div><\/div><\/div><\/div><\/div><div id=\"pg-294-1\"  class=\"panel-grid panel-has-style\" ><div class=\"row grid-x panel-row-style panel-row-style-for-294-1\" ><div id=\"pgc-294-1-0\"  class=\"panel-grid-cell panel-grid-cell-mobile-last cell columns small-12 medium-6\" ><div id=\"panel-294-1-0-0\" class=\"so-panel widget widget_text panel-first-child\" data-index=\"3\" ><div style=\";background-repeat:repeat;\" class=\"panel-widget-style panel-widget-style-for-294-1-0-0\" >\t\t\t<div class=\"textwidget\"><p>&nbsp;<\/p>\n<p><i><span style=\"font-weight: 400\">\u201cil Cristo che sta dietro la tenda giallastra dell\u2019altare, e che solo due volte l\u2019anno viene mostrato al popolo, scende dal suo nascondiglio e cammina: anche Lui \u00e8 magro, pallido, silenzioso. <\/span><\/i><\/p>\n<p>Tratto da Canne al vento, Ilisso, 1913<\/p>\n<\/div>\n\t\t<\/div><\/div><div id=\"panel-294-1-0-1\" class=\"so-panel widget widget_sow-image panel-last-child\" data-index=\"4\" ><div style=\";background-repeat:repeat;\" class=\"panel-widget-style panel-widget-style-for-294-1-0-1\" ><div\n\t\t\t\n\t\t\tclass=\"so-widget-sow-image so-widget-sow-image-default-8b5b6f678277-294\"\n\t\t\t\n\t\t>\n\n<div class=\"sow-image-container\">\n\t\t<img loading=\"lazy\" decoding=\"async\" src=\"https:\/\/www.diocesidinuoro.it\/percorsidigrazia\/wp-content\/uploads\/sites\/17\/2023\/10\/Cattura-150x150.png\" width=\"50\" height=\"100\" sizes=\"(max-width: 50px) 100vw, 50px\" alt=\"\" \t\tclass=\"so-widget-image\"\/>\n\t<\/div>\n\n<\/div><\/div><\/div><\/div><div id=\"pgc-294-1-1\"  class=\"panel-grid-cell panel-grid-cell-empty cell columns small-12 medium-6\" ><\/div><\/div><\/div><div id=\"pg-294-2\"  class=\"panel-grid panel-has-style\" ><div class=\"row grid-x panel-row-style panel-row-style-for-294-2\" ><div id=\"pgc-294-2-0\"  class=\"panel-grid-cell cell columns small-12 medium-12\" ><div id=\"panel-294-2-0-0\" class=\"so-panel widget widget_sow-editor panel-first-child panel-last-child\" data-index=\"5\" ><div style=\";background-repeat:repeat;\" class=\"panel-widget-style panel-widget-style-for-294-2-0-0\" ><div\n\t\t\t\n\t\t\tclass=\"so-widget-sow-editor so-widget-sow-editor-base\"\n\t\t\t\n\t\t>\n<div class=\"siteorigin-widget-tinymce textwidget\">\n\t<p><b>Cenni storici<\/b><\/p>\n<p><strong><i>Il santuario:<\/i><\/strong><i><span style=\"font-weight: 400\"><br \/>\n<\/span><\/i><span style=\"font-weight: 400\">La chiesa parrocchiale del Santissimo crocifisso edificata col nome di Santa Maria delle Torri in periodo medievale, venne ricostruita in stile gotico-aragonese, ingrandita e reintitolata al SS. Crocifisso ai primi del 1400. Ristrutturata ancora nel Settecento, attualmente si presenta in parte in stile barocco-piemontese. Diverse opere d'arte arricchiscono la chiesa, a cominciare dal simulacro ligneo, a grandezza naturale, del Cristo crocifisso, databile tra la fine del XIV e gli inizi del XV secolo, di scuola pisana. Nel 1491 la Chiesa di S. Maria \u2018e Turres perder\u00e0\u00a0 questo\u00a0 titolo per acquisire quello di S.S. Crocifisso e dal punto di vista strutturale subir\u00e0 una serie di ampliamenti che ne\u00a0 determineranno l\u2019attuale configurazione architettonica, osservando la muratura a vista della costruzione si possono facilmente identificare i diversi stili costruttivi\u00a0 e i materiali (puddinga, basalto, mattoni trachite e malta cementizia ) adoperati per eseguire questi lavori nel corso del tempo, fino ai primissimi anni del 1500 quando vennero completati. La Chiesa ha una pianta basilicale ad una sola navata. La facciata presenta un portale architravato servito da due mensole sormontate da una finestra, lo sviluppo della facciata \u00e8 movimentato da un gioco di cornici e lesene che ne arricchiscono la composizione architettonica. Il fianco meridionale, sostenuto da quattro contrafforti di cui i primi tre hanno pianta rettangolare e l\u2019ultimo ubicato nel muro del presbiterio ha pianta triangolare, su questo lato si aprono due portali. Uno lunettato e architravato\u00a0 ormai chiuso, e poco distante il portale d\u2019accesso reso in conci di trachite, con una modanatura che insieme agli stipiti decorati alla base vanno a formare una cornice .<\/span><\/p>\n<p><span style=\"font-weight: 400\">La navata \u00e8 divisa in cinque campate da quattro archi ogivali i quali fungono da sostegno anche al tetto ligneo a due spioventi, mediante degli archi a sesto acuto si aprono sulla navata le quattro cappelle che sono nel lato nord, di queste la 2\u00b0-3\u00b0-e 4\u00b0 presentano una volta a crociera mentre la prima una volta a otto spicchi con una curvatura che gli conferisce una forma a campana. Il presbiterio si affaccia sulla navata attraverso un arco trionfale a tutto sesto, che si ripete sul fondo nel punto in cui si innesta il coro absidato, il presbiterio a forma quadrata ha una copertura data da una cupola emisferica sormontata da una lanterna circolare a sua volta coronata da un cupolino moresco sulla cui sommit\u00e0 vi \u00e8 una croce, il tutto \u00e8 visibile dall\u2019esterno sul lato meridionale. Gli abbellimenti dell\u2019interno sono in stile prettamente barocco. Il coro ha come copertura una volta emisferica arricchito dell\u2019immagine di una colomba rappresentante lo Spirito Santo che fuoriesce da una nuvola sorretta da tre putti ,e tre teste di angioletti . Nell\u2019angolo che si crea tra il presbiterio e l\u2019ultima cappella a nord si apre la sacrestia e la struttura da cui si innalza il campanile che \u00e8 abbellito nella torre campanaria da merlature sotto cui si aprono le finestre da dove si possono scorgere le campane che ancora oggi sono suonate da abili campanari locali. L\u2019interno della chiesa\u00a0 risulta essere uno scrigno di preziosi tesori d\u2019arte religiosa che testimoniano il glorioso passato e il profondo sentimento religioso che come allora ancora oggi \u00e8 vissuto con grande coinvolgimento, per valenza artistica e fede spicca fra questi la statua lignea del Santissimo Crocifisso, un\u2019opera del 1300 portata a Galtell\u00ec, come su detto da fra Paolo da Roma nel 1394. L\u2019iconografia dell\u2019altare maggiore \u00e8 completata dalla presenza ai piedi del Cristo delle statue ,sempre a grandezza naturale ,della Madonna e di San Giovanni apostolo. Il tutto \u00e8 custodito all\u2019interno del presbiterio da una grata in ferro battuto della I\u00b0 met\u00e0 del \u2018500.<\/span><\/p>\n<p><span style=\"font-weight: 400\">Altri arredi sacri di notevole pregio sono un antependium o paliotto del 1600 in cui sono raffigurate, all\u2019interno di specchi incorniciati da dei mascheroni in rilievo e tralci di fiorami e melograni ,tipici della cultura toscana ,l\u2019immagine di un rinoceronte e di un uccello;a fianco del presbiterio \u00e8 collocato un organo a canne del 1700 dalle notevoli capacit\u00e0 dell\u2019impianto e il bellissimo vano delle canne intagliato e dipinto in oro ,vi \u00e8 poi la statua in legno del\u00a0 \u2018500 che ritrae\u00a0 \u201cSu Babbu Mannu\u201d ossia la Santissima Trinit\u00e0 ,che \u00e8 una vera sfida artistica perch\u00e9 ci propone\u00a0 Dio nella Sua totalit\u00e0.<\/span><\/p>\n<p><span style=\"font-weight: 400\">Tanti sono poi gli argenti e i paramenti sacri\u00a0 risalenti al periodo, successivo\u00a0 in cui Galtell\u00ec fu sede vescovile,e che a breve andranno a formare un museo di tesori d\u2019arte permanente all\u2019interno delle chiese pi\u00f9 importanti del borgo.<\/span><span style=\"font-weight: 400\"><br \/>\n<\/span><span style=\"font-weight: 400\"><br \/>\n<\/span><strong><i>La leggenda<\/i>:<\/strong><span style=\"font-weight: 400\"><br \/>\n<\/span><span style=\"font-weight: 400\">La leggenda dell'arrivo del crocifisso ligneo al paese \u00e8 motivo di orgoglio per gli abitanti. Essa narra che una cassa di legno venne trovata sulla spiaggia di Marina di\u00a0<\/span><span style=\"font-weight: 400\">Orosei<\/span><span style=\"font-weight: 400\">\u00a0il 3 maggio 1394, contenente la statua del\u00a0Cristo, e venne trasportata, con un carro, attraverso diversi dei paesi vicini, da degli abitanti di\u00a0Sarule\u00a0che intendevano portarla in una delle loro chiese. Giungendo per\u00f2 di fronte alla chiesa di Santa Maria delle Torri il carro, improvvisamente, si blocc\u00f2. I due buoi che lo trasportavano vennero incitati a proseguire, lasciati riposare e addirittura sostituiti da altri due, ma il carro non si muoveva da davanti alla chiesa. Cos\u00ec dopo ore di inutili tentativi si decise di sistemarla nella chiesa parrocchiale di Galtell\u00ec. Da allora Sarule e Galtell\u00ec hanno un\u00a0gemellaggio, e ogni 3 maggio, i paesi festeggiano il patrono \"Santissimo Crocifisso\".\u00a0<\/span><\/p>\n<\/div>\n<\/div><\/div><\/div><\/div><\/div><\/div><\/div>","protected":false},"excerpt":{"rendered":"<p>&nbsp; \u201cil Cristo che sta dietro la tenda giallastra dell\u2019altare, e che solo due volte l\u2019anno viene mostrato al popolo, scende dal suo nascondiglio e cammina: anche Lui \u00e8 magro, pallido, silenzioso. Tratto da Canne al vento, Ilisso, 1913<\/p>\n","protected":false},"author":0,"featured_media":0,"parent":52,"menu_order":0,"comment_status":"closed","ping_status":"closed","template":"","meta":{"_acf_changed":false,"ip_address":"","user_agent":"","level":"","revision":"","cookie_id":"","page_referer":"","html_form":"","footnotes":""},"acf":[],"_links":{"self":[{"href":"https:\/\/www.diocesidinuoro.it\/percorsidigrazia\/wp-json\/wp\/v2\/pages\/294"}],"collection":[{"href":"https:\/\/www.diocesidinuoro.it\/percorsidigrazia\/wp-json\/wp\/v2\/pages"}],"about":[{"href":"https:\/\/www.diocesidinuoro.it\/percorsidigrazia\/wp-json\/wp\/v2\/types\/page"}],"author":[{"embeddable":true,"href":"https:\/\/www.diocesidinuoro.it\/percorsidigrazia\/wp-json\/wp\/v2\/users\/14"}],"replies":[{"embeddable":true,"href":"https:\/\/www.diocesidinuoro.it\/percorsidigrazia\/wp-json\/wp\/v2\/comments?post=294"}],"version-history":[{"count":7,"href":"https:\/\/www.diocesidinuoro.it\/percorsidigrazia\/wp-json\/wp\/v2\/pages\/294\/revisions"}],"predecessor-version":[{"id":881,"href":"https:\/\/www.diocesidinuoro.it\/percorsidigrazia\/wp-json\/wp\/v2\/pages\/294\/revisions\/881"}],"up":[{"embeddable":true,"href":"https:\/\/www.diocesidinuoro.it\/percorsidigrazia\/wp-json\/wp\/v2\/pages\/52"}],"wp:attachment":[{"href":"https:\/\/www.diocesidinuoro.it\/percorsidigrazia\/wp-json\/wp\/v2\/media?parent=294"}],"curies":[{"name":"wp","href":"https:\/\/api.w.org\/{rel}","templated":true}]}}