{"id":352,"date":"2023-10-11T11:00:41","date_gmt":"2023-10-11T09:00:41","guid":{"rendered":"https:\/\/www.diocesidinuoro.it\/percorsidigrazia\/?page_id=352"},"modified":"2023-11-23T10:24:51","modified_gmt":"2023-11-23T09:24:51","slug":"sa-domo-marras","status":"publish","type":"page","link":"https:\/\/www.diocesidinuoro.it\/percorsidigrazia\/galtelli\/sa-domo-marras\/","title":{"rendered":"Sa domo \u2018e Marras"},"content":{"rendered":"<div id=\"pl-352\"  class=\"panel-layout\" ><div id=\"pg-352-0\"  class=\"panel-grid panel-has-style\" ><div class=\"row grid-x panel-row-style panel-row-style-for-352-0\" ><div id=\"pgc-352-0-0\"  class=\"panel-grid-cell cell columns small-12 medium-12\" ><div id=\"panel-352-0-0-0\" class=\"so-panel widget widget_sow-headline panel-first-child\" data-index=\"0\" ><div style=\";background-repeat:repeat;\" class=\"panel-widget-style panel-widget-style-for-352-0-0-0\" ><div\n\t\t\t\n\t\t\tclass=\"so-widget-sow-headline so-widget-sow-headline-default-60b5411ac097-352\"\n\t\t\t\n\t\t><div class=\"sow-headline-container \">\n\t\t\t\t\t\t\t<h2 class=\"sow-headline\">\n\t\t\t\t\t\tSa domo \u2018e Marras\t\t\t\t\t\t<\/h2>\n\t\t\t\t\t\t\t\t\t\t\t<div class=\"decoration\">\n\t\t\t\t\t\t<div class=\"decoration-inside\"><\/div>\n\t\t\t\t\t<\/div>\n\t\t\t\t\t\t\t\t\t\t\t<h3 class=\"sow-sub-headline\">\n\t\t\t\t\t\tMuseo Entografico\t\t\t\t\t\t<\/h3>\n\t\t\t\t\t\t<\/div>\n<\/div><\/div><\/div><div id=\"panel-352-0-0-1\" class=\"so-panel widget widget_sow-image\" data-index=\"1\" ><div style=\";background-repeat:repeat;\" class=\"panel-widget-style panel-widget-style-for-352-0-0-1\" ><div\n\t\t\t\n\t\t\tclass=\"so-widget-sow-image so-widget-sow-image-default-8b5b6f678277-352\"\n\t\t\t\n\t\t>\n\n<div class=\"sow-image-container\">\n\t\t<img loading=\"lazy\" decoding=\"async\" src=\"https:\/\/www.diocesidinuoro.it\/percorsidigrazia\/wp-content\/uploads\/sites\/17\/2023\/10\/Cattura-150x150.png\" width=\"50\" height=\"100\" sizes=\"(max-width: 50px) 100vw, 50px\" alt=\"\" \t\tclass=\"so-widget-image\"\/>\n\t<\/div>\n\n<\/div><\/div><\/div><div id=\"panel-352-0-0-2\" class=\"so-panel widget widget_sow-slider\" data-index=\"2\" ><div style=\";background-repeat:repeat;\" class=\"panel-widget-style panel-widget-style-for-352-0-0-2\" ><div\n\t\t\t\n\t\t\tclass=\"so-widget-sow-slider so-widget-sow-slider-default-6d39609536fd-352\"\n\t\t\t\n\t\t>\t\t\t\t<div class=\"sow-slider-base\" style=\"display: none\" tabindex=\"0\">\n\t\t\t\t\t<ul\n\t\t\t\t\tclass=\"sow-slider-images\"\n\t\t\t\t\tdata-settings=\"{&quot;pagination&quot;:true,&quot;speed&quot;:800,&quot;timeout&quot;:8000,&quot;paused&quot;:false,&quot;pause_on_hover&quot;:false,&quot;swipe&quot;:true,&quot;nav_always_show_desktop&quot;:&quot;&quot;,&quot;nav_always_show_mobile&quot;:&quot;&quot;,&quot;breakpoint&quot;:&quot;780px&quot;,&quot;unmute&quot;:false,&quot;anchor&quot;:null}\"\n\t\t\t\t\t\t\t\t\t\tdata-anchor-id=\"\"\n\t\t\t\t>\t\t<li class=\"sow-slider-image\" style=\"visibility: visible;\" >\n\t\t\t\t\t\t<img loading=\"lazy\" decoding=\"async\" width=\"1617\" height=\"1080\" src=\"https:\/\/www.diocesidinuoro.it\/percorsidigrazia\/wp-content\/uploads\/sites\/17\/2023\/10\/Percorsi-di-Grazia_Sa-dome-e-Marras.jpg\" class=\"sow-slider-background-image\" alt=\"\" style=\"\" srcset=\"https:\/\/www.diocesidinuoro.it\/percorsidigrazia\/wp-content\/uploads\/sites\/17\/2023\/10\/Percorsi-di-Grazia_Sa-dome-e-Marras.jpg 1617w, https:\/\/www.diocesidinuoro.it\/percorsidigrazia\/wp-content\/uploads\/sites\/17\/2023\/10\/Percorsi-di-Grazia_Sa-dome-e-Marras-300x200.jpg 300w, https:\/\/www.diocesidinuoro.it\/percorsidigrazia\/wp-content\/uploads\/sites\/17\/2023\/10\/Percorsi-di-Grazia_Sa-dome-e-Marras-1024x684.jpg 1024w, https:\/\/www.diocesidinuoro.it\/percorsidigrazia\/wp-content\/uploads\/sites\/17\/2023\/10\/Percorsi-di-Grazia_Sa-dome-e-Marras-768x513.jpg 768w, https:\/\/www.diocesidinuoro.it\/percorsidigrazia\/wp-content\/uploads\/sites\/17\/2023\/10\/Percorsi-di-Grazia_Sa-dome-e-Marras-1536x1026.jpg 1536w, https:\/\/www.diocesidinuoro.it\/percorsidigrazia\/wp-content\/uploads\/sites\/17\/2023\/10\/Percorsi-di-Grazia_Sa-dome-e-Marras-600x401.jpg 600w, https:\/\/www.diocesidinuoro.it\/percorsidigrazia\/wp-content\/uploads\/sites\/17\/2023\/10\/Percorsi-di-Grazia_Sa-dome-e-Marras-1200x801.jpg 1200w, https:\/\/www.diocesidinuoro.it\/percorsidigrazia\/wp-content\/uploads\/sites\/17\/2023\/10\/Percorsi-di-Grazia_Sa-dome-e-Marras-800x534.jpg 800w, https:\/\/www.diocesidinuoro.it\/percorsidigrazia\/wp-content\/uploads\/sites\/17\/2023\/10\/Percorsi-di-Grazia_Sa-dome-e-Marras-272x182.jpg 272w\" sizes=\"(max-width: 1617px) 100vw, 1617px\" \/>\t\t<\/li>\n\t\t<\/ul>\t\t\t\t<ol class=\"sow-slider-pagination\">\n\t\t\t\t\t\t\t\t\t\t\t<li><a href=\"#\" data-goto=\"0\" aria-label=\"display slide 1\"><\/a><\/li>\n\t\t\t\t\t\t\t\t\t<\/ol>\n\n\t\t\t\t<div class=\"sow-slide-nav sow-slide-nav-next\">\n\t\t\t\t\t<a href=\"#\" data-goto=\"next\" aria-label=\"next slide\" data-action=\"next\">\n\t\t\t\t\t\t<em class=\"sow-sld-icon-thin-right\"><\/em>\n\t\t\t\t\t<\/a>\n\t\t\t\t<\/div>\n\n\t\t\t\t<div class=\"sow-slide-nav sow-slide-nav-prev\">\n\t\t\t\t\t<a href=\"#\" data-goto=\"previous\" aria-label=\"previous slide\" data-action=\"prev\">\n\t\t\t\t\t\t<em class=\"sow-sld-icon-thin-left\"><\/em>\n\t\t\t\t\t<\/a>\n\t\t\t\t<\/div>\n\t\t\t\t<\/div><\/div><\/div><\/div><div id=\"panel-352-0-0-3\" class=\"so-panel widget widget_sow-editor panel-last-child\" data-index=\"3\" ><div style=\";background-repeat:repeat;\" class=\"panel-widget-style panel-widget-style-for-352-0-0-3\" ><div\n\t\t\t\n\t\t\tclass=\"so-widget-sow-editor so-widget-sow-editor-base\"\n\t\t\t\n\t\t>\n<div class=\"siteorigin-widget-tinymce textwidget\">\n\t<p><em>Foto di Cristiano Cani - CC BY-NC-SA 2.0 DEED<\/em><\/p>\n<\/div>\n<\/div><\/div><\/div><\/div><\/div><\/div><div id=\"pg-352-1\"  class=\"panel-grid panel-has-style\" ><div class=\"row grid-x panel-row-style panel-row-style-for-352-1\" ><div id=\"pgc-352-1-0\"  class=\"panel-grid-cell cell columns small-12 medium-12\" ><div id=\"panel-352-1-0-0\" class=\"so-panel widget widget_text panel-first-child\" data-index=\"4\" ><div style=\";background-repeat:repeat;\" class=\"panel-widget-style panel-widget-style-for-352-1-0-0\" >\t\t\t<div class=\"textwidget\"><p>&nbsp;<\/p>\n<p><b>Il museo<\/b><\/p>\n<p><span style=\"font-weight: 400\">Alla periferia di Galtell\u00ec, su un isolato spuntone basaltico, si trova un caratteristico palazzetto nobiliare settecentesco. Il palazzo, nonostante le modifiche subite nel corso del tempo, ha conservato l&#8217;aspetto di un vero e piccolo castello con torretta merlata. Qui \u00e8 ubicato, su due livelli, il museo. <\/span><span style=\"font-weight: 400\">Al suo interno, il museo ospita una ricca collezione di reperti che documentano la vita quotidiana e il lavoro della comunit\u00e0 galtellinese nel XIX e XX secolo. Le singole stanze ospitano gli strumenti e i macchinari pi\u00f9 rappresentativi delle attivit\u00e0 artigianali proprie del mondo agro-pastorale, recuperati localmente grazie alla collaborazione della popolazione. <\/span><span style=\"font-weight: 400\">Il criterio scelto per la disposizione dei reperti \u00e8 stato per tematiche e mestieri. Cos\u00ec si trovano la ricostruzione di un ovile, di una cantina per la vinificazione, di un magazzino per le provviste e la sala della tessitura con l&#8217;esposizione, a terra e a parete,\u00a0di strumenti antichi.<\/p>\n<p><\/span><span style=\"font-weight: 400\">Fra questi spiccano un antico telaio orizzontale, del Settecento, in legno di ginepro, una macina asinaria, con vasca in basalto, utilizzata fino agli anni Quaranta del secolo scorso, un antichissimo aratro e, sempre in legno, un torchio per vinacce, dell&#8217;Ottocento. Di rilevante interesse la parte dell&#8217;esposizione destinata ai giochi tradizionali dei bambini. Qui sono esposti, tra gli altri, &#8220;sa metracula&#8221;, pannelli di legno con anelli di ferro, usati dai bambini durante la Settimana Santa per annunciare le funzioni religiose, e piccoli fucili costruiti utilizzando le canne palustri.<\/span><\/p>\n<p><span style=\"font-weight: 400\">Il secondo piano della casa-museo ripropone la ricostruzione degli ambienti padronali, con l&#8217;esposizione di oggetti e pezzi d&#8217;arredamento che ne rivelano l&#8217;uso familiare. Sono presenti le riproduzioni fedeli di un salotto antico, &#8220;sa domo de retzire&#8221;, della stanza da letto padronale, la cosiddetta &#8220;domo de nettu&#8221;, arredata con un antico letto in legno e le belle cassapanche dove si conservava il corredo nuziale e della cucina dove le donne, con maestria, provvedevano alla produzione del tipico &#8220;pane carasatu&#8221;. <\/span><\/p>\n<p><span style=\"font-weight: 400\">Il percorso museale si conclude con un&#8217;esposizione di costumi tradizionali di abbigliamento giornaliero e festivo, da uomo, donna e bambino, tra i quali spicca un abito da sposa originale dei primi anni del Novecento.<\/span><\/p>\n<p><span style=\"font-weight: 400\">La visita guidata al museo \u00e8 una tappa importante perch\u00e9 permette di approfondire un percorso nella memoria tra strumenti di lavoro d&#8217;altri tempi, oggetti della vita quotidiana e testimonianze della vita contadina, del mondo agro-pastorale e della cultura artigianale di Galtell\u00ec.<\/span><\/p>\n<p>&nbsp;<\/p>\n<p><strong>Servizi<\/strong><\/p>\n<p>Il museo offre una serie di servizi, tra cui:<br \/>\nvisite guidate.<br \/>\nlaboratori didattico-educativi.<br \/>\nprestito di libri e materiali multimediali.<br \/>\nattivit\u00e0 di ricerca.<\/p>\n<\/div>\n\t\t<\/div><\/div><div id=\"panel-352-1-0-1\" class=\"so-panel widget widget_sow-image panel-last-child\" data-index=\"5\" ><div style=\";background-repeat:repeat;\" class=\"panel-widget-style panel-widget-style-for-352-1-0-1\" ><div\n\t\t\t\n\t\t\tclass=\"so-widget-sow-image so-widget-sow-image-default-8b5b6f678277-352\"\n\t\t\t\n\t\t>\n\n<div class=\"sow-image-container\">\n\t\t<img loading=\"lazy\" decoding=\"async\" src=\"https:\/\/www.diocesidinuoro.it\/percorsidigrazia\/wp-content\/uploads\/sites\/17\/2023\/10\/Cattura-150x150.png\" width=\"50\" height=\"100\" sizes=\"(max-width: 50px) 100vw, 50px\" alt=\"\" \t\tclass=\"so-widget-image\"\/>\n\t<\/div>\n\n<\/div><\/div><\/div><\/div><\/div><\/div><div id=\"pg-352-2\"  class=\"panel-grid panel-has-style\" ><div class=\"row grid-x panel-row-style panel-row-style-for-352-2\" ><div id=\"pgc-352-2-0\"  class=\"panel-grid-cell cell columns small-12 medium-3\" ><div id=\"panel-352-2-0-0\" class=\"so-panel widget widget_sow-editor panel-first-child panel-last-child\" data-index=\"6\" ><div style=\";background-repeat:repeat;\" class=\"panel-widget-style panel-widget-style-for-352-2-0-0\" ><div\n\t\t\t\n\t\t\tclass=\"so-widget-sow-editor so-widget-sow-editor-base\"\n\t\t\t\n\t\t>\n<div class=\"siteorigin-widget-tinymce textwidget\">\n\t<h4 style=\"text-align: left\"><b>Informazioni<\/b><\/h4>\n<h6 style=\"text-align: left\"><strong>Indirizzo:<\/strong> via Garibaldi, 14 - 08020 Galtell\u00ec<\/h6>\n<h6 style=\"text-align: left\"><strong>Ente titolare:<\/strong> Comune di Galtell\u00ec<\/h6>\n<h6 style=\"text-align: left\"><strong>Ente gestore:<\/strong> Pro Loco di Galtell\u00ec<\/h6>\n<\/div>\n<\/div><\/div><\/div><\/div><div id=\"pgc-352-2-1\"  class=\"panel-grid-cell cell columns small-12 medium-3\" ><div id=\"panel-352-2-1-0\" class=\"so-panel widget widget_sow-editor panel-first-child panel-last-child\" data-index=\"7\" ><div style=\";background-repeat:repeat;\" class=\"panel-widget-style panel-widget-style-for-352-2-1-0\" ><div\n\t\t\t\n\t\t\tclass=\"so-widget-sow-editor so-widget-sow-editor-base\"\n\t\t\t\n\t\t>\n<div class=\"siteorigin-widget-tinymce textwidget\">\n\t<h4><b>Orari<\/b><\/h4>\n<p><strong>autunnale - invernale<\/strong><\/p>\n<p>MA-DO 16:00-19:00<\/p>\n<p><strong>primaverile - estivo<\/strong><\/p>\n<p>MA-DO 10:00-13:00 \/17:00-20:00<br \/>\n<i>Contattando la struttura \u00e8 possibile visitare il museo <\/i><i>anche nel giorno di chiusura di luned\u00ec.<\/i><\/p>\n<\/div>\n<\/div><\/div><\/div><\/div><div id=\"pgc-352-2-2\"  class=\"panel-grid-cell cell columns small-12 medium-3\" ><div id=\"panel-352-2-2-0\" class=\"so-panel widget widget_sow-editor panel-first-child panel-last-child\" data-index=\"8\" ><div style=\";background-repeat:repeat;\" class=\"panel-widget-style panel-widget-style-for-352-2-2-0\" ><div\n\t\t\t\n\t\t\tclass=\"so-widget-sow-editor so-widget-sow-editor-base\"\n\t\t\t\n\t\t>\n<div class=\"siteorigin-widget-tinymce textwidget\">\n\t<h4><b>Tickets<\/b><\/h4>\n<h6>Intero - euro 5,00 - adulti<\/h6>\n<h6>Ridotto - euro 3,00 - minori sino ai 18 anni, classi scolastiche e gruppi di almeno 20 persone, disabili.<\/h6>\n<h6>Gratuito - minori dai 0 ai 6 anni<\/h6>\n<\/div>\n<\/div><\/div><\/div><\/div><div id=\"pgc-352-2-3\"  class=\"panel-grid-cell cell columns small-12 medium-3\" ><div id=\"panel-352-2-3-0\" class=\"so-panel widget widget_sow-editor panel-first-child panel-last-child\" data-index=\"9\" ><div style=\";background-repeat:repeat;\" class=\"panel-widget-style panel-widget-style-for-352-2-3-0\" ><div\n\t\t\t\n\t\t\tclass=\"so-widget-sow-editor so-widget-sow-editor-base\"\n\t\t\t\n\t\t>\n<div class=\"siteorigin-widget-tinymce textwidget\">\n\t<h4><strong>Contatti<\/strong><\/h4>\n<p><strong>Telefono: <\/strong>+39 3472211296,<br \/>\n<span style=\"font-size: inherit\">+39 345 1312441, <\/span><span style=\"font-size: inherit\">+39 3471942842<\/span><\/p>\n<p><b>E-mail: <\/b>domoemarras2019@gmail.com - prolocogaltelli2019@gmail.com<\/p>\n<p><b>Sito web:\u00a0<\/b><a href=\"https:\/\/museomarras.com\/\">museomarras.com<\/a><\/p>\n<p><b>Facebook:\u00a0<\/b><a href=\"http:\/\/www.facebook.com\/domoemarras2019\">www.facebook.com\/domoemarras2019<\/a><\/p>\n<\/div>\n<\/div><\/div><\/div><\/div><\/div><\/div><\/div>","protected":false},"excerpt":{"rendered":"<p>Foto di Cristiano Cani &#8211; CC BY-NC-SA 2.0 DEED &nbsp; Il museo Alla periferia di Galtell\u00ec, su un isolato spuntone basaltico, si trova un caratteristico palazzetto nobiliare settecentesco. Il palazzo, nonostante le modifiche subite nel corso del tempo, ha conservato l&#8217;aspetto di un vero e piccolo castello con torretta merlata. Qui \u00e8 ubicato, su due livelli, il museo. Al suo interno, il museo ospita una &hellip; <a href=\"https:\/\/www.diocesidinuoro.it\/percorsidigrazia\/galtelli\/sa-domo-marras\/\" class=\"more-link\">Continua a leggere <span class=\"screen-reader-text\"><\/span> <span class=\"meta-nav\">&raquo;<\/span><\/a><\/p>\n","protected":false},"author":0,"featured_media":0,"parent":52,"menu_order":0,"comment_status":"closed","ping_status":"closed","template":"","meta":{"_acf_changed":false,"ip_address":"","user_agent":"","level":"","revision":"","cookie_id":"","page_referer":"","html_form":"","footnotes":""},"acf":[],"_links":{"self":[{"href":"https:\/\/www.diocesidinuoro.it\/percorsidigrazia\/wp-json\/wp\/v2\/pages\/352"}],"collection":[{"href":"https:\/\/www.diocesidinuoro.it\/percorsidigrazia\/wp-json\/wp\/v2\/pages"}],"about":[{"href":"https:\/\/www.diocesidinuoro.it\/percorsidigrazia\/wp-json\/wp\/v2\/types\/page"}],"author":[{"embeddable":true,"href":"https:\/\/www.diocesidinuoro.it\/percorsidigrazia\/wp-json\/wp\/v2\/users\/14"}],"replies":[{"embeddable":true,"href":"https:\/\/www.diocesidinuoro.it\/percorsidigrazia\/wp-json\/wp\/v2\/comments?post=352"}],"version-history":[{"count":22,"href":"https:\/\/www.diocesidinuoro.it\/percorsidigrazia\/wp-json\/wp\/v2\/pages\/352\/revisions"}],"predecessor-version":[{"id":1081,"href":"https:\/\/www.diocesidinuoro.it\/percorsidigrazia\/wp-json\/wp\/v2\/pages\/352\/revisions\/1081"}],"up":[{"embeddable":true,"href":"https:\/\/www.diocesidinuoro.it\/percorsidigrazia\/wp-json\/wp\/v2\/pages\/52"}],"wp:attachment":[{"href":"https:\/\/www.diocesidinuoro.it\/percorsidigrazia\/wp-json\/wp\/v2\/media?parent=352"}],"curies":[{"name":"wp","href":"https:\/\/api.w.org\/{rel}","templated":true}]}}