{"id":369,"date":"2023-10-11T11:12:39","date_gmt":"2023-10-11T09:12:39","guid":{"rendered":"https:\/\/www.diocesidinuoro.it\/percorsidigrazia\/?page_id=369"},"modified":"2023-11-21T13:04:45","modified_gmt":"2023-11-21T12:04:45","slug":"percorso-di-nostra-signora-di-gonare","status":"publish","type":"page","link":"https:\/\/www.diocesidinuoro.it\/percorsidigrazia\/nostra-signora-di-gonare\/percorso-di-nostra-signora-di-gonare\/","title":{"rendered":"Percorso di Nostra Signora di Gonare"},"content":{"rendered":"<div id=\"pl-369\"  class=\"panel-layout\" ><div id=\"pg-369-0\"  class=\"panel-grid panel-has-style\" ><div class=\"row grid-x panel-row-style panel-row-style-for-369-0\" ><div id=\"pgc-369-0-0\"  class=\"panel-grid-cell cell columns small-12 medium-12\" ><div id=\"panel-369-0-0-0\" class=\"so-panel widget widget_sow-headline panel-first-child panel-last-child\" data-index=\"0\" ><div style=\";background-repeat:repeat;\" class=\"panel-widget-style panel-widget-style-for-369-0-0-0\" ><div\n\t\t\t\n\t\t\tclass=\"so-widget-sow-headline so-widget-sow-headline-default-1a54d5882427-369\"\n\t\t\t\n\t\t><div class=\"sow-headline-container \">\n\t\t\t\t\t\t\t<h2 class=\"sow-headline\">\n\t\t\t\t\t\tPercorso di Nostra Signora di Gonare\t\t\t\t\t\t<\/h2>\n\t\t\t\t\t\t\t\t\t\t\t<div class=\"decoration\">\n\t\t\t\t\t\t<div class=\"decoration-inside\"><\/div>\n\t\t\t\t\t<\/div>\n\t\t\t\t\t\t\t\t\t\t\t<h3 class=\"sow-sub-headline\">\n\t\t\t\t\t\tAttraverso il Bosco di Gonare\t\t\t\t\t\t<\/h3>\n\t\t\t\t\t\t<\/div>\n<\/div><\/div><\/div><\/div><\/div><\/div><div id=\"pg-369-1\"  class=\"panel-grid panel-has-style\" ><div class=\"row grid-x panel-row-style panel-row-style-for-369-1\" ><div id=\"pgc-369-1-0\"  class=\"panel-grid-cell cell columns small-12 medium-12\" ><div id=\"panel-369-1-0-0\" class=\"so-panel widget widget_media_image panel-first-child panel-last-child\" data-index=\"1\" ><div style=\";background-repeat:repeat;\" class=\"panel-widget-style panel-widget-style-for-369-1-0-0\" ><img loading=\"lazy\" decoding=\"async\" width=\"300\" height=\"45\" src=\"https:\/\/www.diocesidinuoro.it\/percorsidigrazia\/wp-content\/uploads\/sites\/17\/2023\/10\/Cattura-300x45.png\" class=\"image wp-image-65  attachment-medium size-medium\" alt=\"\" style=\"max-width: 100%; height: auto;\" srcset=\"https:\/\/www.diocesidinuoro.it\/percorsidigrazia\/wp-content\/uploads\/sites\/17\/2023\/10\/Cattura-300x45.png 300w, https:\/\/www.diocesidinuoro.it\/percorsidigrazia\/wp-content\/uploads\/sites\/17\/2023\/10\/Cattura-1024x153.png 1024w, https:\/\/www.diocesidinuoro.it\/percorsidigrazia\/wp-content\/uploads\/sites\/17\/2023\/10\/Cattura-768x115.png 768w, https:\/\/www.diocesidinuoro.it\/percorsidigrazia\/wp-content\/uploads\/sites\/17\/2023\/10\/Cattura-1536x230.png 1536w, https:\/\/www.diocesidinuoro.it\/percorsidigrazia\/wp-content\/uploads\/sites\/17\/2023\/10\/Cattura-600x90.png 600w, https:\/\/www.diocesidinuoro.it\/percorsidigrazia\/wp-content\/uploads\/sites\/17\/2023\/10\/Cattura-1200x180.png 1200w, https:\/\/www.diocesidinuoro.it\/percorsidigrazia\/wp-content\/uploads\/sites\/17\/2023\/10\/Cattura-800x120.png 800w, https:\/\/www.diocesidinuoro.it\/percorsidigrazia\/wp-content\/uploads\/sites\/17\/2023\/10\/Cattura.png 1825w\" sizes=\"(max-width: 300px) 100vw, 300px\" \/><\/div><\/div><\/div><\/div><\/div><div id=\"pg-369-2\"  class=\"panel-grid panel-has-style\" ><div class=\"row grid-x panel-row-style panel-row-style-for-369-2\" ><div id=\"pgc-369-2-0\"  class=\"panel-grid-cell cell columns small-12 medium-12\" ><div id=\"panel-369-2-0-0\" class=\"so-panel widget widget_sow-image panel-first-child panel-last-child\" data-index=\"2\" ><div style=\";background-repeat:repeat;\" class=\"panel-widget-style panel-widget-style-for-369-2-0-0\" ><div\n\t\t\t\n\t\t\tclass=\"so-widget-sow-image so-widget-sow-image-default-c67d20f9f743-369\"\n\t\t\t\n\t\t>\n\n<div class=\"sow-image-container\">\n\t\t<img loading=\"lazy\" decoding=\"async\" src=\"https:\/\/www.diocesidinuoro.it\/percorsidigrazia\/wp-content\/uploads\/sites\/17\/2023\/10\/Screenshot-2023-10-11-alle-11.09.18.png\" width=\"1978\" height=\"1086\" srcset=\"https:\/\/www.diocesidinuoro.it\/percorsidigrazia\/wp-content\/uploads\/sites\/17\/2023\/10\/Screenshot-2023-10-11-alle-11.09.18.png 1978w, https:\/\/www.diocesidinuoro.it\/percorsidigrazia\/wp-content\/uploads\/sites\/17\/2023\/10\/Screenshot-2023-10-11-alle-11.09.18-300x165.png 300w, https:\/\/www.diocesidinuoro.it\/percorsidigrazia\/wp-content\/uploads\/sites\/17\/2023\/10\/Screenshot-2023-10-11-alle-11.09.18-1024x562.png 1024w, https:\/\/www.diocesidinuoro.it\/percorsidigrazia\/wp-content\/uploads\/sites\/17\/2023\/10\/Screenshot-2023-10-11-alle-11.09.18-768x422.png 768w, https:\/\/www.diocesidinuoro.it\/percorsidigrazia\/wp-content\/uploads\/sites\/17\/2023\/10\/Screenshot-2023-10-11-alle-11.09.18-1536x843.png 1536w, https:\/\/www.diocesidinuoro.it\/percorsidigrazia\/wp-content\/uploads\/sites\/17\/2023\/10\/Screenshot-2023-10-11-alle-11.09.18-600x329.png 600w, https:\/\/www.diocesidinuoro.it\/percorsidigrazia\/wp-content\/uploads\/sites\/17\/2023\/10\/Screenshot-2023-10-11-alle-11.09.18-1200x659.png 1200w, https:\/\/www.diocesidinuoro.it\/percorsidigrazia\/wp-content\/uploads\/sites\/17\/2023\/10\/Screenshot-2023-10-11-alle-11.09.18-800x439.png 800w\" sizes=\"(max-width: 1978px) 100vw, 1978px\" title=\"Screenshot 2023-10-11 alle 11.09.18\" alt=\"\" \t\tclass=\"so-widget-image\"\/>\n\t<\/div>\n\n<\/div><\/div><\/div><\/div><\/div><\/div><div id=\"pg-369-3\"  class=\"panel-grid panel-has-style\" ><div class=\"row grid-x panel-row-style panel-row-style-for-369-3\" ><div id=\"pgc-369-3-0\"  class=\"panel-grid-cell cell columns small-12 medium-12\" ><div id=\"panel-369-3-0-0\" class=\"so-panel widget widget_media_image panel-first-child panel-last-child\" data-index=\"3\" ><div style=\";background-repeat:repeat;\" class=\"panel-widget-style panel-widget-style-for-369-3-0-0\" ><img loading=\"lazy\" decoding=\"async\" width=\"300\" height=\"45\" src=\"https:\/\/www.diocesidinuoro.it\/percorsidigrazia\/wp-content\/uploads\/sites\/17\/2023\/10\/Cattura-300x45.png\" class=\"image wp-image-65  attachment-medium size-medium\" alt=\"\" style=\"max-width: 100%; height: auto;\" srcset=\"https:\/\/www.diocesidinuoro.it\/percorsidigrazia\/wp-content\/uploads\/sites\/17\/2023\/10\/Cattura-300x45.png 300w, https:\/\/www.diocesidinuoro.it\/percorsidigrazia\/wp-content\/uploads\/sites\/17\/2023\/10\/Cattura-1024x153.png 1024w, https:\/\/www.diocesidinuoro.it\/percorsidigrazia\/wp-content\/uploads\/sites\/17\/2023\/10\/Cattura-768x115.png 768w, https:\/\/www.diocesidinuoro.it\/percorsidigrazia\/wp-content\/uploads\/sites\/17\/2023\/10\/Cattura-1536x230.png 1536w, https:\/\/www.diocesidinuoro.it\/percorsidigrazia\/wp-content\/uploads\/sites\/17\/2023\/10\/Cattura-600x90.png 600w, https:\/\/www.diocesidinuoro.it\/percorsidigrazia\/wp-content\/uploads\/sites\/17\/2023\/10\/Cattura-1200x180.png 1200w, https:\/\/www.diocesidinuoro.it\/percorsidigrazia\/wp-content\/uploads\/sites\/17\/2023\/10\/Cattura-800x120.png 800w, https:\/\/www.diocesidinuoro.it\/percorsidigrazia\/wp-content\/uploads\/sites\/17\/2023\/10\/Cattura.png 1825w\" sizes=\"(max-width: 300px) 100vw, 300px\" \/><\/div><\/div><\/div><\/div><\/div><div id=\"pg-369-4\"  class=\"panel-grid panel-has-style\" ><div class=\"row grid-x panel-row-style panel-row-style-for-369-4\" ><div id=\"pgc-369-4-0\"  class=\"panel-grid-cell cell columns small-12 medium-12\" ><div id=\"panel-369-4-0-0\" class=\"so-panel widget widget_text panel-first-child panel-last-child\" data-index=\"4\" ><div style=\";background-repeat:repeat;\" class=\"panel-widget-style panel-widget-style-for-369-4-0-0\" >\t\t\t<div class=\"textwidget\"><p><b>Percorso di Nostra Signora di Gonare<\/b><b><br \/>\n<\/b><span style=\"font-weight: 400\">Percorso su rocciosi calcarei in mezzo al Bosco di Gonare (dal piazzale delle <\/span><i><span style=\"font-weight: 400\">cumbissias<\/span><\/i><span style=\"font-weight: 400\"> fino al santuario e ritorno)\u00a0<\/span><\/p>\n<p>&nbsp;<\/p>\n<p><span style=\"font-weight: 400\">\ud83d\udeb6 <\/span><span style=\"font-weight: 400\">Il percorso \u00e8 fruibile unicamente a piedi<\/span><\/p>\n<p><strong>Lunghezza<\/strong> <span style=\"font-weight: 400\">1,3 KM<\/span><\/p>\n<p><strong>Tempo di percorrenza<\/strong> <span style=\"font-weight: 400\">Per apprezzare appieno il percorso, \u00e8 essenziale dedicare una mezza giornata.<\/span><\/p>\n<p><strong>Difficolt\u00e0<\/strong> <span style=\"font-weight: 400\">Media <\/span><span style=\"font-weight: 400\">\u00a0&#8211; <\/span><span style=\"font-weight: 400\">Sentiero roccioso, scivoloso e sdrucciolevole<\/span><\/p>\n<p>&nbsp;<\/p>\n<p><b><i>Tappe<\/i><\/b><\/p>\n<p>&nbsp;<\/p>\n<ul>\n<li style=\"font-weight: 400\"><span style=\"font-weight: 400\">Piazzale delle <\/span><i><span style=\"font-weight: 400\">cumbissias<\/span><\/i><\/li>\n<li style=\"font-weight: 400\"><i><span style=\"font-weight: 400\">Su brazzolu<\/span><\/i><\/li>\n<li style=\"font-weight: 400\"><i><span style=\"font-weight: 400\">S&#8217;imbaradorgiu<\/span><\/i><\/li>\n<li style=\"font-weight: 400\"><span style=\"font-weight: 400\">Chiesa di Nostra Signora di Gonare<\/span><\/li>\n<\/ul>\n<p><span style=\"font-weight: 400\">Il percorso prevede la partenza dal piazzale delle cumbissias, seguendo le indicazioni si sale il breve tratto di scale per poi entrare effettivamente nel sentiero ricavato nel bosco. Dopo un paio di tappe obbligate o dalla fede o dalla vista mozzafiato si arriva ai piedi della chiesa, precisamente alle spalle. Si pu\u00f2 godere del piccolo spiazzo che da verso il golfo di Orosei per poi, costeggiando la chiesa a sinistra o a destra, si pu\u00f2 arrivare alle due entrate laterali o proseguendo a quella principale. Da qui \u00e8 possibile ammirare il panorama che da sulla catena del Gennargentu e verso sud-ovest.<\/span><\/p>\n<p>&nbsp;<\/p>\n<p>Desideriamo informare i visitatori che il percorso attuale potrebbe presentare delle sfide per chi ha limitazioni motorie. Potrebbero sorgere difficolt\u00e0 nell&#8217;attraversare questo tragitto, dato il suo stato attuale e le condizioni del terreno. Riteniamo fondamentale garantire a tutti un&#8217;esperienza piacevole e sicura. Pertanto, se incontri difficolt\u00e0 nel percorso o se ritieni che possa essere un ostacolo insormontabile, ti incoraggiamo a valutare attentamente la tua decisione di procedere. Per maggiori informazioni rimandiamo al sito dei Comuni di riferimento.<\/p>\n<ul>\n<li><a href=\"https:\/\/www.comune.orani.nu.it\/index.php\">Comune di Orani<\/a><\/li>\n<li><a href=\"https:\/\/comune.sarule.nu.it\/it\">Comune di Sarule<\/a><\/li>\n<\/ul>\n<\/div>\n\t\t<\/div><\/div><\/div><\/div><\/div><div id=\"pg-369-5\"  class=\"panel-grid panel-has-style\" ><div class=\"row grid-x panel-row-style panel-row-style-for-369-5\" ><div id=\"pgc-369-5-0\"  class=\"panel-grid-cell cell columns small-12 medium-12\" ><div id=\"panel-369-5-0-0\" class=\"so-panel widget widget_media_image panel-first-child panel-last-child\" data-index=\"5\" ><div style=\";background-repeat:repeat;\" class=\"panel-widget-style panel-widget-style-for-369-5-0-0\" ><img loading=\"lazy\" decoding=\"async\" width=\"300\" height=\"45\" src=\"https:\/\/www.diocesidinuoro.it\/percorsidigrazia\/wp-content\/uploads\/sites\/17\/2023\/10\/Cattura-300x45.png\" class=\"image wp-image-65  attachment-medium size-medium\" alt=\"\" style=\"max-width: 100%; height: auto;\" srcset=\"https:\/\/www.diocesidinuoro.it\/percorsidigrazia\/wp-content\/uploads\/sites\/17\/2023\/10\/Cattura-300x45.png 300w, https:\/\/www.diocesidinuoro.it\/percorsidigrazia\/wp-content\/uploads\/sites\/17\/2023\/10\/Cattura-1024x153.png 1024w, https:\/\/www.diocesidinuoro.it\/percorsidigrazia\/wp-content\/uploads\/sites\/17\/2023\/10\/Cattura-768x115.png 768w, https:\/\/www.diocesidinuoro.it\/percorsidigrazia\/wp-content\/uploads\/sites\/17\/2023\/10\/Cattura-1536x230.png 1536w, https:\/\/www.diocesidinuoro.it\/percorsidigrazia\/wp-content\/uploads\/sites\/17\/2023\/10\/Cattura-600x90.png 600w, https:\/\/www.diocesidinuoro.it\/percorsidigrazia\/wp-content\/uploads\/sites\/17\/2023\/10\/Cattura-1200x180.png 1200w, https:\/\/www.diocesidinuoro.it\/percorsidigrazia\/wp-content\/uploads\/sites\/17\/2023\/10\/Cattura-800x120.png 800w, https:\/\/www.diocesidinuoro.it\/percorsidigrazia\/wp-content\/uploads\/sites\/17\/2023\/10\/Cattura.png 1825w\" sizes=\"(max-width: 300px) 100vw, 300px\" \/><\/div><\/div><\/div><\/div><\/div><div id=\"pg-369-6\"  class=\"panel-grid panel-has-style\" ><div class=\"row grid-x panel-row-style panel-row-style-for-369-6\" ><div id=\"pgc-369-6-0\"  class=\"panel-grid-cell panel-grid-cell-empty cell columns small-12 medium-12\" ><\/div><\/div><\/div><\/div>","protected":false},"excerpt":{"rendered":"<p>Percorso di Nostra Signora di Gonare Attraverso il Bosco di Gonare Percorso di Nostra Signora di Gonare Percorso su rocciosi calcarei in mezzo al Bosco di Gonare (dal piazzale delle cumbissias fino al santuario e ritorno)\u00a0 &nbsp; \ud83d\udeb6 Il percorso \u00e8 fruibile unicamente a piedi Lunghezza 1,3 KM Tempo di percorrenza Per apprezzare appieno il percorso, \u00e8 essenziale dedicare una mezza giornata. Difficolt\u00e0 Media \u00a0&#8211; &hellip; <a href=\"https:\/\/www.diocesidinuoro.it\/percorsidigrazia\/nostra-signora-di-gonare\/percorso-di-nostra-signora-di-gonare\/\" class=\"more-link\">Continua a leggere <span class=\"screen-reader-text\"><\/span> <span class=\"meta-nav\">&raquo;<\/span><\/a><\/p>\n","protected":false},"author":0,"featured_media":0,"parent":231,"menu_order":0,"comment_status":"closed","ping_status":"closed","template":"","meta":{"_acf_changed":false,"ip_address":"","user_agent":"","level":"","revision":"","cookie_id":"","page_referer":"","html_form":"","footnotes":""},"acf":[],"_links":{"self":[{"href":"https:\/\/www.diocesidinuoro.it\/percorsidigrazia\/wp-json\/wp\/v2\/pages\/369"}],"collection":[{"href":"https:\/\/www.diocesidinuoro.it\/percorsidigrazia\/wp-json\/wp\/v2\/pages"}],"about":[{"href":"https:\/\/www.diocesidinuoro.it\/percorsidigrazia\/wp-json\/wp\/v2\/types\/page"}],"author":[{"embeddable":true,"href":"https:\/\/www.diocesidinuoro.it\/percorsidigrazia\/wp-json\/wp\/v2\/users\/14"}],"replies":[{"embeddable":true,"href":"https:\/\/www.diocesidinuoro.it\/percorsidigrazia\/wp-json\/wp\/v2\/comments?post=369"}],"version-history":[{"count":6,"href":"https:\/\/www.diocesidinuoro.it\/percorsidigrazia\/wp-json\/wp\/v2\/pages\/369\/revisions"}],"predecessor-version":[{"id":1040,"href":"https:\/\/www.diocesidinuoro.it\/percorsidigrazia\/wp-json\/wp\/v2\/pages\/369\/revisions\/1040"}],"up":[{"embeddable":true,"href":"https:\/\/www.diocesidinuoro.it\/percorsidigrazia\/wp-json\/wp\/v2\/pages\/231"}],"wp:attachment":[{"href":"https:\/\/www.diocesidinuoro.it\/percorsidigrazia\/wp-json\/wp\/v2\/media?parent=369"}],"curies":[{"name":"wp","href":"https:\/\/api.w.org\/{rel}","templated":true}]}}