{"id":563,"date":"2023-10-16T15:58:17","date_gmt":"2023-10-16T13:58:17","guid":{"rendered":"https:\/\/www.diocesidinuoro.it\/percorsidigrazia\/?page_id=563"},"modified":"2023-11-24T12:48:39","modified_gmt":"2023-11-24T11:48:39","slug":"percorso-panoramico","status":"publish","type":"page","link":"https:\/\/www.diocesidinuoro.it\/percorsidigrazia\/nuoro\/percorso-panoramico\/","title":{"rendered":"Percorso Panoramico"},"content":{"rendered":"<div id=\"pl-563\"  class=\"panel-layout\" ><div id=\"pg-563-0\"  class=\"panel-grid panel-has-style\" ><div class=\"row grid-x panel-row-style panel-row-style-for-563-0\" ><div id=\"pgc-563-0-0\"  class=\"panel-grid-cell cell columns small-12 medium-12\" ><div id=\"panel-563-0-0-0\" class=\"so-panel widget widget_sow-headline panel-first-child panel-last-child\" data-index=\"0\" ><div style=\";background-repeat:repeat;\" class=\"panel-widget-style panel-widget-style-for-563-0-0-0\" ><div\n\t\t\t\n\t\t\tclass=\"so-widget-sow-headline so-widget-sow-headline-default-60b5411ac097-563\"\n\t\t\t\n\t\t><div class=\"sow-headline-container \">\n\t\t\t\t\t\t\t<h2 class=\"sow-headline\">\n\t\t\t\t\t\tPercorso panoramico\t\t\t\t\t\t<\/h2>\n\t\t\t\t\t\t\t\t\t\t\t<div class=\"decoration\">\n\t\t\t\t\t\t<div class=\"decoration-inside\"><\/div>\n\t\t\t\t\t<\/div>\n\t\t\t\t\t\t\t\t\t\t\t<h3 class=\"sow-sub-headline\">\n\t\t\t\t\t\tItinerario attraverso alcuni dei tanti punti panoramici della citt\u00e0\t\t\t\t\t\t<\/h3>\n\t\t\t\t\t\t<\/div>\n<\/div><\/div><\/div><\/div><\/div><\/div><div id=\"pg-563-1\"  class=\"panel-grid panel-has-style\" ><div class=\"row grid-x panel-row-style panel-row-style-for-563-1\" ><div id=\"pgc-563-1-0\"  class=\"panel-grid-cell cell columns small-12 medium-12\" ><div id=\"panel-563-1-0-0\" class=\"so-panel widget widget_media_image panel-first-child panel-last-child\" data-index=\"1\" ><div style=\";background-repeat:repeat;\" class=\"panel-widget-style panel-widget-style-for-563-1-0-0\" ><img loading=\"lazy\" decoding=\"async\" width=\"300\" height=\"45\" src=\"https:\/\/www.diocesidinuoro.it\/percorsidigrazia\/wp-content\/uploads\/sites\/17\/2023\/10\/Cattura-300x45.png\" class=\"image wp-image-65  attachment-medium size-medium\" alt=\"\" style=\"max-width: 100%; height: auto;\" srcset=\"https:\/\/www.diocesidinuoro.it\/percorsidigrazia\/wp-content\/uploads\/sites\/17\/2023\/10\/Cattura-300x45.png 300w, https:\/\/www.diocesidinuoro.it\/percorsidigrazia\/wp-content\/uploads\/sites\/17\/2023\/10\/Cattura-1024x153.png 1024w, https:\/\/www.diocesidinuoro.it\/percorsidigrazia\/wp-content\/uploads\/sites\/17\/2023\/10\/Cattura-768x115.png 768w, https:\/\/www.diocesidinuoro.it\/percorsidigrazia\/wp-content\/uploads\/sites\/17\/2023\/10\/Cattura-1536x230.png 1536w, https:\/\/www.diocesidinuoro.it\/percorsidigrazia\/wp-content\/uploads\/sites\/17\/2023\/10\/Cattura-600x90.png 600w, https:\/\/www.diocesidinuoro.it\/percorsidigrazia\/wp-content\/uploads\/sites\/17\/2023\/10\/Cattura-1200x180.png 1200w, https:\/\/www.diocesidinuoro.it\/percorsidigrazia\/wp-content\/uploads\/sites\/17\/2023\/10\/Cattura-800x120.png 800w, https:\/\/www.diocesidinuoro.it\/percorsidigrazia\/wp-content\/uploads\/sites\/17\/2023\/10\/Cattura.png 1825w\" sizes=\"(max-width: 300px) 100vw, 300px\" \/><\/div><\/div><\/div><\/div><\/div><div id=\"pg-563-2\"  class=\"panel-grid panel-has-style\" ><div class=\"row grid-x panel-row-style panel-row-style-for-563-2\" ><div id=\"pgc-563-2-0\"  class=\"panel-grid-cell cell columns small-12 medium-12\" ><div id=\"panel-563-2-0-0\" class=\"so-panel widget widget_sow-image panel-first-child panel-last-child\" data-index=\"2\" ><div style=\";background-repeat:repeat;\" class=\"panel-widget-style panel-widget-style-for-563-2-0-0\" ><div\n\t\t\t\n\t\t\tclass=\"so-widget-sow-image so-widget-sow-image-default-c67d20f9f743-563\"\n\t\t\t\n\t\t>\n\n<div class=\"sow-image-container\">\n\t\t<img loading=\"lazy\" decoding=\"async\" src=\"https:\/\/www.diocesidinuoro.it\/percorsidigrazia\/wp-content\/uploads\/sites\/17\/2023\/10\/Percorsi-di-Grazia_Percorso-panoramico-Nuoro-scaled.jpg\" width=\"2560\" height=\"1420\" srcset=\"https:\/\/www.diocesidinuoro.it\/percorsidigrazia\/wp-content\/uploads\/sites\/17\/2023\/10\/Percorsi-di-Grazia_Percorso-panoramico-Nuoro-scaled.jpg 2560w, https:\/\/www.diocesidinuoro.it\/percorsidigrazia\/wp-content\/uploads\/sites\/17\/2023\/10\/Percorsi-di-Grazia_Percorso-panoramico-Nuoro-300x166.jpg 300w, https:\/\/www.diocesidinuoro.it\/percorsidigrazia\/wp-content\/uploads\/sites\/17\/2023\/10\/Percorsi-di-Grazia_Percorso-panoramico-Nuoro-1024x568.jpg 1024w, https:\/\/www.diocesidinuoro.it\/percorsidigrazia\/wp-content\/uploads\/sites\/17\/2023\/10\/Percorsi-di-Grazia_Percorso-panoramico-Nuoro-768x426.jpg 768w, https:\/\/www.diocesidinuoro.it\/percorsidigrazia\/wp-content\/uploads\/sites\/17\/2023\/10\/Percorsi-di-Grazia_Percorso-panoramico-Nuoro-1536x852.jpg 1536w, https:\/\/www.diocesidinuoro.it\/percorsidigrazia\/wp-content\/uploads\/sites\/17\/2023\/10\/Percorsi-di-Grazia_Percorso-panoramico-Nuoro-2048x1136.jpg 2048w, https:\/\/www.diocesidinuoro.it\/percorsidigrazia\/wp-content\/uploads\/sites\/17\/2023\/10\/Percorsi-di-Grazia_Percorso-panoramico-Nuoro-600x333.jpg 600w, https:\/\/www.diocesidinuoro.it\/percorsidigrazia\/wp-content\/uploads\/sites\/17\/2023\/10\/Percorsi-di-Grazia_Percorso-panoramico-Nuoro-1200x666.jpg 1200w, https:\/\/www.diocesidinuoro.it\/percorsidigrazia\/wp-content\/uploads\/sites\/17\/2023\/10\/Percorsi-di-Grazia_Percorso-panoramico-Nuoro-800x444.jpg 800w\" sizes=\"(max-width: 2560px) 100vw, 2560px\" title=\"Percorsi di Grazia_Percorso panoramico &#8211; Nuoro\" alt=\"\" \t\tclass=\"so-widget-image\"\/>\n\t<\/div>\n\n<\/div><\/div><\/div><\/div><\/div><\/div><div id=\"pg-563-3\"  class=\"panel-grid panel-has-style\" ><div class=\"row grid-x panel-row-style panel-row-style-for-563-3\" ><div id=\"pgc-563-3-0\"  class=\"panel-grid-cell cell columns small-12 medium-12\" ><div id=\"panel-563-3-0-0\" class=\"so-panel widget widget_media_image panel-first-child panel-last-child\" data-index=\"3\" ><div style=\";background-repeat:repeat;\" class=\"panel-widget-style panel-widget-style-for-563-3-0-0\" ><img loading=\"lazy\" decoding=\"async\" width=\"300\" height=\"45\" src=\"https:\/\/www.diocesidinuoro.it\/percorsidigrazia\/wp-content\/uploads\/sites\/17\/2023\/10\/Cattura-300x45.png\" class=\"image wp-image-65  attachment-medium size-medium\" alt=\"\" style=\"max-width: 100%; height: auto;\" srcset=\"https:\/\/www.diocesidinuoro.it\/percorsidigrazia\/wp-content\/uploads\/sites\/17\/2023\/10\/Cattura-300x45.png 300w, https:\/\/www.diocesidinuoro.it\/percorsidigrazia\/wp-content\/uploads\/sites\/17\/2023\/10\/Cattura-1024x153.png 1024w, https:\/\/www.diocesidinuoro.it\/percorsidigrazia\/wp-content\/uploads\/sites\/17\/2023\/10\/Cattura-768x115.png 768w, https:\/\/www.diocesidinuoro.it\/percorsidigrazia\/wp-content\/uploads\/sites\/17\/2023\/10\/Cattura-1536x230.png 1536w, https:\/\/www.diocesidinuoro.it\/percorsidigrazia\/wp-content\/uploads\/sites\/17\/2023\/10\/Cattura-600x90.png 600w, https:\/\/www.diocesidinuoro.it\/percorsidigrazia\/wp-content\/uploads\/sites\/17\/2023\/10\/Cattura-1200x180.png 1200w, https:\/\/www.diocesidinuoro.it\/percorsidigrazia\/wp-content\/uploads\/sites\/17\/2023\/10\/Cattura-800x120.png 800w, https:\/\/www.diocesidinuoro.it\/percorsidigrazia\/wp-content\/uploads\/sites\/17\/2023\/10\/Cattura.png 1825w\" sizes=\"(max-width: 300px) 100vw, 300px\" \/><\/div><\/div><\/div><\/div><\/div><div id=\"pg-563-4\"  class=\"panel-grid panel-has-style\" ><div class=\"row grid-x panel-row-style panel-row-style-for-563-4\" ><div id=\"pgc-563-4-0\"  class=\"panel-grid-cell cell columns small-12 medium-12\" ><div id=\"panel-563-4-0-0\" class=\"so-panel widget widget_text panel-first-child panel-last-child\" data-index=\"4\" ><div style=\";background-repeat:repeat;\" class=\"panel-widget-style panel-widget-style-for-563-4-0-0\" >\t\t\t<div class=\"textwidget\"><p><span style=\"font-weight: 400\">\ud83d\udeb6 \u00a0 \ud83d\udeb4 \u00a0 \ud83d\ude97<\/span><\/p>\n<p><span style=\"font-weight: 400\">Il percorso \u00e8 fruibile sia in auto, che a piedi o con la bici.\u00a0<\/span><\/p>\n<p>&nbsp;<\/p>\n<p><strong>Lunghezza<\/strong> <span style=\"font-weight: 400\">5 KM<\/span><\/p>\n<p><strong>Tempo di percorrenza<\/strong> <span style=\"font-weight: 400\">Per apprezzare appieno il percorso, \u00e8 essenziale dedicare una mezza giornata.<\/span><\/p>\n<p><strong>Difficolt\u00e0<\/strong> <span style=\"font-weight: 400\">Medio<\/span><span style=\"font-weight: 400\"> &#8211; <\/span><span style=\"font-weight: 400\">Lungo e con alcuni tratti in salita<\/span><\/p>\n<p>&nbsp;<\/p>\n<p>&nbsp;<\/p>\n<p><b><i>Tappe<\/i><\/b><\/p>\n<ul>\n<li style=\"font-weight: 400\"><span style=\"font-weight: 400\"><strong><a href=\"https:\/\/www.diocesidinuoro.it\/percorsidigrazia\/nuoro\/chiesa-della-madonna-della-solitudine\/\">Chiesa di Nostra Signora della Solitudine<\/a><\/strong><br \/>\n<\/span>SP42, 2, 08100 Nuoro NU<\/li>\n<li>Biblioteca Sebastiano Satta<br \/>\nPiazza Giorgio Asproni, 8, 08100 Nuoro NU<\/li>\n<li style=\"font-weight: 400\"><strong><a href=\"https:\/\/www.diocesidinuoro.it\/percorsidigrazia\/nuoro\/cattedrale-di-santa-maria-della-neve\/\">Cattedrale di Santa Maria della Neve<\/a><\/strong><span style=\"font-weight: 400\"><br \/>\n<\/span><span style=\"font-weight: 400\">Piazza Santa Maria della Neve, 08100 Nuoro NU<\/span><\/li>\n<li style=\"font-weight: 400\"><span style=\"font-weight: 400\">Parco di Colle Sant\u2019Onofrio<\/span><span style=\"font-weight: 400\"><br \/>\n<\/span><span style=\"font-weight: 400\">Via Antonio Mereu, 83, 08100 Nuoro NU<\/span><\/li>\n<li>Punto panoramico Monte Jaca<br \/>\nPedemontana Monte Jaca, 08100 Nuoro NU<\/li>\n<li style=\"font-weight: 400\"><span style=\"font-weight: 400\">Nuraghe Tanca Manna<\/span><span style=\"font-weight: 400\"><br \/>\n<\/span><span style=\"font-weight: 400\">Via Martiri della Libert\u00e0, 08100 Nuoro NU<\/span><\/li>\n<li style=\"font-weight: 400\"><span style=\"font-weight: 400\">Convento delle Carmelitane Scalze<br \/>\n<\/span>1 Localita&#8217; Cuccullio, Nuoro, NU 08100<\/li>\n<\/ul>\n<p>&nbsp;<\/p>\n<p><span style=\"font-weight: 400\">Il percorso parte dalla Chiesa di Nostra Signora della Solitudine, deliziosa cappella in cui sono conservate le spoglie della scrittrice premio Nobel. Successivamente si prende Viale Francesco Ciusa, passeggiata alberata panoramica sul Monte Ortobene. Il viale finisce dove si apre il Belvedere Salvatore Sini, splendida terrazza sulla valle che arriva fino al Monte Corrasi. A lato c\u2019\u00e8 la statua della Madonna, dai nuoresi chiamata \u201c<\/span><i><span style=\"font-weight: 400\">La Madonnina\u201d<\/span><\/i><span style=\"font-weight: 400\">. Si prosegue per il viale che prende il nome di Via Aspromonte e si arriva a Piazza Asproni, qui si trova la <\/span><a href=\"https:\/\/www.bibliotecasatta.it\/\"><span style=\"font-weight: 400\"><strong>Biblioteca Satta<\/strong><\/span><\/a><span style=\"font-weight: 400\">, storico luogo della cultura nuorese. In particolare, nel palazzotto che \u00e8 Casa Buscarini, che da anni ospita la sezione della biblioteca dedicata alla Sardegna, \u00e8 possibile visitare una riproduzione dello studio di Sebastiano Satta, poeta che da il nome all\u2019intero sistema bibliotecario della provincia di Nuoro. Dopodich\u00e9 ci spostiamo, a pochi passi, per visitare il <a href=\"https:\/\/musei.sardegna.beniculturali.it\/musei\/museo-archeologico-nazionale-g-asproni-di-nuoro\/\" target=\"_blank\" rel=\"noopener\"><strong>Museo Archeologico Nazionale \u201cGiorgio Asproni<\/strong>\u201d<\/a> e ammirare la collezione di reperti meravigliosi, testimonianza del ricco patrimonio paleontologico e archeologico proveniente dalla provincia di Nuoro.<\/span><span style=\"font-weight: 400\"><br \/>\n<\/span><span style=\"font-weight: 400\">La tappa successiva \u00e8 la <a href=\"https:\/\/www.diocesidinuoro.it\/percorsidigrazia\/nuoro\/cattedrale-di-sa\u2026maria-della-neve\/\"><strong>Cattedrale di Santa Maria della Neve<\/strong><\/a>, imponente edificio neoclassico, centro nevralgico della fede cattolica in citt\u00e0. Oltre a una doverosa visita della cattedrale \u00e8 possibile affacciarsi sul belvedere che si affaccia al lato della chiesa. La tappa successiva \u00e8 il colle di Sant\u2019Onofrio, punto panoramico imperdibile nel centro storico.<\/span><span style=\"font-weight: 400\"><br \/>\n<\/span><span style=\"font-weight: 400\">Di seguito, a pochi metri, si trova la sede dell\u2019<\/span><strong><a href=\"https:\/\/www.isresardegna.it\/musei\/\">Istituto Superiore Regionale Etnografico (ISRE)<\/a><\/strong><span style=\"font-weight: 400\"> al cui interno si trova il Museo del Costume, aperto permanentemente dal 1976 ed \u00e8 il maggiore Museo Etnografico della Sardegna. Dopodich\u00e9 si scende verso il <strong>punto panoramico di Monte Jaca<\/strong>, una tappa da cui vedere tutta la valle di <em>Badde Manna<\/em> (valle grande).<\/span><\/p>\n<p><span style=\"font-weight: 400\">La tappa successiva \u00e8 relativamente lontana, ma davvero imperdibile. \u00e8 il <\/span><strong><a href=\"https:\/\/www.distrettoculturaledelnuorese.it\/it\/attrattori\/luoghi\/luogo\/Tanca-Manna-Nuoro\/\">parco archeologico di Tanca Manna<\/a><\/strong><span style=\"font-weight: 400\">, in cui \u00e8 possibile ammirare un bellissimo nuraghe monotorre e il villaggio che gli sorgeva attorno, oltre che una splendida vista su tutta la vitt\u00e0.<\/span><\/p>\n<p><span style=\"font-weight: 400\">L\u2019ultima tappa, raggiungibile con un ultimo sforzo, \u00e8 il monastero delle Carmelitane Scalze, convento di clausura che si erge sopra il colle <\/span><i><span style=\"font-weight: 400\">Cuccull\u00eco<\/span><\/i><span style=\"font-weight: 400\">.<\/span><\/p>\n<p>&nbsp;<\/p>\n<p><span style=\"font-weight: 400\">Per agevolare il percorso a piedi, \u00e8 possibile usufruire dei servizi pubblici locali, trovate maggioi informazioni al sito: <\/span><a href=\"https:\/\/www.atpnuoro.it\/\"><span style=\"font-weight: 400\">https:\/\/www.atpnuoro.it\/<\/span><\/a><span style=\"font-weight: 400\">\u00a0<\/span><\/p>\n<p>&nbsp;<\/p>\n<p>&nbsp;<\/p>\n<p><span style=\"font-weight: 400\">Desideriamo informare i visitatori che il percorso attuale potrebbe presentare delle sfide per chi ha limitazioni motorie. Potrebbero sorgere difficolt\u00e0 nell&#8217;attraversare questo tragitto, dato il suo stato attuale e le condizioni del terreno. Riteniamo fondamentale garantire a tutti un&#8217;esperienza piacevole e sicura. Pertanto, se incontri difficolt\u00e0 nel percorso o se ritieni che possa essere un ostacolo insormontabile, ti incoraggiamo a valutare attentamente la tua decisione di procedere. Per maggiori informazioni rimandiamo al sito del Comune.<\/span><\/p>\n<ul>\n<li><a href=\"https:\/\/www.comune.nuoro.it\/it\" target=\"_blank\" rel=\"noopener\">Comune di Nuoro<\/a><\/li>\n<\/ul>\n<\/div>\n\t\t<\/div><\/div><\/div><\/div><\/div><div id=\"pg-563-5\"  class=\"panel-grid panel-has-style\" ><div class=\"row grid-x panel-row-style panel-row-style-for-563-5\" ><div id=\"pgc-563-5-0\"  class=\"panel-grid-cell cell columns small-12 medium-12\" ><div id=\"panel-563-5-0-0\" class=\"so-panel widget widget_media_image panel-first-child panel-last-child\" data-index=\"5\" ><div style=\";background-repeat:repeat;\" class=\"panel-widget-style panel-widget-style-for-563-5-0-0\" ><img loading=\"lazy\" decoding=\"async\" width=\"300\" height=\"45\" src=\"https:\/\/www.diocesidinuoro.it\/percorsidigrazia\/wp-content\/uploads\/sites\/17\/2023\/10\/Cattura-300x45.png\" class=\"image wp-image-65  attachment-medium size-medium\" alt=\"\" style=\"max-width: 100%; height: auto;\" srcset=\"https:\/\/www.diocesidinuoro.it\/percorsidigrazia\/wp-content\/uploads\/sites\/17\/2023\/10\/Cattura-300x45.png 300w, https:\/\/www.diocesidinuoro.it\/percorsidigrazia\/wp-content\/uploads\/sites\/17\/2023\/10\/Cattura-1024x153.png 1024w, https:\/\/www.diocesidinuoro.it\/percorsidigrazia\/wp-content\/uploads\/sites\/17\/2023\/10\/Cattura-768x115.png 768w, https:\/\/www.diocesidinuoro.it\/percorsidigrazia\/wp-content\/uploads\/sites\/17\/2023\/10\/Cattura-1536x230.png 1536w, https:\/\/www.diocesidinuoro.it\/percorsidigrazia\/wp-content\/uploads\/sites\/17\/2023\/10\/Cattura-600x90.png 600w, https:\/\/www.diocesidinuoro.it\/percorsidigrazia\/wp-content\/uploads\/sites\/17\/2023\/10\/Cattura-1200x180.png 1200w, https:\/\/www.diocesidinuoro.it\/percorsidigrazia\/wp-content\/uploads\/sites\/17\/2023\/10\/Cattura-800x120.png 800w, https:\/\/www.diocesidinuoro.it\/percorsidigrazia\/wp-content\/uploads\/sites\/17\/2023\/10\/Cattura.png 1825w\" sizes=\"(max-width: 300px) 100vw, 300px\" \/><\/div><\/div><\/div><\/div><\/div><div id=\"pg-563-6\"  class=\"panel-grid panel-has-style\" ><div class=\"row grid-x panel-row-style panel-row-style-for-563-6\" ><div id=\"pgc-563-6-0\"  class=\"panel-grid-cell cell columns small-12 medium-12\" ><div id=\"panel-563-6-0-0\" class=\"so-panel widget widget_sow-slider panel-first-child panel-last-child\" data-index=\"6\" ><div style=\";background-repeat:repeat;\" class=\"panel-widget-style panel-widget-style-for-563-6-0-0\" ><div\n\t\t\t\n\t\t\tclass=\"so-widget-sow-slider so-widget-sow-slider-default-6d39609536fd-563\"\n\t\t\t\n\t\t>\t\t\t\t<div class=\"sow-slider-base\" style=\"display: none\" tabindex=\"0\">\n\t\t\t\t\t<ul\n\t\t\t\t\tclass=\"sow-slider-images\"\n\t\t\t\t\tdata-settings=\"{&quot;pagination&quot;:true,&quot;speed&quot;:800,&quot;timeout&quot;:8000,&quot;paused&quot;:false,&quot;pause_on_hover&quot;:false,&quot;swipe&quot;:true,&quot;nav_always_show_desktop&quot;:&quot;&quot;,&quot;nav_always_show_mobile&quot;:&quot;&quot;,&quot;breakpoint&quot;:&quot;780px&quot;,&quot;unmute&quot;:false,&quot;anchor&quot;:null}\"\n\t\t\t\t\t\t\t\t\t\tdata-anchor-id=\"\"\n\t\t\t\t>\t\t<li class=\"sow-slider-image\" style=\"visibility: visible;\" >\n\t\t\t\t\t\t<img loading=\"lazy\" decoding=\"async\" width=\"2560\" height=\"1707\" src=\"https:\/\/www.diocesidinuoro.it\/percorsidigrazia\/wp-content\/uploads\/sites\/17\/2023\/10\/DSC_0235-scaled.jpg\" class=\"sow-slider-background-image\" alt=\"\" style=\"\" srcset=\"https:\/\/www.diocesidinuoro.it\/percorsidigrazia\/wp-content\/uploads\/sites\/17\/2023\/10\/DSC_0235-scaled.jpg 2560w, https:\/\/www.diocesidinuoro.it\/percorsidigrazia\/wp-content\/uploads\/sites\/17\/2023\/10\/DSC_0235-300x200.jpg 300w, https:\/\/www.diocesidinuoro.it\/percorsidigrazia\/wp-content\/uploads\/sites\/17\/2023\/10\/DSC_0235-1024x683.jpg 1024w, https:\/\/www.diocesidinuoro.it\/percorsidigrazia\/wp-content\/uploads\/sites\/17\/2023\/10\/DSC_0235-768x512.jpg 768w, https:\/\/www.diocesidinuoro.it\/percorsidigrazia\/wp-content\/uploads\/sites\/17\/2023\/10\/DSC_0235-1536x1024.jpg 1536w, https:\/\/www.diocesidinuoro.it\/percorsidigrazia\/wp-content\/uploads\/sites\/17\/2023\/10\/DSC_0235-2048x1365.jpg 2048w, https:\/\/www.diocesidinuoro.it\/percorsidigrazia\/wp-content\/uploads\/sites\/17\/2023\/10\/DSC_0235-600x400.jpg 600w, https:\/\/www.diocesidinuoro.it\/percorsidigrazia\/wp-content\/uploads\/sites\/17\/2023\/10\/DSC_0235-1200x800.jpg 1200w, https:\/\/www.diocesidinuoro.it\/percorsidigrazia\/wp-content\/uploads\/sites\/17\/2023\/10\/DSC_0235-800x533.jpg 800w, https:\/\/www.diocesidinuoro.it\/percorsidigrazia\/wp-content\/uploads\/sites\/17\/2023\/10\/DSC_0235-272x182.jpg 272w\" sizes=\"(max-width: 2560px) 100vw, 2560px\" \/>\t\t<\/li>\n\t\t\t\t<li class=\"sow-slider-image\" style=\"visibility: hidden;\" >\n\t\t\t\t\t\t<img loading=\"lazy\" decoding=\"async\" width=\"2560\" height=\"1707\" src=\"https:\/\/www.diocesidinuoro.it\/percorsidigrazia\/wp-content\/uploads\/sites\/17\/2023\/10\/DSC_0284-scaled.jpg\" class=\"sow-slider-background-image\" alt=\"\" style=\"\" srcset=\"https:\/\/www.diocesidinuoro.it\/percorsidigrazia\/wp-content\/uploads\/sites\/17\/2023\/10\/DSC_0284-scaled.jpg 2560w, https:\/\/www.diocesidinuoro.it\/percorsidigrazia\/wp-content\/uploads\/sites\/17\/2023\/10\/DSC_0284-300x200.jpg 300w, https:\/\/www.diocesidinuoro.it\/percorsidigrazia\/wp-content\/uploads\/sites\/17\/2023\/10\/DSC_0284-1024x683.jpg 1024w, https:\/\/www.diocesidinuoro.it\/percorsidigrazia\/wp-content\/uploads\/sites\/17\/2023\/10\/DSC_0284-768x512.jpg 768w, https:\/\/www.diocesidinuoro.it\/percorsidigrazia\/wp-content\/uploads\/sites\/17\/2023\/10\/DSC_0284-1536x1024.jpg 1536w, https:\/\/www.diocesidinuoro.it\/percorsidigrazia\/wp-content\/uploads\/sites\/17\/2023\/10\/DSC_0284-2048x1365.jpg 2048w, https:\/\/www.diocesidinuoro.it\/percorsidigrazia\/wp-content\/uploads\/sites\/17\/2023\/10\/DSC_0284-600x400.jpg 600w, https:\/\/www.diocesidinuoro.it\/percorsidigrazia\/wp-content\/uploads\/sites\/17\/2023\/10\/DSC_0284-1200x800.jpg 1200w, https:\/\/www.diocesidinuoro.it\/percorsidigrazia\/wp-content\/uploads\/sites\/17\/2023\/10\/DSC_0284-800x533.jpg 800w, https:\/\/www.diocesidinuoro.it\/percorsidigrazia\/wp-content\/uploads\/sites\/17\/2023\/10\/DSC_0284-272x182.jpg 272w\" sizes=\"(max-width: 2560px) 100vw, 2560px\" \/>\t\t<\/li>\n\t\t\t\t<li class=\"sow-slider-image\" style=\"visibility: hidden;\" >\n\t\t\t\t\t\t<img loading=\"lazy\" decoding=\"async\" width=\"2560\" height=\"1707\" src=\"https:\/\/www.diocesidinuoro.it\/percorsidigrazia\/wp-content\/uploads\/sites\/17\/2023\/10\/DSC_0324-scaled.jpg\" class=\"sow-slider-background-image\" alt=\"\" style=\"\" srcset=\"https:\/\/www.diocesidinuoro.it\/percorsidigrazia\/wp-content\/uploads\/sites\/17\/2023\/10\/DSC_0324-scaled.jpg 2560w, https:\/\/www.diocesidinuoro.it\/percorsidigrazia\/wp-content\/uploads\/sites\/17\/2023\/10\/DSC_0324-300x200.jpg 300w, https:\/\/www.diocesidinuoro.it\/percorsidigrazia\/wp-content\/uploads\/sites\/17\/2023\/10\/DSC_0324-1024x683.jpg 1024w, https:\/\/www.diocesidinuoro.it\/percorsidigrazia\/wp-content\/uploads\/sites\/17\/2023\/10\/DSC_0324-768x512.jpg 768w, https:\/\/www.diocesidinuoro.it\/percorsidigrazia\/wp-content\/uploads\/sites\/17\/2023\/10\/DSC_0324-1536x1024.jpg 1536w, https:\/\/www.diocesidinuoro.it\/percorsidigrazia\/wp-content\/uploads\/sites\/17\/2023\/10\/DSC_0324-2048x1365.jpg 2048w, https:\/\/www.diocesidinuoro.it\/percorsidigrazia\/wp-content\/uploads\/sites\/17\/2023\/10\/DSC_0324-600x400.jpg 600w, https:\/\/www.diocesidinuoro.it\/percorsidigrazia\/wp-content\/uploads\/sites\/17\/2023\/10\/DSC_0324-1200x800.jpg 1200w, https:\/\/www.diocesidinuoro.it\/percorsidigrazia\/wp-content\/uploads\/sites\/17\/2023\/10\/DSC_0324-800x533.jpg 800w, https:\/\/www.diocesidinuoro.it\/percorsidigrazia\/wp-content\/uploads\/sites\/17\/2023\/10\/DSC_0324-272x182.jpg 272w\" sizes=\"(max-width: 2560px) 100vw, 2560px\" \/>\t\t<\/li>\n\t\t\t\t<li class=\"sow-slider-image\" style=\"visibility: hidden;\" >\n\t\t\t\t\t\t<img loading=\"lazy\" decoding=\"async\" width=\"2560\" height=\"1707\" src=\"https:\/\/www.diocesidinuoro.it\/percorsidigrazia\/wp-content\/uploads\/sites\/17\/2023\/10\/DSC_0321-scaled.jpg\" class=\"sow-slider-background-image\" alt=\"\" style=\"\" srcset=\"https:\/\/www.diocesidinuoro.it\/percorsidigrazia\/wp-content\/uploads\/sites\/17\/2023\/10\/DSC_0321-scaled.jpg 2560w, https:\/\/www.diocesidinuoro.it\/percorsidigrazia\/wp-content\/uploads\/sites\/17\/2023\/10\/DSC_0321-300x200.jpg 300w, https:\/\/www.diocesidinuoro.it\/percorsidigrazia\/wp-content\/uploads\/sites\/17\/2023\/10\/DSC_0321-1024x683.jpg 1024w, https:\/\/www.diocesidinuoro.it\/percorsidigrazia\/wp-content\/uploads\/sites\/17\/2023\/10\/DSC_0321-768x512.jpg 768w, https:\/\/www.diocesidinuoro.it\/percorsidigrazia\/wp-content\/uploads\/sites\/17\/2023\/10\/DSC_0321-1536x1024.jpg 1536w, https:\/\/www.diocesidinuoro.it\/percorsidigrazia\/wp-content\/uploads\/sites\/17\/2023\/10\/DSC_0321-2048x1365.jpg 2048w, https:\/\/www.diocesidinuoro.it\/percorsidigrazia\/wp-content\/uploads\/sites\/17\/2023\/10\/DSC_0321-600x400.jpg 600w, https:\/\/www.diocesidinuoro.it\/percorsidigrazia\/wp-content\/uploads\/sites\/17\/2023\/10\/DSC_0321-1200x800.jpg 1200w, https:\/\/www.diocesidinuoro.it\/percorsidigrazia\/wp-content\/uploads\/sites\/17\/2023\/10\/DSC_0321-800x533.jpg 800w, https:\/\/www.diocesidinuoro.it\/percorsidigrazia\/wp-content\/uploads\/sites\/17\/2023\/10\/DSC_0321-272x182.jpg 272w\" sizes=\"(max-width: 2560px) 100vw, 2560px\" \/>\t\t<\/li>\n\t\t<\/ul>\t\t\t\t<ol class=\"sow-slider-pagination\">\n\t\t\t\t\t\t\t\t\t\t\t<li><a href=\"#\" data-goto=\"0\" aria-label=\"display slide 1\"><\/a><\/li>\n\t\t\t\t\t\t\t\t\t\t\t<li><a href=\"#\" data-goto=\"1\" aria-label=\"display slide 2\"><\/a><\/li>\n\t\t\t\t\t\t\t\t\t\t\t<li><a href=\"#\" data-goto=\"2\" aria-label=\"display slide 3\"><\/a><\/li>\n\t\t\t\t\t\t\t\t\t\t\t<li><a href=\"#\" data-goto=\"3\" aria-label=\"display slide 4\"><\/a><\/li>\n\t\t\t\t\t\t\t\t\t<\/ol>\n\n\t\t\t\t<div class=\"sow-slide-nav sow-slide-nav-next\">\n\t\t\t\t\t<a href=\"#\" data-goto=\"next\" aria-label=\"next slide\" data-action=\"next\">\n\t\t\t\t\t\t<em class=\"sow-sld-icon-thin-right\"><\/em>\n\t\t\t\t\t<\/a>\n\t\t\t\t<\/div>\n\n\t\t\t\t<div class=\"sow-slide-nav sow-slide-nav-prev\">\n\t\t\t\t\t<a href=\"#\" data-goto=\"previous\" aria-label=\"previous slide\" data-action=\"prev\">\n\t\t\t\t\t\t<em class=\"sow-sld-icon-thin-left\"><\/em>\n\t\t\t\t\t<\/a>\n\t\t\t\t<\/div>\n\t\t\t\t<\/div><\/div><\/div><\/div><\/div><\/div><\/div><\/div>","protected":false},"excerpt":{"rendered":"<p>Percorso panoramico Itinerario attraverso alcuni dei tanti punti panoramici della citt\u00e0 \ud83d\udeb6 \u00a0 \ud83d\udeb4 \u00a0 \ud83d\ude97 Il percorso \u00e8 fruibile sia in auto, che a piedi o con la bici.\u00a0 &nbsp; Lunghezza 5 KM Tempo di percorrenza Per apprezzare appieno il percorso, \u00e8 essenziale dedicare una mezza giornata. Difficolt\u00e0 Medio &#8211; Lungo e con alcuni tratti in salita &nbsp; &nbsp; Tappe Chiesa di Nostra Signora &hellip; <a href=\"https:\/\/www.diocesidinuoro.it\/percorsidigrazia\/nuoro\/percorso-panoramico\/\" class=\"more-link\">Continua a leggere <span class=\"screen-reader-text\"><\/span> <span class=\"meta-nav\">&raquo;<\/span><\/a><\/p>\n","protected":false},"author":0,"featured_media":0,"parent":478,"menu_order":0,"comment_status":"closed","ping_status":"closed","template":"","meta":{"_acf_changed":false,"ip_address":"","user_agent":"","level":"","revision":"","cookie_id":"","page_referer":"","html_form":"","footnotes":""},"acf":[],"_links":{"self":[{"href":"https:\/\/www.diocesidinuoro.it\/percorsidigrazia\/wp-json\/wp\/v2\/pages\/563"}],"collection":[{"href":"https:\/\/www.diocesidinuoro.it\/percorsidigrazia\/wp-json\/wp\/v2\/pages"}],"about":[{"href":"https:\/\/www.diocesidinuoro.it\/percorsidigrazia\/wp-json\/wp\/v2\/types\/page"}],"author":[{"embeddable":true,"href":"https:\/\/www.diocesidinuoro.it\/percorsidigrazia\/wp-json\/wp\/v2\/users\/14"}],"replies":[{"embeddable":true,"href":"https:\/\/www.diocesidinuoro.it\/percorsidigrazia\/wp-json\/wp\/v2\/comments?post=563"}],"version-history":[{"count":6,"href":"https:\/\/www.diocesidinuoro.it\/percorsidigrazia\/wp-json\/wp\/v2\/pages\/563\/revisions"}],"predecessor-version":[{"id":1097,"href":"https:\/\/www.diocesidinuoro.it\/percorsidigrazia\/wp-json\/wp\/v2\/pages\/563\/revisions\/1097"}],"up":[{"embeddable":true,"href":"https:\/\/www.diocesidinuoro.it\/percorsidigrazia\/wp-json\/wp\/v2\/pages\/478"}],"wp:attachment":[{"href":"https:\/\/www.diocesidinuoro.it\/percorsidigrazia\/wp-json\/wp\/v2\/media?parent=563"}],"curies":[{"name":"wp","href":"https:\/\/api.w.org\/{rel}","templated":true}]}}