{"id":571,"date":"2023-10-16T16:16:55","date_gmt":"2023-10-16T14:16:55","guid":{"rendered":"https:\/\/www.diocesidinuoro.it\/percorsidigrazia\/?page_id=571"},"modified":"2023-11-23T10:38:18","modified_gmt":"2023-11-23T09:38:18","slug":"percorso-monte-ortobene","status":"publish","type":"page","link":"https:\/\/www.diocesidinuoro.it\/percorsidigrazia\/nuoro\/percorso-monte-ortobene\/","title":{"rendered":"Percorso Monte Ortobene"},"content":{"rendered":"<div id=\"pl-571\"  class=\"panel-layout\" ><div id=\"pg-571-0\"  class=\"panel-grid panel-has-style\" ><div class=\"row grid-x panel-row-style panel-row-style-for-571-0\" ><div id=\"pgc-571-0-0\"  class=\"panel-grid-cell cell columns small-12 medium-12\" ><div id=\"panel-571-0-0-0\" class=\"so-panel widget widget_sow-headline panel-first-child panel-last-child\" data-index=\"0\" ><div style=\";background-repeat:repeat;\" class=\"panel-widget-style panel-widget-style-for-571-0-0-0\" ><div\n\t\t\t\n\t\t\tclass=\"so-widget-sow-headline so-widget-sow-headline-default-60b5411ac097-571\"\n\t\t\t\n\t\t><div class=\"sow-headline-container \">\n\t\t\t\t\t\t\t<h2 class=\"sow-headline\">\n\t\t\t\t\t\tPercorso Monte Ortobene\t\t\t\t\t\t<\/h2>\n\t\t\t\t\t\t\t\t\t\t\t<div class=\"decoration\">\n\t\t\t\t\t\t<div class=\"decoration-inside\"><\/div>\n\t\t\t\t\t<\/div>\n\t\t\t\t\t\t\t\t\t\t\t<h3 class=\"sow-sub-headline\">\n\t\t\t\t\t\tPercorso che segue il sentiero 101 attraverso il bosco e arriva fino alla statua del Redentore\t\t\t\t\t\t<\/h3>\n\t\t\t\t\t\t<\/div>\n<\/div><\/div><\/div><\/div><\/div><\/div><div id=\"pg-571-1\"  class=\"panel-grid panel-has-style\" ><div class=\"row grid-x panel-row-style panel-row-style-for-571-1\" ><div id=\"pgc-571-1-0\"  class=\"panel-grid-cell cell columns small-12 medium-12\" ><div id=\"panel-571-1-0-0\" class=\"so-panel widget widget_media_image panel-first-child panel-last-child\" data-index=\"1\" ><div style=\";background-repeat:repeat;\" class=\"panel-widget-style panel-widget-style-for-571-1-0-0\" ><img loading=\"lazy\" decoding=\"async\" width=\"300\" height=\"45\" src=\"https:\/\/www.diocesidinuoro.it\/percorsidigrazia\/wp-content\/uploads\/sites\/17\/2023\/10\/Cattura-300x45.png\" class=\"image wp-image-65  attachment-medium size-medium\" alt=\"\" style=\"max-width: 100%; height: auto;\" srcset=\"https:\/\/www.diocesidinuoro.it\/percorsidigrazia\/wp-content\/uploads\/sites\/17\/2023\/10\/Cattura-300x45.png 300w, https:\/\/www.diocesidinuoro.it\/percorsidigrazia\/wp-content\/uploads\/sites\/17\/2023\/10\/Cattura-1024x153.png 1024w, https:\/\/www.diocesidinuoro.it\/percorsidigrazia\/wp-content\/uploads\/sites\/17\/2023\/10\/Cattura-768x115.png 768w, https:\/\/www.diocesidinuoro.it\/percorsidigrazia\/wp-content\/uploads\/sites\/17\/2023\/10\/Cattura-1536x230.png 1536w, https:\/\/www.diocesidinuoro.it\/percorsidigrazia\/wp-content\/uploads\/sites\/17\/2023\/10\/Cattura-600x90.png 600w, https:\/\/www.diocesidinuoro.it\/percorsidigrazia\/wp-content\/uploads\/sites\/17\/2023\/10\/Cattura-1200x180.png 1200w, https:\/\/www.diocesidinuoro.it\/percorsidigrazia\/wp-content\/uploads\/sites\/17\/2023\/10\/Cattura-800x120.png 800w, https:\/\/www.diocesidinuoro.it\/percorsidigrazia\/wp-content\/uploads\/sites\/17\/2023\/10\/Cattura.png 1825w\" sizes=\"(max-width: 300px) 100vw, 300px\" \/><\/div><\/div><\/div><\/div><\/div><div id=\"pg-571-2\"  class=\"panel-grid panel-has-style\" ><div class=\"row grid-x panel-row-style panel-row-style-for-571-2\" ><div id=\"pgc-571-2-0\"  class=\"panel-grid-cell cell columns small-12 medium-12\" ><div id=\"panel-571-2-0-0\" class=\"so-panel widget widget_sow-image panel-first-child panel-last-child\" data-index=\"2\" ><div style=\";background-repeat:repeat;\" class=\"panel-widget-style panel-widget-style-for-571-2-0-0\" ><div\n\t\t\t\n\t\t\tclass=\"so-widget-sow-image so-widget-sow-image-default-c67d20f9f743-571\"\n\t\t\t\n\t\t>\n\n<div class=\"sow-image-container\">\n\t\t<img loading=\"lazy\" decoding=\"async\" src=\"https:\/\/www.diocesidinuoro.it\/percorsidigrazia\/wp-content\/uploads\/sites\/17\/2023\/10\/Percorsi-di-Grazia_Percorso-Monte-Ortobene-Nuoro-scaled.jpg\" width=\"2560\" height=\"1420\" srcset=\"https:\/\/www.diocesidinuoro.it\/percorsidigrazia\/wp-content\/uploads\/sites\/17\/2023\/10\/Percorsi-di-Grazia_Percorso-Monte-Ortobene-Nuoro-scaled.jpg 2560w, https:\/\/www.diocesidinuoro.it\/percorsidigrazia\/wp-content\/uploads\/sites\/17\/2023\/10\/Percorsi-di-Grazia_Percorso-Monte-Ortobene-Nuoro-300x166.jpg 300w, https:\/\/www.diocesidinuoro.it\/percorsidigrazia\/wp-content\/uploads\/sites\/17\/2023\/10\/Percorsi-di-Grazia_Percorso-Monte-Ortobene-Nuoro-1024x568.jpg 1024w, https:\/\/www.diocesidinuoro.it\/percorsidigrazia\/wp-content\/uploads\/sites\/17\/2023\/10\/Percorsi-di-Grazia_Percorso-Monte-Ortobene-Nuoro-768x426.jpg 768w, https:\/\/www.diocesidinuoro.it\/percorsidigrazia\/wp-content\/uploads\/sites\/17\/2023\/10\/Percorsi-di-Grazia_Percorso-Monte-Ortobene-Nuoro-1536x852.jpg 1536w, https:\/\/www.diocesidinuoro.it\/percorsidigrazia\/wp-content\/uploads\/sites\/17\/2023\/10\/Percorsi-di-Grazia_Percorso-Monte-Ortobene-Nuoro-2048x1136.jpg 2048w, https:\/\/www.diocesidinuoro.it\/percorsidigrazia\/wp-content\/uploads\/sites\/17\/2023\/10\/Percorsi-di-Grazia_Percorso-Monte-Ortobene-Nuoro-600x333.jpg 600w, https:\/\/www.diocesidinuoro.it\/percorsidigrazia\/wp-content\/uploads\/sites\/17\/2023\/10\/Percorsi-di-Grazia_Percorso-Monte-Ortobene-Nuoro-1200x666.jpg 1200w, https:\/\/www.diocesidinuoro.it\/percorsidigrazia\/wp-content\/uploads\/sites\/17\/2023\/10\/Percorsi-di-Grazia_Percorso-Monte-Ortobene-Nuoro-800x444.jpg 800w\" sizes=\"(max-width: 2560px) 100vw, 2560px\" title=\"Percorsi di Grazia_Percorso Monte Ortobene &#8211; Nuoro\" alt=\"\" \t\tclass=\"so-widget-image\"\/>\n\t<\/div>\n\n<\/div><\/div><\/div><\/div><\/div><\/div><div id=\"pg-571-3\"  class=\"panel-grid panel-has-style\" ><div class=\"row grid-x panel-row-style panel-row-style-for-571-3\" ><div id=\"pgc-571-3-0\"  class=\"panel-grid-cell cell columns small-12 medium-12\" ><div id=\"panel-571-3-0-0\" class=\"so-panel widget widget_media_image panel-first-child panel-last-child\" data-index=\"3\" ><div style=\";background-repeat:repeat;\" class=\"panel-widget-style panel-widget-style-for-571-3-0-0\" ><img loading=\"lazy\" decoding=\"async\" width=\"300\" height=\"45\" src=\"https:\/\/www.diocesidinuoro.it\/percorsidigrazia\/wp-content\/uploads\/sites\/17\/2023\/10\/Cattura-300x45.png\" class=\"image wp-image-65  attachment-medium size-medium\" alt=\"\" style=\"max-width: 100%; height: auto;\" srcset=\"https:\/\/www.diocesidinuoro.it\/percorsidigrazia\/wp-content\/uploads\/sites\/17\/2023\/10\/Cattura-300x45.png 300w, https:\/\/www.diocesidinuoro.it\/percorsidigrazia\/wp-content\/uploads\/sites\/17\/2023\/10\/Cattura-1024x153.png 1024w, https:\/\/www.diocesidinuoro.it\/percorsidigrazia\/wp-content\/uploads\/sites\/17\/2023\/10\/Cattura-768x115.png 768w, https:\/\/www.diocesidinuoro.it\/percorsidigrazia\/wp-content\/uploads\/sites\/17\/2023\/10\/Cattura-1536x230.png 1536w, https:\/\/www.diocesidinuoro.it\/percorsidigrazia\/wp-content\/uploads\/sites\/17\/2023\/10\/Cattura-600x90.png 600w, https:\/\/www.diocesidinuoro.it\/percorsidigrazia\/wp-content\/uploads\/sites\/17\/2023\/10\/Cattura-1200x180.png 1200w, https:\/\/www.diocesidinuoro.it\/percorsidigrazia\/wp-content\/uploads\/sites\/17\/2023\/10\/Cattura-800x120.png 800w, https:\/\/www.diocesidinuoro.it\/percorsidigrazia\/wp-content\/uploads\/sites\/17\/2023\/10\/Cattura.png 1825w\" sizes=\"(max-width: 300px) 100vw, 300px\" \/><\/div><\/div><\/div><\/div><\/div><div id=\"pg-571-4\"  class=\"panel-grid panel-has-style\" ><div class=\"row grid-x panel-row-style panel-row-style-for-571-4\" ><div id=\"pgc-571-4-0\"  class=\"panel-grid-cell cell columns small-12 medium-12\" ><div id=\"panel-571-4-0-0\" class=\"so-panel widget widget_text panel-first-child panel-last-child\" data-index=\"4\" ><div style=\";background-repeat:repeat;\" class=\"panel-widget-style panel-widget-style-for-571-4-0-0\" >\t\t\t<div class=\"textwidget\"><p><span style=\"font-weight: 400\">\ud83d\udeb6\u00a0\u00a0<\/span><\/p>\n<p><span style=\"font-weight: 400\">Il percorso \u00e8 pedonale, in alternativa si pu\u00f2 prendere la SP45 che porta fino in cima.\u00a0<\/span><\/p>\n<p>&nbsp;<\/p>\n<p><strong>Lunghezza<\/strong> <span style=\"font-weight: 400\">4 KM<\/span><\/p>\n<p><strong>Tempo di percorrenza<\/strong> Per apprezzare appieno il percorso, \u00e8 essenziale dedicare una mezza giornata.<\/p>\n<p><strong>Difficolt\u00e0<\/strong> <span style=\"font-weight: 400\">Medio<\/span><span style=\"font-weight: 400\"> &#8211; <\/span><span style=\"font-weight: 400\">Lungo, in salita e sterrato<\/span><\/p>\n<p>&nbsp;<\/p>\n<p><b><i>Tappe<\/i><\/b><\/p>\n<ul>\n<li style=\"font-weight: 400\"><span style=\"font-weight: 400\">Chiesa di Nostra Signora della Solitudine<br \/>\n<\/span>SP42, 2, 08100 Nuoro NU<\/li>\n<li style=\"font-weight: 400\"><span style=\"font-weight: 400\">Sa \u2018e sos frores<\/span><\/li>\n<li style=\"font-weight: 400\"><span style=\"font-weight: 400\">Sos Nodos de Lallanu<\/span><\/li>\n<li style=\"font-weight: 400\"><span style=\"font-weight: 400\">Sa Funtana \u2018e Milianu<\/span><\/li>\n<li style=\"font-weight: 400\"><span style=\"font-weight: 400\">Solotti<\/span><\/li>\n<li style=\"font-weight: 400\"><span style=\"font-weight: 400\">Cristo Redentore<\/span><\/li>\n<\/ul>\n<p>&nbsp;<\/p>\n<p>Il percorso sul Monte Ortobene, affacciato su Nuoro, \u00e8 un&#8217;esperienza straordinaria che mescola natura incontaminata e spiritualit\u00e0. Il sentiero serpeggia tra boschi di lecci secolari, regalando panorami mozzafiato sulla citt\u00e0 e oltre. Lungo il percorso, si incontrano le tracce di antichit\u00e0 e storia che raccontano la vita rurale sarda. L&#8217;ascesa culmina in cima, dove il silenzio e la vastit\u00e0 del paesaggio rendono il Monte Ortobene un luogo di riflessione e connessione con la natura selvaggia della Sardegna.<\/p>\n<p>&nbsp;<\/p>\n<p>&nbsp;<\/p>\n<p>Desideriamo informare i visitatori che il percorso attuale potrebbe presentare delle sfide per chi ha limitazioni motorie. Potrebbero sorgere difficolt\u00e0 nell&#8217;attraversare questo tragitto, dato il suo stato attuale e le condizioni del terreno. Riteniamo fondamentale garantire a tutti un&#8217;esperienza piacevole e sicura. Pertanto, se incontri difficolt\u00e0 nel percorso o se ritieni che possa essere un ostacolo insormontabile, ti incoraggiamo a valutare attentamente la tua decisione di procedere. Per maggiori informazioni rimandiamo al sito del Comune.<\/p>\n<ul>\n<li><a href=\"https:\/\/www.comune.nuoro.it\/it\" target=\"_blank\" rel=\"noopener\">Comune di Nuoro<\/a><\/li>\n<\/ul>\n<\/div>\n\t\t<\/div><\/div><\/div><\/div><\/div><div id=\"pg-571-5\"  class=\"panel-grid panel-has-style\" ><div class=\"row grid-x panel-row-style panel-row-style-for-571-5\" ><div id=\"pgc-571-5-0\"  class=\"panel-grid-cell cell columns small-12 medium-12\" ><div id=\"panel-571-5-0-0\" class=\"so-panel widget widget_media_image panel-first-child panel-last-child\" data-index=\"5\" ><div style=\";background-repeat:repeat;\" class=\"panel-widget-style panel-widget-style-for-571-5-0-0\" ><img loading=\"lazy\" decoding=\"async\" width=\"300\" height=\"45\" src=\"https:\/\/www.diocesidinuoro.it\/percorsidigrazia\/wp-content\/uploads\/sites\/17\/2023\/10\/Cattura-300x45.png\" class=\"image wp-image-65  attachment-medium size-medium\" alt=\"\" style=\"max-width: 100%; height: auto;\" srcset=\"https:\/\/www.diocesidinuoro.it\/percorsidigrazia\/wp-content\/uploads\/sites\/17\/2023\/10\/Cattura-300x45.png 300w, https:\/\/www.diocesidinuoro.it\/percorsidigrazia\/wp-content\/uploads\/sites\/17\/2023\/10\/Cattura-1024x153.png 1024w, https:\/\/www.diocesidinuoro.it\/percorsidigrazia\/wp-content\/uploads\/sites\/17\/2023\/10\/Cattura-768x115.png 768w, https:\/\/www.diocesidinuoro.it\/percorsidigrazia\/wp-content\/uploads\/sites\/17\/2023\/10\/Cattura-1536x230.png 1536w, https:\/\/www.diocesidinuoro.it\/percorsidigrazia\/wp-content\/uploads\/sites\/17\/2023\/10\/Cattura-600x90.png 600w, https:\/\/www.diocesidinuoro.it\/percorsidigrazia\/wp-content\/uploads\/sites\/17\/2023\/10\/Cattura-1200x180.png 1200w, https:\/\/www.diocesidinuoro.it\/percorsidigrazia\/wp-content\/uploads\/sites\/17\/2023\/10\/Cattura-800x120.png 800w, https:\/\/www.diocesidinuoro.it\/percorsidigrazia\/wp-content\/uploads\/sites\/17\/2023\/10\/Cattura.png 1825w\" sizes=\"(max-width: 300px) 100vw, 300px\" \/><\/div><\/div><\/div><\/div><\/div><div id=\"pg-571-6\"  class=\"panel-grid panel-has-style\" ><div class=\"row grid-x panel-row-style panel-row-style-for-571-6\" ><div id=\"pgc-571-6-0\"  class=\"panel-grid-cell cell columns small-12 medium-12\" ><div id=\"panel-571-6-0-0\" class=\"so-panel widget widget_sow-slider panel-first-child panel-last-child\" data-index=\"6\" ><div style=\";background-repeat:repeat;\" class=\"panel-widget-style panel-widget-style-for-571-6-0-0\" ><div\n\t\t\t\n\t\t\tclass=\"so-widget-sow-slider so-widget-sow-slider-default-6d39609536fd-571\"\n\t\t\t\n\t\t>\t\t\t\t<div class=\"sow-slider-base\" style=\"display: none\" tabindex=\"0\">\n\t\t\t\t\t<ul\n\t\t\t\t\tclass=\"sow-slider-images\"\n\t\t\t\t\tdata-settings=\"{&quot;pagination&quot;:true,&quot;speed&quot;:800,&quot;timeout&quot;:8000,&quot;paused&quot;:false,&quot;pause_on_hover&quot;:false,&quot;swipe&quot;:true,&quot;nav_always_show_desktop&quot;:&quot;&quot;,&quot;nav_always_show_mobile&quot;:&quot;&quot;,&quot;breakpoint&quot;:&quot;780px&quot;,&quot;unmute&quot;:false,&quot;anchor&quot;:null}\"\n\t\t\t\t\t\t\t\t\t\tdata-anchor-id=\"\"\n\t\t\t\t>\t\t<li class=\"sow-slider-image\" style=\"visibility: visible;\" >\n\t\t\t\t\t\t<img loading=\"lazy\" decoding=\"async\" width=\"2560\" height=\"1707\" src=\"https:\/\/www.diocesidinuoro.it\/percorsidigrazia\/wp-content\/uploads\/sites\/17\/2023\/10\/Percorsi-di-Grazia-Nuoro-1-1-scaled.jpg\" class=\"sow-slider-background-image\" alt=\"\" style=\"\" srcset=\"https:\/\/www.diocesidinuoro.it\/percorsidigrazia\/wp-content\/uploads\/sites\/17\/2023\/10\/Percorsi-di-Grazia-Nuoro-1-1-scaled.jpg 2560w, https:\/\/www.diocesidinuoro.it\/percorsidigrazia\/wp-content\/uploads\/sites\/17\/2023\/10\/Percorsi-di-Grazia-Nuoro-1-1-300x200.jpg 300w, https:\/\/www.diocesidinuoro.it\/percorsidigrazia\/wp-content\/uploads\/sites\/17\/2023\/10\/Percorsi-di-Grazia-Nuoro-1-1-1024x683.jpg 1024w, https:\/\/www.diocesidinuoro.it\/percorsidigrazia\/wp-content\/uploads\/sites\/17\/2023\/10\/Percorsi-di-Grazia-Nuoro-1-1-768x512.jpg 768w, https:\/\/www.diocesidinuoro.it\/percorsidigrazia\/wp-content\/uploads\/sites\/17\/2023\/10\/Percorsi-di-Grazia-Nuoro-1-1-1536x1024.jpg 1536w, https:\/\/www.diocesidinuoro.it\/percorsidigrazia\/wp-content\/uploads\/sites\/17\/2023\/10\/Percorsi-di-Grazia-Nuoro-1-1-2048x1365.jpg 2048w, https:\/\/www.diocesidinuoro.it\/percorsidigrazia\/wp-content\/uploads\/sites\/17\/2023\/10\/Percorsi-di-Grazia-Nuoro-1-1-600x400.jpg 600w, https:\/\/www.diocesidinuoro.it\/percorsidigrazia\/wp-content\/uploads\/sites\/17\/2023\/10\/Percorsi-di-Grazia-Nuoro-1-1-1200x800.jpg 1200w, https:\/\/www.diocesidinuoro.it\/percorsidigrazia\/wp-content\/uploads\/sites\/17\/2023\/10\/Percorsi-di-Grazia-Nuoro-1-1-800x533.jpg 800w, https:\/\/www.diocesidinuoro.it\/percorsidigrazia\/wp-content\/uploads\/sites\/17\/2023\/10\/Percorsi-di-Grazia-Nuoro-1-1-272x182.jpg 272w\" sizes=\"(max-width: 2560px) 100vw, 2560px\" \/>\t\t<\/li>\n\t\t\t\t<li class=\"sow-slider-image\" style=\"visibility: hidden;\" >\n\t\t\t\t\t\t<img loading=\"lazy\" decoding=\"async\" width=\"2560\" height=\"1707\" src=\"https:\/\/www.diocesidinuoro.it\/percorsidigrazia\/wp-content\/uploads\/sites\/17\/2023\/10\/Percorsi-di-Grazia-Nuoro-3-scaled.jpg\" class=\"sow-slider-background-image\" alt=\"\" style=\"\" srcset=\"https:\/\/www.diocesidinuoro.it\/percorsidigrazia\/wp-content\/uploads\/sites\/17\/2023\/10\/Percorsi-di-Grazia-Nuoro-3-scaled.jpg 2560w, https:\/\/www.diocesidinuoro.it\/percorsidigrazia\/wp-content\/uploads\/sites\/17\/2023\/10\/Percorsi-di-Grazia-Nuoro-3-300x200.jpg 300w, https:\/\/www.diocesidinuoro.it\/percorsidigrazia\/wp-content\/uploads\/sites\/17\/2023\/10\/Percorsi-di-Grazia-Nuoro-3-1024x683.jpg 1024w, https:\/\/www.diocesidinuoro.it\/percorsidigrazia\/wp-content\/uploads\/sites\/17\/2023\/10\/Percorsi-di-Grazia-Nuoro-3-768x512.jpg 768w, https:\/\/www.diocesidinuoro.it\/percorsidigrazia\/wp-content\/uploads\/sites\/17\/2023\/10\/Percorsi-di-Grazia-Nuoro-3-1536x1024.jpg 1536w, https:\/\/www.diocesidinuoro.it\/percorsidigrazia\/wp-content\/uploads\/sites\/17\/2023\/10\/Percorsi-di-Grazia-Nuoro-3-2048x1365.jpg 2048w, https:\/\/www.diocesidinuoro.it\/percorsidigrazia\/wp-content\/uploads\/sites\/17\/2023\/10\/Percorsi-di-Grazia-Nuoro-3-600x400.jpg 600w, https:\/\/www.diocesidinuoro.it\/percorsidigrazia\/wp-content\/uploads\/sites\/17\/2023\/10\/Percorsi-di-Grazia-Nuoro-3-1200x800.jpg 1200w, https:\/\/www.diocesidinuoro.it\/percorsidigrazia\/wp-content\/uploads\/sites\/17\/2023\/10\/Percorsi-di-Grazia-Nuoro-3-800x533.jpg 800w, https:\/\/www.diocesidinuoro.it\/percorsidigrazia\/wp-content\/uploads\/sites\/17\/2023\/10\/Percorsi-di-Grazia-Nuoro-3-272x182.jpg 272w\" sizes=\"(max-width: 2560px) 100vw, 2560px\" \/>\t\t<\/li>\n\t\t\t\t<li class=\"sow-slider-image\" style=\"visibility: hidden;\" >\n\t\t\t\t\t\t<img loading=\"lazy\" decoding=\"async\" width=\"2560\" height=\"1707\" src=\"https:\/\/www.diocesidinuoro.it\/percorsidigrazia\/wp-content\/uploads\/sites\/17\/2023\/10\/DSC_0365-1-scaled.jpg\" class=\"sow-slider-background-image\" alt=\"\" style=\"\" srcset=\"https:\/\/www.diocesidinuoro.it\/percorsidigrazia\/wp-content\/uploads\/sites\/17\/2023\/10\/DSC_0365-1-scaled.jpg 2560w, https:\/\/www.diocesidinuoro.it\/percorsidigrazia\/wp-content\/uploads\/sites\/17\/2023\/10\/DSC_0365-1-300x200.jpg 300w, https:\/\/www.diocesidinuoro.it\/percorsidigrazia\/wp-content\/uploads\/sites\/17\/2023\/10\/DSC_0365-1-1024x683.jpg 1024w, https:\/\/www.diocesidinuoro.it\/percorsidigrazia\/wp-content\/uploads\/sites\/17\/2023\/10\/DSC_0365-1-768x512.jpg 768w, https:\/\/www.diocesidinuoro.it\/percorsidigrazia\/wp-content\/uploads\/sites\/17\/2023\/10\/DSC_0365-1-1536x1024.jpg 1536w, https:\/\/www.diocesidinuoro.it\/percorsidigrazia\/wp-content\/uploads\/sites\/17\/2023\/10\/DSC_0365-1-2048x1365.jpg 2048w, https:\/\/www.diocesidinuoro.it\/percorsidigrazia\/wp-content\/uploads\/sites\/17\/2023\/10\/DSC_0365-1-600x400.jpg 600w, https:\/\/www.diocesidinuoro.it\/percorsidigrazia\/wp-content\/uploads\/sites\/17\/2023\/10\/DSC_0365-1-1200x800.jpg 1200w, https:\/\/www.diocesidinuoro.it\/percorsidigrazia\/wp-content\/uploads\/sites\/17\/2023\/10\/DSC_0365-1-800x533.jpg 800w, https:\/\/www.diocesidinuoro.it\/percorsidigrazia\/wp-content\/uploads\/sites\/17\/2023\/10\/DSC_0365-1-272x182.jpg 272w\" sizes=\"(max-width: 2560px) 100vw, 2560px\" \/>\t\t<\/li>\n\t\t\t\t<li class=\"sow-slider-image\" style=\"visibility: hidden;\" >\n\t\t\t\t\t\t<img loading=\"lazy\" decoding=\"async\" width=\"2560\" height=\"1707\" src=\"https:\/\/www.diocesidinuoro.it\/percorsidigrazia\/wp-content\/uploads\/sites\/17\/2023\/10\/DSC_0366-scaled.jpg\" class=\"sow-slider-background-image\" alt=\"\" style=\"\" srcset=\"https:\/\/www.diocesidinuoro.it\/percorsidigrazia\/wp-content\/uploads\/sites\/17\/2023\/10\/DSC_0366-scaled.jpg 2560w, https:\/\/www.diocesidinuoro.it\/percorsidigrazia\/wp-content\/uploads\/sites\/17\/2023\/10\/DSC_0366-300x200.jpg 300w, https:\/\/www.diocesidinuoro.it\/percorsidigrazia\/wp-content\/uploads\/sites\/17\/2023\/10\/DSC_0366-1024x683.jpg 1024w, https:\/\/www.diocesidinuoro.it\/percorsidigrazia\/wp-content\/uploads\/sites\/17\/2023\/10\/DSC_0366-768x512.jpg 768w, https:\/\/www.diocesidinuoro.it\/percorsidigrazia\/wp-content\/uploads\/sites\/17\/2023\/10\/DSC_0366-1536x1024.jpg 1536w, https:\/\/www.diocesidinuoro.it\/percorsidigrazia\/wp-content\/uploads\/sites\/17\/2023\/10\/DSC_0366-2048x1365.jpg 2048w, https:\/\/www.diocesidinuoro.it\/percorsidigrazia\/wp-content\/uploads\/sites\/17\/2023\/10\/DSC_0366-600x400.jpg 600w, https:\/\/www.diocesidinuoro.it\/percorsidigrazia\/wp-content\/uploads\/sites\/17\/2023\/10\/DSC_0366-1200x800.jpg 1200w, https:\/\/www.diocesidinuoro.it\/percorsidigrazia\/wp-content\/uploads\/sites\/17\/2023\/10\/DSC_0366-800x533.jpg 800w, https:\/\/www.diocesidinuoro.it\/percorsidigrazia\/wp-content\/uploads\/sites\/17\/2023\/10\/DSC_0366-272x182.jpg 272w\" sizes=\"(max-width: 2560px) 100vw, 2560px\" \/>\t\t<\/li>\n\t\t\t\t<li class=\"sow-slider-image\" style=\"visibility: hidden;\" >\n\t\t\t\t\t\t<img loading=\"lazy\" decoding=\"async\" width=\"2560\" height=\"1707\" src=\"https:\/\/www.diocesidinuoro.it\/percorsidigrazia\/wp-content\/uploads\/sites\/17\/2023\/10\/DSC_0368-scaled.jpg\" class=\"sow-slider-background-image\" alt=\"\" style=\"\" srcset=\"https:\/\/www.diocesidinuoro.it\/percorsidigrazia\/wp-content\/uploads\/sites\/17\/2023\/10\/DSC_0368-scaled.jpg 2560w, https:\/\/www.diocesidinuoro.it\/percorsidigrazia\/wp-content\/uploads\/sites\/17\/2023\/10\/DSC_0368-300x200.jpg 300w, https:\/\/www.diocesidinuoro.it\/percorsidigrazia\/wp-content\/uploads\/sites\/17\/2023\/10\/DSC_0368-1024x683.jpg 1024w, https:\/\/www.diocesidinuoro.it\/percorsidigrazia\/wp-content\/uploads\/sites\/17\/2023\/10\/DSC_0368-768x512.jpg 768w, https:\/\/www.diocesidinuoro.it\/percorsidigrazia\/wp-content\/uploads\/sites\/17\/2023\/10\/DSC_0368-1536x1024.jpg 1536w, https:\/\/www.diocesidinuoro.it\/percorsidigrazia\/wp-content\/uploads\/sites\/17\/2023\/10\/DSC_0368-2048x1365.jpg 2048w, https:\/\/www.diocesidinuoro.it\/percorsidigrazia\/wp-content\/uploads\/sites\/17\/2023\/10\/DSC_0368-600x400.jpg 600w, https:\/\/www.diocesidinuoro.it\/percorsidigrazia\/wp-content\/uploads\/sites\/17\/2023\/10\/DSC_0368-1200x800.jpg 1200w, https:\/\/www.diocesidinuoro.it\/percorsidigrazia\/wp-content\/uploads\/sites\/17\/2023\/10\/DSC_0368-800x533.jpg 800w, https:\/\/www.diocesidinuoro.it\/percorsidigrazia\/wp-content\/uploads\/sites\/17\/2023\/10\/DSC_0368-272x182.jpg 272w\" sizes=\"(max-width: 2560px) 100vw, 2560px\" \/>\t\t<\/li>\n\t\t<\/ul>\t\t\t\t<ol class=\"sow-slider-pagination\">\n\t\t\t\t\t\t\t\t\t\t\t<li><a href=\"#\" data-goto=\"0\" aria-label=\"display slide 1\"><\/a><\/li>\n\t\t\t\t\t\t\t\t\t\t\t<li><a href=\"#\" data-goto=\"1\" aria-label=\"display slide 2\"><\/a><\/li>\n\t\t\t\t\t\t\t\t\t\t\t<li><a href=\"#\" data-goto=\"2\" aria-label=\"display slide 3\"><\/a><\/li>\n\t\t\t\t\t\t\t\t\t\t\t<li><a href=\"#\" data-goto=\"3\" aria-label=\"display slide 4\"><\/a><\/li>\n\t\t\t\t\t\t\t\t\t\t\t<li><a href=\"#\" data-goto=\"4\" aria-label=\"display slide 5\"><\/a><\/li>\n\t\t\t\t\t\t\t\t\t<\/ol>\n\n\t\t\t\t<div class=\"sow-slide-nav sow-slide-nav-next\">\n\t\t\t\t\t<a href=\"#\" data-goto=\"next\" aria-label=\"next slide\" data-action=\"next\">\n\t\t\t\t\t\t<em class=\"sow-sld-icon-thin-right\"><\/em>\n\t\t\t\t\t<\/a>\n\t\t\t\t<\/div>\n\n\t\t\t\t<div class=\"sow-slide-nav sow-slide-nav-prev\">\n\t\t\t\t\t<a href=\"#\" data-goto=\"previous\" aria-label=\"previous slide\" data-action=\"prev\">\n\t\t\t\t\t\t<em class=\"sow-sld-icon-thin-left\"><\/em>\n\t\t\t\t\t<\/a>\n\t\t\t\t<\/div>\n\t\t\t\t<\/div><\/div><\/div><\/div><\/div><\/div><\/div><\/div>","protected":false},"excerpt":{"rendered":"<p>Percorso Monte Ortobene Percorso che segue il sentiero 101 attraverso il bosco e arriva fino alla statua del Redentore \ud83d\udeb6\u00a0\u00a0 Il percorso \u00e8 pedonale, in alternativa si pu\u00f2 prendere la SP45 che porta fino in cima.\u00a0 &nbsp; Lunghezza 4 KM Tempo di percorrenza Per apprezzare appieno il percorso, \u00e8 essenziale dedicare una mezza giornata. Difficolt\u00e0 Medio &#8211; Lungo, in salita e sterrato &nbsp; Tappe Chiesa &hellip; <a href=\"https:\/\/www.diocesidinuoro.it\/percorsidigrazia\/nuoro\/percorso-monte-ortobene\/\" class=\"more-link\">Continua a leggere <span class=\"screen-reader-text\"><\/span> <span class=\"meta-nav\">&raquo;<\/span><\/a><\/p>\n","protected":false},"author":0,"featured_media":0,"parent":478,"menu_order":0,"comment_status":"closed","ping_status":"closed","template":"","meta":{"_acf_changed":false,"ip_address":"","user_agent":"","level":"","revision":"","cookie_id":"","page_referer":"","html_form":"","footnotes":""},"acf":[],"_links":{"self":[{"href":"https:\/\/www.diocesidinuoro.it\/percorsidigrazia\/wp-json\/wp\/v2\/pages\/571"}],"collection":[{"href":"https:\/\/www.diocesidinuoro.it\/percorsidigrazia\/wp-json\/wp\/v2\/pages"}],"about":[{"href":"https:\/\/www.diocesidinuoro.it\/percorsidigrazia\/wp-json\/wp\/v2\/types\/page"}],"author":[{"embeddable":true,"href":"https:\/\/www.diocesidinuoro.it\/percorsidigrazia\/wp-json\/wp\/v2\/users\/14"}],"replies":[{"embeddable":true,"href":"https:\/\/www.diocesidinuoro.it\/percorsidigrazia\/wp-json\/wp\/v2\/comments?post=571"}],"version-history":[{"count":2,"href":"https:\/\/www.diocesidinuoro.it\/percorsidigrazia\/wp-json\/wp\/v2\/pages\/571\/revisions"}],"predecessor-version":[{"id":1067,"href":"https:\/\/www.diocesidinuoro.it\/percorsidigrazia\/wp-json\/wp\/v2\/pages\/571\/revisions\/1067"}],"up":[{"embeddable":true,"href":"https:\/\/www.diocesidinuoro.it\/percorsidigrazia\/wp-json\/wp\/v2\/pages\/478"}],"wp:attachment":[{"href":"https:\/\/www.diocesidinuoro.it\/percorsidigrazia\/wp-json\/wp\/v2\/media?parent=571"}],"curies":[{"name":"wp","href":"https:\/\/api.w.org\/{rel}","templated":true}]}}