{"id":993,"date":"2023-11-20T12:12:16","date_gmt":"2023-11-20T11:12:16","guid":{"rendered":"https:\/\/www.diocesidinuoro.it\/percorsidigrazia\/?page_id=993"},"modified":"2023-11-23T10:41:45","modified_gmt":"2023-11-23T09:41:45","slug":"piazza-santantonio","status":"publish","type":"page","link":"https:\/\/www.diocesidinuoro.it\/percorsidigrazia\/orosei\/piazza-santantonio\/","title":{"rendered":"Piazza Sant&#8217;Antonio-Orosei"},"content":{"rendered":"<div id=\"pl-993\"  class=\"panel-layout\" ><div id=\"pg-993-0\"  class=\"panel-grid panel-has-style\" ><div class=\"row grid-x panel-row-style panel-row-style-for-993-0\" ><div id=\"pgc-993-0-0\"  class=\"panel-grid-cell cell columns small-12 medium-12\" ><div id=\"panel-993-0-0-0\" class=\"so-panel widget widget_sow-headline panel-first-child\" data-index=\"0\" ><div style=\";background-repeat:repeat;\" class=\"panel-widget-style panel-widget-style-for-993-0-0-0\" ><div\n\t\t\t\n\t\t\tclass=\"so-widget-sow-headline so-widget-sow-headline-default-60b5411ac097-993\"\n\t\t\t\n\t\t><div class=\"sow-headline-container \">\n\t\t\t\t\t\t\t<h2 class=\"sow-headline\">\n\t\t\t\t\t\tPiazza Sant'Antonio\t\t\t\t\t\t<\/h2>\n\t\t\t\t\t\t\t\t\t\t\t<div class=\"decoration\">\n\t\t\t\t\t\t<div class=\"decoration-inside\"><\/div>\n\t\t\t\t\t<\/div>\n\t\t\t\t\t\t\t\t\t\t\t<h3 class=\"sow-sub-headline\">\n\t\t\t\t\t\tOrosei\t\t\t\t\t\t<\/h3>\n\t\t\t\t\t\t<\/div>\n<\/div><\/div><\/div><div id=\"panel-993-0-0-1\" class=\"so-panel widget widget_sow-image\" data-index=\"1\" ><div style=\";background-repeat:repeat;\" class=\"panel-widget-style panel-widget-style-for-993-0-0-1\" ><div\n\t\t\t\n\t\t\tclass=\"so-widget-sow-image so-widget-sow-image-default-8b5b6f678277-993\"\n\t\t\t\n\t\t>\n\n<div class=\"sow-image-container\">\n\t\t<img loading=\"lazy\" decoding=\"async\" src=\"https:\/\/www.diocesidinuoro.it\/percorsidigrazia\/wp-content\/uploads\/sites\/17\/2023\/10\/Cattura-150x150.png\" width=\"50\" height=\"100\" sizes=\"(max-width: 50px) 100vw, 50px\" alt=\"\" \t\tclass=\"so-widget-image\"\/>\n\t<\/div>\n\n<\/div><\/div><\/div><div id=\"panel-993-0-0-2\" class=\"so-panel widget widget_sow-slider panel-last-child\" data-index=\"2\" ><div style=\";background-repeat:repeat;\" class=\"panel-widget-style panel-widget-style-for-993-0-0-2\" ><div\n\t\t\t\n\t\t\tclass=\"so-widget-sow-slider so-widget-sow-slider-default-6d39609536fd-993\"\n\t\t\t\n\t\t>\t\t\t\t<div class=\"sow-slider-base\" style=\"display: none\" tabindex=\"0\">\n\t\t\t\t\t<ul\n\t\t\t\t\tclass=\"sow-slider-images\"\n\t\t\t\t\tdata-settings=\"{&quot;pagination&quot;:true,&quot;speed&quot;:800,&quot;timeout&quot;:8000,&quot;paused&quot;:false,&quot;pause_on_hover&quot;:false,&quot;swipe&quot;:true,&quot;nav_always_show_desktop&quot;:&quot;&quot;,&quot;nav_always_show_mobile&quot;:&quot;&quot;,&quot;breakpoint&quot;:&quot;780px&quot;,&quot;unmute&quot;:false,&quot;anchor&quot;:null}\"\n\t\t\t\t\t\t\t\t\t\tdata-anchor-id=\"\"\n\t\t\t\t>\t\t<li class=\"sow-slider-image\" style=\"visibility: visible;\" >\n\t\t\t\t\t\t<img loading=\"lazy\" decoding=\"async\" width=\"2560\" height=\"1707\" src=\"https:\/\/www.diocesidinuoro.it\/percorsidigrazia\/wp-content\/uploads\/sites\/17\/2023\/11\/SantAntonio_Abate_Orosei-scaled.jpg\" class=\"sow-slider-background-image\" alt=\"\" style=\"\" srcset=\"https:\/\/www.diocesidinuoro.it\/percorsidigrazia\/wp-content\/uploads\/sites\/17\/2023\/11\/SantAntonio_Abate_Orosei-scaled.jpg 2560w, https:\/\/www.diocesidinuoro.it\/percorsidigrazia\/wp-content\/uploads\/sites\/17\/2023\/11\/SantAntonio_Abate_Orosei-300x200.jpg 300w, https:\/\/www.diocesidinuoro.it\/percorsidigrazia\/wp-content\/uploads\/sites\/17\/2023\/11\/SantAntonio_Abate_Orosei-1024x683.jpg 1024w, https:\/\/www.diocesidinuoro.it\/percorsidigrazia\/wp-content\/uploads\/sites\/17\/2023\/11\/SantAntonio_Abate_Orosei-768x512.jpg 768w, https:\/\/www.diocesidinuoro.it\/percorsidigrazia\/wp-content\/uploads\/sites\/17\/2023\/11\/SantAntonio_Abate_Orosei-1536x1024.jpg 1536w, https:\/\/www.diocesidinuoro.it\/percorsidigrazia\/wp-content\/uploads\/sites\/17\/2023\/11\/SantAntonio_Abate_Orosei-2048x1365.jpg 2048w, https:\/\/www.diocesidinuoro.it\/percorsidigrazia\/wp-content\/uploads\/sites\/17\/2023\/11\/SantAntonio_Abate_Orosei-600x400.jpg 600w, https:\/\/www.diocesidinuoro.it\/percorsidigrazia\/wp-content\/uploads\/sites\/17\/2023\/11\/SantAntonio_Abate_Orosei-1200x800.jpg 1200w, https:\/\/www.diocesidinuoro.it\/percorsidigrazia\/wp-content\/uploads\/sites\/17\/2023\/11\/SantAntonio_Abate_Orosei-800x533.jpg 800w, https:\/\/www.diocesidinuoro.it\/percorsidigrazia\/wp-content\/uploads\/sites\/17\/2023\/11\/SantAntonio_Abate_Orosei-272x182.jpg 272w\" sizes=\"(max-width: 2560px) 100vw, 2560px\" \/>\t\t<\/li>\n\t\t<\/ul>\t\t\t\t<ol class=\"sow-slider-pagination\">\n\t\t\t\t\t\t\t\t\t\t\t<li><a href=\"#\" data-goto=\"0\" aria-label=\"display slide 1\"><\/a><\/li>\n\t\t\t\t\t\t\t\t\t<\/ol>\n\n\t\t\t\t<div class=\"sow-slide-nav sow-slide-nav-next\">\n\t\t\t\t\t<a href=\"#\" data-goto=\"next\" aria-label=\"next slide\" data-action=\"next\">\n\t\t\t\t\t\t<em class=\"sow-sld-icon-thin-right\"><\/em>\n\t\t\t\t\t<\/a>\n\t\t\t\t<\/div>\n\n\t\t\t\t<div class=\"sow-slide-nav sow-slide-nav-prev\">\n\t\t\t\t\t<a href=\"#\" data-goto=\"previous\" aria-label=\"previous slide\" data-action=\"prev\">\n\t\t\t\t\t\t<em class=\"sow-sld-icon-thin-left\"><\/em>\n\t\t\t\t\t<\/a>\n\t\t\t\t<\/div>\n\t\t\t\t<\/div><\/div><\/div><\/div><\/div><\/div><\/div><div id=\"pg-993-1\"  class=\"panel-grid panel-has-style\" ><div class=\"row grid-x panel-row-style panel-row-style-for-993-1\" ><div id=\"pgc-993-1-0\"  class=\"panel-grid-cell cell columns small-12 medium-12\" ><div id=\"panel-993-1-0-0\" class=\"so-panel widget widget_sow-image panel-first-child\" data-index=\"3\" ><div style=\";background-repeat:repeat;\" class=\"panel-widget-style panel-widget-style-for-993-1-0-0\" ><div\n\t\t\t\n\t\t\tclass=\"so-widget-sow-image so-widget-sow-image-default-8b5b6f678277-993\"\n\t\t\t\n\t\t>\n\n<div class=\"sow-image-container\">\n\t\t<img loading=\"lazy\" decoding=\"async\" src=\"https:\/\/www.diocesidinuoro.it\/percorsidigrazia\/wp-content\/uploads\/sites\/17\/2023\/10\/Cattura-150x150.png\" width=\"30\" height=\"100\" sizes=\"(max-width: 30px) 100vw, 30px\" alt=\"\" \t\tclass=\"so-widget-image\"\/>\n\t<\/div>\n\n<\/div><\/div><\/div><div id=\"panel-993-1-0-1\" class=\"so-panel widget widget_sow-image panel-last-child\" data-index=\"4\" ><div style=\";background-repeat:repeat;\" class=\"panel-widget-style panel-widget-style-for-993-1-0-1\" ><div\n\t\t\t\n\t\t\tclass=\"so-widget-sow-image so-widget-sow-image-default-8b5b6f678277-993\"\n\t\t\t\n\t\t>\n\n<div class=\"sow-image-container\">\n\t\t<img loading=\"lazy\" decoding=\"async\" src=\"https:\/\/www.diocesidinuoro.it\/percorsidigrazia\/wp-content\/uploads\/sites\/17\/2023\/10\/Cattura-150x150.png\" width=\"30\" height=\"100\" sizes=\"(max-width: 30px) 100vw, 30px\" alt=\"\" \t\tclass=\"so-widget-image\"\/>\n\t<\/div>\n\n<\/div><\/div><\/div><\/div><\/div><\/div><div id=\"pg-993-2\"  class=\"panel-grid panel-has-style\" ><div class=\"row grid-x panel-row-style panel-row-style-for-993-2\" ><div id=\"pgc-993-2-0\"  class=\"panel-grid-cell cell columns small-12 medium-12\" ><div id=\"panel-993-2-0-0\" class=\"so-panel widget widget_sow-editor panel-first-child panel-last-child\" data-index=\"5\" ><div style=\";background-repeat:repeat;\" class=\"panel-widget-style panel-widget-style-for-993-2-0-0\" ><div\n\t\t\t\n\t\t\tclass=\"so-widget-sow-editor so-widget-sow-editor-base\"\n\t\t\t\n\t\t>\n<div class=\"siteorigin-widget-tinymce textwidget\">\n\t<p><span style=\"font-weight: 400\">Il quartiere di Sant'Antonio regala al visitatore un'affascinante prospettiva storico-architettonica, culminante nel suggestivo complesso di Sant'Antonio Abate. Questo ensemble comprende non solo la maestosa chiesa dedicata a Sant'Antonio Abate, ma anche una torre pisana che si erge con maestosit\u00e0, oltre a delle caratteristiche casettine che, nel corso dei secoli dal XIV al XVIII, hanno svolto la funzione di ospedale. Questo complesso \u00e8 un autentico tesoro di storia e cultura che racconta le varie fasi di utilizzo e adattamento nel corso dei secoli.<\/span><\/p>\n<p><span style=\"font-weight: 400\">La chiesa di <\/span><b>Sant'Antonio Abate<\/b><span style=\"font-weight: 400\">, costruita con pietra vulcanica in diverse fasi fra il Trecento e il Quattrocento, sorge su un precedente impianto romanico, testimonianza di un'importante evoluzione architettonica.\u00a0<\/span><\/p>\n<p><span style=\"font-weight: 400\">All'interno della chiesa, sono conservati i preziosi resti dell'antica pavimentazione in piastrelle di maiolica, conosciute come azulejos, risalenti al XV secolo.\u00a0<\/span><\/p>\n<p><span style=\"font-weight: 400\">Inoltre, la chiesa ospita un notevole ciclo pittorico risalente al XIV secolo. Questi preziosi affreschi non solo testimoniano l'abilit\u00e0 artistica dell'epoca, ma anche la devozione verso il santo a cui \u00e8 dedicata la chiesa. L'atmosfera che si respira all'interno di questa struttura sacra \u00e8 intrisa di storia e spiritualit\u00e0, offrendo ai visitatori un viaggio nel tempo attraverso l'arte e la fede.<\/span><\/p>\n<p><span style=\"font-weight: 400\">La presenza della<\/span> <span style=\"font-weight: 400\">torre pisana aggiunge ulteriore fascino al complesso architettonico. Questa imponente struttura difensiva, risalente al periodo medievale, si erge fieramente, raccontando storie di antiche battaglie e di un'epoca in cui la difesa del territorio rappresentava una priorit\u00e0. La sua architettura imponente rappresenta un connubio affascinante tra funzionalit\u00e0 difensiva e estetica architettonica.<\/span><\/p>\n<p><span style=\"font-weight: 400\">Le caratteristiche casettine adiacenti, che in passato fungevano da ospedale, arricchiscono il contesto del quartiere. Queste modeste strutture, risalenti al periodo che va dal XIV al XVIII secolo, testimoniano l'impegno della comunit\u00e0 nel fornire assistenza e cura ai bisognosi. Esse rappresentano una testimonianza di architettura popolare, rivelando un approccio attento alla costruzione di spazi accoglienti e funzionali in un contesto storico specifico.<\/span><\/p>\n<p><span style=\"font-weight: 400\">Inoltre, il mese di gennaio assume un significato speciale in questo quartiere, poich\u00e9 \u00e8 il periodo in cui viene organizzato un imponente fuoco in onore di Sant'Antonio. Questa festa, radicata nelle tradizioni locali offre ai residenti e ai visitatori l'opportunit\u00e0 di condividere momenti di gioia e devozione.<\/span><\/p>\n<p><span style=\"font-weight: 400\">In conclusione, questo quartiere \u00e8 un tesoro di storie, arte e tradizioni, svolge il ruolo di custode di questo ricco patrimonio culturale, invitando chiunque a immergersi nella sua affascinante narrazione.<\/span><\/p>\n<p>&nbsp;<\/p>\n<p><span style=\"font-weight: 400\">Bibliografia<\/span><\/p>\n<p><span style=\"font-weight: 400\">Michele Carta, Alma Casula, Alfredo Ingegno, Il centro storico di Orosei : storia, urbanistica, architettura e opere d'arte, Viterbo, Betagamma, 2001.<\/span><\/p>\n<\/div>\n<\/div><\/div><\/div><\/div><\/div><\/div><div id=\"pg-993-3\"  class=\"panel-grid panel-has-style\" ><div class=\"row grid-x panel-row-style panel-row-style-for-993-3\" ><div id=\"pgc-993-3-0\"  class=\"panel-grid-cell cell columns small-12 medium-12\" ><div id=\"panel-993-3-0-0\" class=\"so-panel widget widget_sow-image panel-first-child\" data-index=\"6\" ><div style=\";background-repeat:repeat;\" class=\"panel-widget-style panel-widget-style-for-993-3-0-0\" ><div\n\t\t\t\n\t\t\tclass=\"so-widget-sow-image so-widget-sow-image-default-8b5b6f678277-993\"\n\t\t\t\n\t\t>\n\n<div class=\"sow-image-container\">\n\t\t<img loading=\"lazy\" decoding=\"async\" src=\"https:\/\/www.diocesidinuoro.it\/percorsidigrazia\/wp-content\/uploads\/sites\/17\/2023\/10\/Cattura-150x150.png\" width=\"30\" height=\"100\" sizes=\"(max-width: 30px) 100vw, 30px\" alt=\"\" \t\tclass=\"so-widget-image\"\/>\n\t<\/div>\n\n<\/div><\/div><\/div><div id=\"panel-993-3-0-1\" class=\"so-panel widget widget_sow-image panel-last-child\" data-index=\"7\" ><div style=\";background-repeat:repeat;\" class=\"panel-widget-style panel-widget-style-for-993-3-0-1\" ><div\n\t\t\t\n\t\t\tclass=\"so-widget-sow-image so-widget-sow-image-default-8b5b6f678277-993\"\n\t\t\t\n\t\t>\n\n<div class=\"sow-image-container\">\n\t\t<img loading=\"lazy\" decoding=\"async\" src=\"https:\/\/www.diocesidinuoro.it\/percorsidigrazia\/wp-content\/uploads\/sites\/17\/2023\/10\/Cattura-150x150.png\" width=\"30\" height=\"100\" sizes=\"(max-width: 30px) 100vw, 30px\" alt=\"\" \t\tclass=\"so-widget-image\"\/>\n\t<\/div>\n\n<\/div><\/div><\/div><\/div><\/div><\/div><\/div>","protected":false},"excerpt":{"rendered":"<p>Piazza Sant&#8217;Antonio Orosei Il quartiere di Sant&#8217;Antonio regala al visitatore un&#8217;affascinante prospettiva storico-architettonica, culminante nel suggestivo complesso di Sant&#8217;Antonio Abate. Questo ensemble comprende non solo la maestosa chiesa dedicata a Sant&#8217;Antonio Abate, ma anche una torre pisana che si erge con maestosit\u00e0, oltre a delle caratteristiche casettine che, nel corso dei secoli dal XIV al XVIII, hanno svolto la funzione di ospedale. Questo complesso \u00e8 &hellip; <a href=\"https:\/\/www.diocesidinuoro.it\/percorsidigrazia\/orosei\/piazza-santantonio\/\" class=\"more-link\">Continua a leggere <span class=\"screen-reader-text\"><\/span> <span class=\"meta-nav\">&raquo;<\/span><\/a><\/p>\n","protected":false},"author":0,"featured_media":0,"parent":966,"menu_order":0,"comment_status":"closed","ping_status":"closed","template":"","meta":{"_acf_changed":false,"ip_address":"","user_agent":"","level":"","revision":"","cookie_id":"","page_referer":"","html_form":"","footnotes":""},"acf":[],"_links":{"self":[{"href":"https:\/\/www.diocesidinuoro.it\/percorsidigrazia\/wp-json\/wp\/v2\/pages\/993"}],"collection":[{"href":"https:\/\/www.diocesidinuoro.it\/percorsidigrazia\/wp-json\/wp\/v2\/pages"}],"about":[{"href":"https:\/\/www.diocesidinuoro.it\/percorsidigrazia\/wp-json\/wp\/v2\/types\/page"}],"author":[{"embeddable":true,"href":"https:\/\/www.diocesidinuoro.it\/percorsidigrazia\/wp-json\/wp\/v2\/users\/14"}],"replies":[{"embeddable":true,"href":"https:\/\/www.diocesidinuoro.it\/percorsidigrazia\/wp-json\/wp\/v2\/comments?post=993"}],"version-history":[{"count":2,"href":"https:\/\/www.diocesidinuoro.it\/percorsidigrazia\/wp-json\/wp\/v2\/pages\/993\/revisions"}],"predecessor-version":[{"id":995,"href":"https:\/\/www.diocesidinuoro.it\/percorsidigrazia\/wp-json\/wp\/v2\/pages\/993\/revisions\/995"}],"up":[{"embeddable":true,"href":"https:\/\/www.diocesidinuoro.it\/percorsidigrazia\/wp-json\/wp\/v2\/pages\/966"}],"wp:attachment":[{"href":"https:\/\/www.diocesidinuoro.it\/percorsidigrazia\/wp-json\/wp\/v2\/media?parent=993"}],"curies":[{"name":"wp","href":"https:\/\/api.w.org\/{rel}","templated":true}]}}